{"id":10016,"date":"2025-01-06T07:04:16","date_gmt":"2025-01-06T07:04:16","guid":{"rendered":"https:\/\/parashopnarimel.com\/?post_type=product&#038;p=10016"},"modified":"2025-02-03T23:09:58","modified_gmt":"2025-02-03T23:09:58","slug":"acm-duolys-a-serum-intensif-anti-age-30ml","status":"publish","type":"product","link":"https:\/\/parashopnarimel.com\/ar\/product\/acm-duolys-a-serum-intensif-anti-age-30ml\/","title":{"rendered":"ACM Duolys.A Serum Intensif Anti-Age 30ml"},"content":{"rendered":"<p>Repoussez les marques du temps gr\u00e2ce au s\u00e9rum anti-\u00e2ge multi-actions Duolys A.<br \/>\nAvec seulement 10 ingr\u00e9dients et son association unique et synergique de R\u00e9tinol et Tocopheryl retinoate, Duolys.A am\u00e9liore les principaux signes de vieillissement cutan\u00e9 : rides, d\u00e9fauts cutan\u00e9s, texture de la peau, sans jamais l\u2019irriter tout en la prot\u00e9geant des m\u00e9faits du stress oxydatif.<br \/>\nSa gal\u00e9nique exceptionnelle entre huile et s\u00e9rum p\u00e9n\u00e8tre instantan\u00e9ment dans la peau sans laisser de sensation collante. Ultra l\u00e9g\u00e8re, sa texture sensorielle rend la peau soyeuse douce, comme velout\u00e9e. La routine anti-\u00e2ge devient un moment de plaisir.<br \/>\nJour apr\u00e8s jour, la peau para\u00eet plus ferme et le teint plus \u00e9clatant. Le grain de peau est affin\u00e9. Les rides sont moins visibles et les d\u00e9fauts cutan\u00e9s sont att\u00e9nu\u00e9s.<br \/>\n98% d\u2019ingr\u00e9dients d\u2019origine naturelle<br \/>\nConseils d\u2019utilisation<br \/>\nAppliquer, de pr\u00e9f\u00e9rence le soir, sur une peau pr\u00e9alablement nettoy\u00e9e, une petite quantit\u00e9 de Duolys.A sur le visage, le cou et le d\u00e9collet\u00e9.<br \/>\n\u00c9viter le contact avec les yeux. Pour un r\u00e9sultat optimal, s\u2019utilise en cure de 3 mois renouvelable. Peut s\u2019utiliser en association avec Duolys.CE ou en relais des actes esth\u00e9tiques.<br \/>\nEn cas de picotements, espacer les applications. Ne pas appliquer chez la femme enceinte ou d\u00e9sirant tomber enceinte. Limiter les expositions solaires et utiliser un produit solaire adapt\u00e9. Le produit doit \u00eatre stock\u00e9 \u00e0 une temp\u00e9rature inf\u00e9rieure \u00e0 25\u00b0C.<\/p>","protected":false},"excerpt":{"rendered":"<p>Repoussez les marques du temps gr\u00e2ce au s\u00e9rum anti-\u00e2ge multi-actions Duolys A. Avec seulement 10 ingr\u00e9dients et son association unique<\/p>","protected":false},"featured_media":10051,"comment_status":"open","ping_status":"closed","template":"","meta":[],"product_brand":[],"product_cat":[96,2906],"product_tag":[],"class_list":{"0":"post-10016","1":"product","2":"type-product","3":"status-publish","4":"has-post-thumbnail","6":"product_cat-non-classe","7":"product_cat-serums","9":"first","10":"instock","11":"shipping-taxable","12":"purchasable","13":"product-type-simple"},"_links":{"self":[{"href":"https:\/\/parashopnarimel.com\/ar\/wp-json\/wp\/v2\/product\/10016","targetHints":{"allow":["GET"]}}],"collection":[{"href":"https:\/\/parashopnarimel.com\/ar\/wp-json\/wp\/v2\/product"}],"about":[{"href":"https:\/\/parashopnarimel.com\/ar\/wp-json\/wp\/v2\/types\/product"}],"replies":[{"embeddable":true,"href":"https:\/\/parashopnarimel.com\/ar\/wp-json\/wp\/v2\/comments?post=10016"}],"version-history":[{"count":2,"href":"https:\/\/parashopnarimel.com\/ar\/wp-json\/wp\/v2\/product\/10016\/revisions"}],"predecessor-version":[{"id":12561,"href":"https:\/\/parashopnarimel.com\/ar\/wp-json\/wp\/v2\/product\/10016\/revisions\/12561"}],"wp:featuredmedia":[{"embeddable":true,"href":"https:\/\/parashopnarimel.com\/ar\/wp-json\/wp\/v2\/media\/10051"}],"wp:attachment":[{"href":"https:\/\/parashopnarimel.com\/ar\/wp-json\/wp\/v2\/media?parent=10016"}],"wp:term":[{"taxonomy":"product_brand","embeddable":true,"href":"https:\/\/parashopnarimel.com\/ar\/wp-json\/wp\/v2\/product_brand?post=10016"},{"taxonomy":"product_cat","embeddable":true,"href":"https:\/\/parashopnarimel.com\/ar\/wp-json\/wp\/v2\/product_cat?post=10016"},{"taxonomy":"product_tag","embeddable":true,"href":"https:\/\/parashopnarimel.com\/ar\/wp-json\/wp\/v2\/product_tag?post=10016"}],"curies":[{"name":"wp","href":"https:\/\/api.w.org\/{rel}","templated":true}]}}