{"id":10023,"date":"2025-01-06T07:04:16","date_gmt":"2025-01-06T07:04:16","guid":{"rendered":"https:\/\/parashopnarimel.com\/?post_type=product&#038;p=10023"},"modified":"2025-01-31T10:50:58","modified_gmt":"2025-01-31T10:50:58","slug":"nuxe-bio-lait-veloute-moyenne-protection-spf-20-visage-et-corps-150ml","status":"publish","type":"product","link":"https:\/\/parashopnarimel.com\/ar\/product\/nuxe-bio-lait-veloute-moyenne-protection-spf-20-visage-et-corps-150ml\/","title":{"rendered":"Nuxe Bio Lait Velout\u00e9 Moyenne Protection SPF 20 \u2013 Visage et Corps 150ml"},"content":{"rendered":"<p>La Protection Solaire Moyenne Nuxe Bio Beaut\u00e9 SPF 20 Bio Beaut\u00e9 by Nuxe\u00a0 assure une protection moyenne de la peau m\u00eame sensible du visage\u00a0&amp; du corps expos\u00e9e \u00e0 un ensoleillement normal.\u00a0 Elle assure une large protection contre les rayons UVA et UVB, d\u00e8s la premi\u00e8re application, gr\u00e2ce \u00e0 ses filtres 100 % min\u00e9raux. Enrichie en Huile de Chaulmoogra, la Protection Solaire Moyenne Nuxe Bio Beaut\u00e9 SPF 20 permet un bronzage uniforme et optimise sa tenue. Sa texture velout\u00e9e aux douces notes ensoleill\u00e9es (accords Coco et Fleur de Tiar\u00e9) s\u2019applique facilement.<\/p>\n<p><strong>Conseils d\u2019utilisation :<\/strong><\/p>\n<p>Avant l\u2019exposition au soleil appliquez la Protection Solaire Moyenne Nuxe Bio Beaut\u00e9 SPF 20 de fa\u00e7on homog\u00e8ne et g\u00e9n\u00e9reuse sur l\u2019ensemble du visage et du corps.<br \/>\nRenouvelez fr\u00e9quemment l\u2019application pour maintenir la protection surtout apr\u00e8s avoir nag\u00e9, transpir\u00e9 ou s\u2019\u00eatre essuy\u00e9.<br \/>\nSi vous n\u2019appliquez pas suffisamment de produit le niveau de protection solaire sera consid\u00e9rablement r\u00e9duit.<\/p>","protected":false},"excerpt":{"rendered":"<p>Nuxe Bio Lait Velout\u00e9 Moyenne Protection SPF 20 \u2013 Visage et Corps<\/p>","protected":false},"featured_media":10084,"comment_status":"open","ping_status":"closed","template":"","meta":[],"product_brand":[],"product_cat":[96,2911,147,2886],"product_tag":[2649],"class_list":{"0":"post-10023","1":"product","2":"type-product","3":"status-publish","4":"has-post-thumbnail","6":"product_cat-non-classe","7":"product_cat-creme-corps","8":"product_cat-protection-solaire-visage","9":"product_cat-soins-corps","10":"product_tag-pour-visage-et-corpsprotection-solaire","12":"first","13":"instock","14":"shipping-taxable","15":"purchasable","16":"product-type-simple"},"_links":{"self":[{"href":"https:\/\/parashopnarimel.com\/ar\/wp-json\/wp\/v2\/product\/10023","targetHints":{"allow":["GET"]}}],"collection":[{"href":"https:\/\/parashopnarimel.com\/ar\/wp-json\/wp\/v2\/product"}],"about":[{"href":"https:\/\/parashopnarimel.com\/ar\/wp-json\/wp\/v2\/types\/product"}],"replies":[{"embeddable":true,"href":"https:\/\/parashopnarimel.com\/ar\/wp-json\/wp\/v2\/comments?post=10023"}],"version-history":[{"count":3,"href":"https:\/\/parashopnarimel.com\/ar\/wp-json\/wp\/v2\/product\/10023\/revisions"}],"predecessor-version":[{"id":12430,"href":"https:\/\/parashopnarimel.com\/ar\/wp-json\/wp\/v2\/product\/10023\/revisions\/12430"}],"wp:featuredmedia":[{"embeddable":true,"href":"https:\/\/parashopnarimel.com\/ar\/wp-json\/wp\/v2\/media\/10084"}],"wp:attachment":[{"href":"https:\/\/parashopnarimel.com\/ar\/wp-json\/wp\/v2\/media?parent=10023"}],"wp:term":[{"taxonomy":"product_brand","embeddable":true,"href":"https:\/\/parashopnarimel.com\/ar\/wp-json\/wp\/v2\/product_brand?post=10023"},{"taxonomy":"product_cat","embeddable":true,"href":"https:\/\/parashopnarimel.com\/ar\/wp-json\/wp\/v2\/product_cat?post=10023"},{"taxonomy":"product_tag","embeddable":true,"href":"https:\/\/parashopnarimel.com\/ar\/wp-json\/wp\/v2\/product_tag?post=10023"}],"curies":[{"name":"wp","href":"https:\/\/api.w.org\/{rel}","templated":true}]}}