{"id":10059,"date":"2025-01-06T07:04:40","date_gmt":"2025-01-06T07:04:40","guid":{"rendered":"https:\/\/parashopnarimel.com\/?post_type=product&#038;p=10059"},"modified":"2025-01-31T10:47:48","modified_gmt":"2025-01-31T10:47:48","slug":"bio-beaute-by-nuxe-gelee-exfoliante-et-tonifiante-150ml","status":"publish","type":"product","link":"https:\/\/parashopnarimel.com\/ar\/product\/bio-beaute-by-nuxe-gelee-exfoliante-et-tonifiante-150ml\/","title":{"rendered":"Bio Beaut\u00e9 by Nuxe Gel\u00e9e Exfoliante et Tonifiante 150ml"},"content":{"rendered":"<p>Bio Beaut\u00e9 by Nuxe Gel\u00e9e Exfoliante et Tonifiante 150ml<br \/>\nSoin douche gommant corps,\u00a0\u00e0 l\u2019extrait de c\u00e9drat corse certifi\u00e9 bio et huile v\u00e9g\u00e9tale pour \u00e9liminer les impuret\u00e9s et peaux mortes . Produit pour tous types de peaux.<br \/>\nLa gel\u00e9e affine et lisse le grain de peau, tonifie instantan\u00e9ment pour une peau douce, soyeuse comme neuve. Cette gel\u00e9e exfoliante et tonifiante diffuse \u00e9galement un agr\u00e9able parfum frais pour un v\u00e9ritable moment de plaisir sous la douche. Sa texture ultra-confort \u00ab\u00a0gel-huile\u00a0\u00bb 3 temps unique peut s\u2019appliquer sur peau humide ou sur peau s\u00e8che. La gel\u00e9e exfoliante et tonifiante c\u00e9drat de Bio Beaut\u00e9 by Nuxe laisse ainsi la peau douce, lisse et hydrat\u00e9e. Sans paraben.<br \/>\nConseils d\u2019utilisation<br \/>\nAppliquer sur le corps 1 \u00e0 2 fois par semaine :<br \/>\n\u2013 soit sur peau humide pour un geste rapide sous la douche. Masser puis rincer \u00e0 l\u2019eau.<br \/>\n\u2013 soit sur peau s\u00e8che pour b\u00e9n\u00e9ficier de l\u2019efficacit\u00e9 de sa texture ultra-confort 3 temps (Gel \u00e0 l\u2019application, huile au massage, Lait au rin\u00e7age \u00e0 l\u2019eau).<\/p>","protected":false},"excerpt":{"rendered":"<p>Bio Beaut\u00e9 by Nuxe Gel\u00e9e Exfoliante et Tonifiante<br \/>\nSoin douche gommant corps<\/p>","protected":false},"featured_media":10088,"comment_status":"open","ping_status":"closed","template":"","meta":[],"product_brand":[],"product_cat":[2913,2912,2886],"product_tag":[2651],"class_list":{"0":"post-10059","1":"product","2":"type-product","3":"status-publish","4":"has-post-thumbnail","6":"product_cat-gommage-et-peeling-soins-corps","7":"product_cat-nettoyant-corps","8":"product_cat-soins-corps","9":"product_tag-tous-types-de-peaux","11":"first","12":"instock","13":"shipping-taxable","14":"purchasable","15":"product-type-simple"},"_links":{"self":[{"href":"https:\/\/parashopnarimel.com\/ar\/wp-json\/wp\/v2\/product\/10059","targetHints":{"allow":["GET"]}}],"collection":[{"href":"https:\/\/parashopnarimel.com\/ar\/wp-json\/wp\/v2\/product"}],"about":[{"href":"https:\/\/parashopnarimel.com\/ar\/wp-json\/wp\/v2\/types\/product"}],"replies":[{"embeddable":true,"href":"https:\/\/parashopnarimel.com\/ar\/wp-json\/wp\/v2\/comments?post=10059"}],"version-history":[{"count":2,"href":"https:\/\/parashopnarimel.com\/ar\/wp-json\/wp\/v2\/product\/10059\/revisions"}],"predecessor-version":[{"id":12428,"href":"https:\/\/parashopnarimel.com\/ar\/wp-json\/wp\/v2\/product\/10059\/revisions\/12428"}],"wp:featuredmedia":[{"embeddable":true,"href":"https:\/\/parashopnarimel.com\/ar\/wp-json\/wp\/v2\/media\/10088"}],"wp:attachment":[{"href":"https:\/\/parashopnarimel.com\/ar\/wp-json\/wp\/v2\/media?parent=10059"}],"wp:term":[{"taxonomy":"product_brand","embeddable":true,"href":"https:\/\/parashopnarimel.com\/ar\/wp-json\/wp\/v2\/product_brand?post=10059"},{"taxonomy":"product_cat","embeddable":true,"href":"https:\/\/parashopnarimel.com\/ar\/wp-json\/wp\/v2\/product_cat?post=10059"},{"taxonomy":"product_tag","embeddable":true,"href":"https:\/\/parashopnarimel.com\/ar\/wp-json\/wp\/v2\/product_tag?post=10059"}],"curies":[{"name":"wp","href":"https:\/\/api.w.org\/{rel}","templated":true}]}}