{"id":1018,"date":"2024-12-29T06:20:41","date_gmt":"2024-12-29T06:20:41","guid":{"rendered":"https:\/\/parashopnarimel.com\/?post_type=product&#038;p=1018"},"modified":"2025-01-19T10:47:23","modified_gmt":"2025-01-19T10:47:23","slug":"skin1004-madagascar-centella-probio-cica-intensive-ampoule-95-ml","status":"publish","type":"product","link":"https:\/\/parashopnarimel.com\/ar\/product\/skin1004-madagascar-centella-probio-cica-intensive-ampoule-95-ml\/","title":{"rendered":"SKIN1004 Madagascar Centella Probio-Cica Intensive Ampoule, 95 ml"},"content":{"rendered":"<p>S\u00e9rum tout-en-un<br \/>\nLe\u00a0Madagascar Centella Probio-Cica Intensive Ampoule\u00a0de\u00a0SKIN1004\u00a0est une ampoule hautement concentr\u00e9e, exploitant les bienfaits de la centella asiatica pour une r\u00e9g\u00e9n\u00e9ration intense de la peau, tout en offrant des propri\u00e9t\u00e9s anti-\u00e2ge. Les extraits v\u00e9g\u00e9taux contenus dans ce s\u00e9rum hydratent la peau et \u00e9quilibrent la production de s\u00e9bum, r\u00e9duisant ainsi les impuret\u00e9s et l\u2019exc\u00e8s de s\u00e9bum sans irritation. De plus, il agit efficacement sur les taches pigmentaires et les ridules, redonnant \u00e0 votre teint \u00e9clat et vitalit\u00e9. Gr\u00e2ce \u00e0 sa formule innovante, ce s\u00e9rum p\u00e9n\u00e8tre en profondeur pour offrir \u00e0 votre peau une sensation de fra\u00eecheur durable.<br \/>\nCe s\u00e9rum convient \u00e9galement aux peaux sujettes \u00e0 l\u2019acn\u00e9<\/p>","protected":false},"excerpt":{"rendered":"<p>S\u00e9rum tout-en-un<br \/>\nLe\u00a0Madagascar Centella Probio-Cica Intensive Ampoule\u00a0de\u00a0SKIN1004\u00a0est une ampoule hautement concentr\u00e9e, exploitant les bienfaits de la centella asiatica pour une r\u00e9g\u00e9n\u00e9ration intense de la peau, tout en offrant des propri\u00e9t\u00e9s anti-\u00e2ge. Les extraits v\u00e9g\u00e9taux contenus dans ce s\u00e9rum hydratent la peau et \u00e9quilibrent la production de s\u00e9bum, r\u00e9duisant ainsi les impuret\u00e9s et l\u2019exc\u00e8s de s\u00e9bum sans irritation. De plus, il agit efficacement sur les taches pigmentaires et les ridules, redonnant \u00e0 votre teint \u00e9clat et vitalit\u00e9. Gr\u00e2ce \u00e0 sa formule innovante, ce s\u00e9rum p\u00e9n\u00e8tre en profondeur pour offrir \u00e0 votre peau une sensation de fra\u00eecheur durable.<br \/>\nCe s\u00e9rum convient \u00e9galement aux peaux sujettes \u00e0 l\u2019acn\u00e9<\/p>","protected":false},"featured_media":1086,"comment_status":"open","ping_status":"closed","template":"","meta":[],"product_brand":[],"product_cat":[96,2906],"product_tag":[],"class_list":{"0":"post-1018","1":"product","2":"type-product","3":"status-publish","4":"has-post-thumbnail","6":"product_cat-non-classe","7":"product_cat-serums","9":"first","10":"instock","11":"shipping-taxable","12":"purchasable","13":"product-type-simple"},"_links":{"self":[{"href":"https:\/\/parashopnarimel.com\/ar\/wp-json\/wp\/v2\/product\/1018","targetHints":{"allow":["GET"]}}],"collection":[{"href":"https:\/\/parashopnarimel.com\/ar\/wp-json\/wp\/v2\/product"}],"about":[{"href":"https:\/\/parashopnarimel.com\/ar\/wp-json\/wp\/v2\/types\/product"}],"replies":[{"embeddable":true,"href":"https:\/\/parashopnarimel.com\/ar\/wp-json\/wp\/v2\/comments?post=1018"}],"version-history":[{"count":2,"href":"https:\/\/parashopnarimel.com\/ar\/wp-json\/wp\/v2\/product\/1018\/revisions"}],"predecessor-version":[{"id":11931,"href":"https:\/\/parashopnarimel.com\/ar\/wp-json\/wp\/v2\/product\/1018\/revisions\/11931"}],"wp:featuredmedia":[{"embeddable":true,"href":"https:\/\/parashopnarimel.com\/ar\/wp-json\/wp\/v2\/media\/1086"}],"wp:attachment":[{"href":"https:\/\/parashopnarimel.com\/ar\/wp-json\/wp\/v2\/media?parent=1018"}],"wp:term":[{"taxonomy":"product_brand","embeddable":true,"href":"https:\/\/parashopnarimel.com\/ar\/wp-json\/wp\/v2\/product_brand?post=1018"},{"taxonomy":"product_cat","embeddable":true,"href":"https:\/\/parashopnarimel.com\/ar\/wp-json\/wp\/v2\/product_cat?post=1018"},{"taxonomy":"product_tag","embeddable":true,"href":"https:\/\/parashopnarimel.com\/ar\/wp-json\/wp\/v2\/product_tag?post=1018"}],"curies":[{"name":"wp","href":"https:\/\/api.w.org\/{rel}","templated":true}]}}