{"id":1019,"date":"2024-12-29T06:20:41","date_gmt":"2024-12-29T06:20:41","guid":{"rendered":"https:\/\/parashopnarimel.com\/?post_type=product&#038;p=1019"},"modified":"2025-01-19T10:47:39","modified_gmt":"2025-01-19T10:47:39","slug":"madagascar-centella-probio-cica-enrich-cream-50-ml-skin1004","status":"publish","type":"product","link":"https:\/\/parashopnarimel.com\/ar\/product\/madagascar-centella-probio-cica-enrich-cream-50-ml-skin1004\/","title":{"rendered":"Madagascar Centella Probio-Cica Enrich Cream, 50 Ml , SKIN1004"},"content":{"rendered":"<p>Fabriqu\u00e9 avec de l\u2019herbe du tigre pure de Madagascar<br \/>\nCosm\u00e9tique fonctionnel illuminateur et anti-rides<br \/>\nTest d\u2019irritation cutan\u00e9e r\u00e9alis\u00e9<br \/>\nBarri\u00e8re cutan\u00e9e pour la peau<br \/>\nCentella Asiatica de Madagascar<\/p>\n<p>Cette cr\u00e8me r\u00e9paratrice intensive, \u00e0 base de Centella Asiatica ferment\u00e9e de Madagascar et de c\u00e9ramides, aide \u00e0 renforcer le pouvoir naturel de la peau \u00e0 r\u00e9parer la barri\u00e8re endommag\u00e9e.<\/p>","protected":false},"excerpt":{"rendered":"<p>Fabriqu\u00e9 avec de l\u2019herbe du tigre pure de Madagascar<br \/>\nCosm\u00e9tique fonctionnel illuminateur et anti-rides<br \/>\nTest d\u2019irritation cutan\u00e9e r\u00e9alis\u00e9<br \/>\nBarri\u00e8re cutan\u00e9e pour la peau<br \/>\nCentella Asiatica de Madagascar<\/p>\n<p>Cette cr\u00e8me r\u00e9paratrice intensive, \u00e0 base de Centella Asiatica ferment\u00e9e de Madagascar et de c\u00e9ramides, aide \u00e0 renforcer le pouvoir naturel de la peau \u00e0 r\u00e9parer la barri\u00e8re endommag\u00e9e.<\/p>","protected":false},"featured_media":1088,"comment_status":"open","ping_status":"closed","template":"","meta":[],"product_brand":[],"product_cat":[96,29],"product_tag":[],"class_list":{"0":"post-1019","1":"product","2":"type-product","3":"status-publish","4":"has-post-thumbnail","6":"product_cat-non-classe","7":"product_cat-creme","9":"first","10":"instock","11":"shipping-taxable","12":"purchasable","13":"product-type-simple"},"_links":{"self":[{"href":"https:\/\/parashopnarimel.com\/ar\/wp-json\/wp\/v2\/product\/1019","targetHints":{"allow":["GET"]}}],"collection":[{"href":"https:\/\/parashopnarimel.com\/ar\/wp-json\/wp\/v2\/product"}],"about":[{"href":"https:\/\/parashopnarimel.com\/ar\/wp-json\/wp\/v2\/types\/product"}],"replies":[{"embeddable":true,"href":"https:\/\/parashopnarimel.com\/ar\/wp-json\/wp\/v2\/comments?post=1019"}],"version-history":[{"count":1,"href":"https:\/\/parashopnarimel.com\/ar\/wp-json\/wp\/v2\/product\/1019\/revisions"}],"predecessor-version":[{"id":1089,"href":"https:\/\/parashopnarimel.com\/ar\/wp-json\/wp\/v2\/product\/1019\/revisions\/1089"}],"wp:featuredmedia":[{"embeddable":true,"href":"https:\/\/parashopnarimel.com\/ar\/wp-json\/wp\/v2\/media\/1088"}],"wp:attachment":[{"href":"https:\/\/parashopnarimel.com\/ar\/wp-json\/wp\/v2\/media?parent=1019"}],"wp:term":[{"taxonomy":"product_brand","embeddable":true,"href":"https:\/\/parashopnarimel.com\/ar\/wp-json\/wp\/v2\/product_brand?post=1019"},{"taxonomy":"product_cat","embeddable":true,"href":"https:\/\/parashopnarimel.com\/ar\/wp-json\/wp\/v2\/product_cat?post=1019"},{"taxonomy":"product_tag","embeddable":true,"href":"https:\/\/parashopnarimel.com\/ar\/wp-json\/wp\/v2\/product_tag?post=1019"}],"curies":[{"name":"wp","href":"https:\/\/api.w.org\/{rel}","templated":true}]}}