{"id":1020,"date":"2024-12-29T06:20:41","date_gmt":"2024-12-29T06:20:41","guid":{"rendered":"https:\/\/parashopnarimel.com\/?post_type=product&#038;p=1020"},"modified":"2025-01-19T10:51:18","modified_gmt":"2025-01-19T10:51:18","slug":"skin1004-madagascar-centella-quick-calming-pad-70-pcs","status":"publish","type":"product","link":"https:\/\/parashopnarimel.com\/ar\/product\/skin1004-madagascar-centella-quick-calming-pad-70-pcs\/","title":{"rendered":"SKIN1004 Madagascar Centella Quick Calming Pad 70 pcs"},"content":{"rendered":"<p>Le Skin1004 Madagascar Centella Quick Calming Pad permet de\u00a0compenser les \u00e9ventuels d\u00e9s\u00e9quilibres d\u2019hydratation de la peau et de l\u2019apaiser. Les pads de soins cutan\u00e9s tonifiants imbib\u00e9s d\u2019extrait de Centella Asiatica, \u00e9galement connue sous le nom d\u2019herbe du tigre, inondent litt\u00e9ralement la peau d\u2019humidit\u00e9 et\u00a0apaisent m\u00eame les zones de peau probl\u00e9matiques en un clin d\u2019\u0153il. En plus de son effet hydratant, l\u2019herbe du tigre convainc par ses propri\u00e9t\u00e9s r\u00e9g\u00e9n\u00e9rantes et fortifiantes. Gr\u00e2ce \u00e0 ses pr\u00e9cieux ingr\u00e9dients, la peau se r\u00e9jouit \u00e9galement et vous remercie par un\u00a0\u00e9clat sain sans formation de brillance ind\u00e9sirable. Chaque pot contient 70 dosettes.<\/p>","protected":false},"excerpt":{"rendered":"<p>Le Skin1004 Madagascar Centella Quick Calming Pad permet de\u00a0compenser les \u00e9ventuels d\u00e9s\u00e9quilibres d\u2019hydratation de la peau et de l\u2019apaiser. Les pads de soins cutan\u00e9s tonifiants imbib\u00e9s d\u2019extrait de Centella Asiatica, \u00e9galement connue sous le nom d\u2019herbe du tigre, inondent litt\u00e9ralement la peau d\u2019humidit\u00e9 et\u00a0apaisent m\u00eame les zones de peau probl\u00e9matiques en un clin d\u2019\u0153il. En plus de son effet hydratant, l\u2019herbe du tigre convainc par ses propri\u00e9t\u00e9s r\u00e9g\u00e9n\u00e9rantes et fortifiantes. Gr\u00e2ce \u00e0 ses pr\u00e9cieux ingr\u00e9dients, la peau se r\u00e9jouit \u00e9galement et vous remercie par un\u00a0\u00e9clat sain sans formation de brillance ind\u00e9sirable. Chaque pot contient 70 dosettes.<\/p>","protected":false},"featured_media":1090,"comment_status":"open","ping_status":"closed","template":"","meta":[],"product_brand":[],"product_cat":[96,2905],"product_tag":[],"class_list":{"0":"post-1020","1":"product","2":"type-product","3":"status-publish","4":"has-post-thumbnail","6":"product_cat-non-classe","7":"product_cat-lotion","9":"first","10":"instock","11":"shipping-taxable","12":"purchasable","13":"product-type-simple"},"_links":{"self":[{"href":"https:\/\/parashopnarimel.com\/ar\/wp-json\/wp\/v2\/product\/1020","targetHints":{"allow":["GET"]}}],"collection":[{"href":"https:\/\/parashopnarimel.com\/ar\/wp-json\/wp\/v2\/product"}],"about":[{"href":"https:\/\/parashopnarimel.com\/ar\/wp-json\/wp\/v2\/types\/product"}],"replies":[{"embeddable":true,"href":"https:\/\/parashopnarimel.com\/ar\/wp-json\/wp\/v2\/comments?post=1020"}],"version-history":[{"count":2,"href":"https:\/\/parashopnarimel.com\/ar\/wp-json\/wp\/v2\/product\/1020\/revisions"}],"predecessor-version":[{"id":11932,"href":"https:\/\/parashopnarimel.com\/ar\/wp-json\/wp\/v2\/product\/1020\/revisions\/11932"}],"wp:featuredmedia":[{"embeddable":true,"href":"https:\/\/parashopnarimel.com\/ar\/wp-json\/wp\/v2\/media\/1090"}],"wp:attachment":[{"href":"https:\/\/parashopnarimel.com\/ar\/wp-json\/wp\/v2\/media?parent=1020"}],"wp:term":[{"taxonomy":"product_brand","embeddable":true,"href":"https:\/\/parashopnarimel.com\/ar\/wp-json\/wp\/v2\/product_brand?post=1020"},{"taxonomy":"product_cat","embeddable":true,"href":"https:\/\/parashopnarimel.com\/ar\/wp-json\/wp\/v2\/product_cat?post=1020"},{"taxonomy":"product_tag","embeddable":true,"href":"https:\/\/parashopnarimel.com\/ar\/wp-json\/wp\/v2\/product_tag?post=1020"}],"curies":[{"name":"wp","href":"https:\/\/api.w.org\/{rel}","templated":true}]}}