{"id":1022,"date":"2024-12-29T06:20:41","date_gmt":"2024-12-29T06:20:41","guid":{"rendered":"https:\/\/parashopnarimel.com\/?post_type=product&#038;p=1022"},"modified":"2025-01-26T04:47:01","modified_gmt":"2025-01-26T04:47:01","slug":"skin1004-madagascar-centella-light-cleansing-oil-200-ml","status":"publish","type":"product","link":"https:\/\/parashopnarimel.com\/ar\/product\/skin1004-madagascar-centella-light-cleansing-oil-200-ml\/","title":{"rendered":"SKIN1004 Madagascar Centella Light Cleansing Oil 200 ml"},"content":{"rendered":"<p>D\u00e9maquillant pour le visage \u00e0 base d\u2019huile<br \/>\nMadagascar Centella Light Cleansing Oil\u00a0de\u00a0SKIN1004\u00a0poss\u00e8de certes une formule super l\u00e9g\u00e8re, mais parvient tout de m\u00eame \u00e0 dissoudre en profondeur toutes les salet\u00e9s ainsi que le maquillage. M\u00eame les cosm\u00e9tiques difficiles \u00e0 enlever, comme les produits solaires, le mascara ou le rouge \u00e0 l\u00e8vres, peuvent \u00eatre \u00e9limin\u00e9s tr\u00e8s facilement avec l\u2019huile nettoyante, sans irriter la peau. La formule douce \u00e0 l\u2019extrait d\u2019herbe du tigre hydrate en outre la peau et lui procure une sensation de calme et de fra\u00eecheur.<\/p>","protected":false},"excerpt":{"rendered":"<p>D\u00e9maquillant pour le visage \u00e0 base d\u2019huile<br \/>\nMadagascar Centella Light Cleansing Oil\u00a0de\u00a0SKIN1004\u00a0poss\u00e8de certes une formule super l\u00e9g\u00e8re, mais parvient tout de m\u00eame \u00e0 dissoudre en profondeur toutes les salet\u00e9s ainsi que le maquillage. M\u00eame les cosm\u00e9tiques difficiles \u00e0 enlever, comme les produits solaires, le mascara ou le rouge \u00e0 l\u00e8vres, peuvent \u00eatre \u00e9limin\u00e9s tr\u00e8s facilement avec l\u2019huile nettoyante, sans irriter la peau. La formule douce \u00e0 l\u2019extrait d\u2019herbe du tigre hydrate en outre la peau et lui procure une sensation de calme et de fra\u00eecheur.<\/p>","protected":false},"featured_media":1103,"comment_status":"open","ping_status":"closed","template":"","meta":[],"product_brand":[],"product_cat":[96,2905,22],"product_tag":[],"class_list":{"0":"post-1022","1":"product","2":"type-product","3":"status-publish","4":"has-post-thumbnail","6":"product_cat-non-classe","7":"product_cat-lotion","8":"product_cat-nettoyant","10":"first","11":"instock","12":"shipping-taxable","13":"purchasable","14":"product-type-simple"},"_links":{"self":[{"href":"https:\/\/parashopnarimel.com\/ar\/wp-json\/wp\/v2\/product\/1022","targetHints":{"allow":["GET"]}}],"collection":[{"href":"https:\/\/parashopnarimel.com\/ar\/wp-json\/wp\/v2\/product"}],"about":[{"href":"https:\/\/parashopnarimel.com\/ar\/wp-json\/wp\/v2\/types\/product"}],"replies":[{"embeddable":true,"href":"https:\/\/parashopnarimel.com\/ar\/wp-json\/wp\/v2\/comments?post=1022"}],"version-history":[{"count":1,"href":"https:\/\/parashopnarimel.com\/ar\/wp-json\/wp\/v2\/product\/1022\/revisions"}],"predecessor-version":[{"id":1104,"href":"https:\/\/parashopnarimel.com\/ar\/wp-json\/wp\/v2\/product\/1022\/revisions\/1104"}],"wp:featuredmedia":[{"embeddable":true,"href":"https:\/\/parashopnarimel.com\/ar\/wp-json\/wp\/v2\/media\/1103"}],"wp:attachment":[{"href":"https:\/\/parashopnarimel.com\/ar\/wp-json\/wp\/v2\/media?parent=1022"}],"wp:term":[{"taxonomy":"product_brand","embeddable":true,"href":"https:\/\/parashopnarimel.com\/ar\/wp-json\/wp\/v2\/product_brand?post=1022"},{"taxonomy":"product_cat","embeddable":true,"href":"https:\/\/parashopnarimel.com\/ar\/wp-json\/wp\/v2\/product_cat?post=1022"},{"taxonomy":"product_tag","embeddable":true,"href":"https:\/\/parashopnarimel.com\/ar\/wp-json\/wp\/v2\/product_tag?post=1022"}],"curies":[{"name":"wp","href":"https:\/\/api.w.org\/{rel}","templated":true}]}}