{"id":1023,"date":"2024-12-29T06:20:41","date_gmt":"2024-12-29T06:20:41","guid":{"rendered":"https:\/\/parashopnarimel.com\/?post_type=product&#038;p=1023"},"modified":"2025-01-19T10:52:02","modified_gmt":"2025-01-19T10:52:02","slug":"skin1004-centella-ampoule-foam-125ml","status":"publish","type":"product","link":"https:\/\/parashopnarimel.com\/ar\/product\/skin1004-centella-ampoule-foam-125ml\/","title":{"rendered":"SKIN1004 Centella  Ampoule Foam 125ml"},"content":{"rendered":"<p>Comment d\u00e9maquiller facilement la peau et la nettoyer en m\u00eame temps\u00a0? La mousse nettoyante cr\u00e9meuse SKIN1004 Madagascar Centella Ampoule Foam facilitera votre routine du soir. Elle d\u00e9barrasse la peau de toutes les impuret\u00e9s sans la dess\u00e9cher, l\u2019hydrate et favorise sa r\u00e9g\u00e9n\u00e9ration. Apr\u00e8s utilisation, le visage est magnifiquement doux, frais et pr\u00eat pour l\u2019\u00e9tape suivante de soin de la peau.<br \/>\nCaract\u00e9ristiques\u00a0:<\/p>\n<p>nettoie parfaitement la peau et \u00e9limine le maquillage<br \/>\nhydrate la peau et favorise sa r\u00e9g\u00e9n\u00e9ration<br \/>\napaise la peau du visage et la laisse douce<br \/>\nfavorise la production de collag\u00e8ne dans la peau<br \/>\nn\u2019ass\u00e8che pas la peau<\/p>\n<p>Ingr\u00e9dients\u00a0:<\/p>\n<p>extrait d\u2019herbe du tigre\u00a0\u2013\u00a0favorise la r\u00e9g\u00e9n\u00e9ration de la peau<br \/>\nproduit v\u00e9gan\u00a0\u2013\u00a0sans ingr\u00e9dients d\u2019origine animale<\/p>","protected":false},"excerpt":{"rendered":"<p>Comment d\u00e9maquiller facilement la peau et la nettoyer en m\u00eame temps\u00a0? La mousse nettoyante cr\u00e9meuse SKIN1004 Madagascar Centella Ampoule Foam facilitera votre routine du soir. Elle d\u00e9barrasse la peau de toutes les impuret\u00e9s sans la dess\u00e9cher, l\u2019hydrate et favorise sa r\u00e9g\u00e9n\u00e9ration. Apr\u00e8s utilisation, le visage est magnifiquement doux, frais et pr\u00eat pour l\u2019\u00e9tape suivante de soin de la peau.<br \/>\nCaract\u00e9ristiques\u00a0:<\/p>\n<p>nettoie parfaitement la peau et \u00e9limine le maquillage<br \/>\nhydrate la peau et favorise sa r\u00e9g\u00e9n\u00e9ration<br \/>\napaise la peau du visage et la laisse douce<br \/>\nfavorise la production de collag\u00e8ne dans la peau<br \/>\nn\u2019ass\u00e8che pas la peau<\/p>\n<p>Ingr\u00e9dients\u00a0:<\/p>\n<p>extrait d\u2019herbe du tigre\u00a0\u2013\u00a0favorise la r\u00e9g\u00e9n\u00e9ration de la peau<br \/>\nproduit v\u00e9gan\u00a0\u2013\u00a0sans ingr\u00e9dients d\u2019origine animale<\/p>","protected":false},"featured_media":1105,"comment_status":"open","ping_status":"closed","template":"","meta":[],"product_brand":[],"product_cat":[96,22],"product_tag":[],"class_list":{"0":"post-1023","1":"product","2":"type-product","3":"status-publish","4":"has-post-thumbnail","6":"product_cat-non-classe","7":"product_cat-nettoyant","9":"first","10":"instock","11":"shipping-taxable","12":"purchasable","13":"product-type-simple"},"_links":{"self":[{"href":"https:\/\/parashopnarimel.com\/ar\/wp-json\/wp\/v2\/product\/1023","targetHints":{"allow":["GET"]}}],"collection":[{"href":"https:\/\/parashopnarimel.com\/ar\/wp-json\/wp\/v2\/product"}],"about":[{"href":"https:\/\/parashopnarimel.com\/ar\/wp-json\/wp\/v2\/types\/product"}],"replies":[{"embeddable":true,"href":"https:\/\/parashopnarimel.com\/ar\/wp-json\/wp\/v2\/comments?post=1023"}],"version-history":[{"count":1,"href":"https:\/\/parashopnarimel.com\/ar\/wp-json\/wp\/v2\/product\/1023\/revisions"}],"predecessor-version":[{"id":1106,"href":"https:\/\/parashopnarimel.com\/ar\/wp-json\/wp\/v2\/product\/1023\/revisions\/1106"}],"wp:featuredmedia":[{"embeddable":true,"href":"https:\/\/parashopnarimel.com\/ar\/wp-json\/wp\/v2\/media\/1105"}],"wp:attachment":[{"href":"https:\/\/parashopnarimel.com\/ar\/wp-json\/wp\/v2\/media?parent=1023"}],"wp:term":[{"taxonomy":"product_brand","embeddable":true,"href":"https:\/\/parashopnarimel.com\/ar\/wp-json\/wp\/v2\/product_brand?post=1023"},{"taxonomy":"product_cat","embeddable":true,"href":"https:\/\/parashopnarimel.com\/ar\/wp-json\/wp\/v2\/product_cat?post=1023"},{"taxonomy":"product_tag","embeddable":true,"href":"https:\/\/parashopnarimel.com\/ar\/wp-json\/wp\/v2\/product_tag?post=1023"}],"curies":[{"name":"wp","href":"https:\/\/api.w.org\/{rel}","templated":true}]}}