{"id":10276,"date":"2025-01-06T07:06:52","date_gmt":"2025-01-06T07:06:52","guid":{"rendered":"https:\/\/parashopnarimel.com\/?post_type=product&#038;p=10276"},"modified":"2025-01-19T09:42:38","modified_gmt":"2025-01-19T09:42:38","slug":"luxeol-levure-de-biere-revivifiable-90-gelules","status":"publish","type":"product","link":"https:\/\/parashopnarimel.com\/ar\/product\/luxeol-levure-de-biere-revivifiable-90-gelules\/","title":{"rendered":"Lux\u00e9ol Levure de Bi\u00e8re Revivifiable 90 g\u00e9lules"},"content":{"rendered":"<p>Lux\u00e9ol Levure de Bi\u00e8re Revivifiable 90 g\u00e9lules<\/p>\n<p>La\u00a0Laboratoires LUXEL\u00a0proposent la\u00a0Levure de Bi\u00e8re revivifiable, un compl\u00e9ment alimentaire \u00e0 base de levure de bi\u00e8re revivifiable, vitamine B3, vitamine B8, s\u00e9l\u00e9nium et zinc.<br \/>\nLa vitamine B8, le s\u00e9l\u00e9nium et le zinc contribuent au\u00a0maintien de cheveux normaux.<br \/>\nLes vitamines B3 et B8 et le zinc contribuent au\u00a0maintien d\u2019une peau normale.<br \/>\nLe s\u00e9l\u00e9nium et le zinc contribuent au\u00a0maintien des ongles normaux.<br \/>\nConseils d\u2019utilisation<br \/>\nPrendre 3 g\u00e9lules par jour avec un grand verre d\u2019eau.<br \/>\nLes compl\u00e9ments alimentaires doivent \u00eatre utilis\u00e9s dans le cadre d\u2019un mode de vie sain et ne pas \u00eatre utilis\u00e9s comme substituts d\u2019un r\u00e9gime alimentaire vari\u00e9 et \u00e9quilibr\u00e9.<br \/>\nTenir hors de la port\u00e9e des jeunes enfants.<br \/>\nNe pas d\u00e9passer la dose journali\u00e8re recommand\u00e9e.<br \/>\nPour les femmes enceintes ou allaitantes, il est conseill\u00e9 de consulter un professionnel de sant\u00e9.<br \/>\nA conserver au frais, au sec et \u00e0 l\u2019abri de la lumi\u00e8re.<br \/>\nComposition<\/p>\n<p>\u00e0 base de levure de bi\u00e8re revivifiable, vitamine B3, vitamine B8, zinc et s\u00e9l\u00e9nium<br \/>\nListe des ingr\u00e9dients: Levure de bi\u00e8re revivifiable (Saccharomyces cerevisiae)(gluten) ; agent d\u2019enrobage : hydroypropylm\u00e9thylcellulose ; antiagglom\u00e9rant : sels de magn\u00e9sium d\u2019acides gras ; sulfate de zinc (zinc) ; nicotinamide (vitamine B3) ; s\u00e9l\u00e9nite de sodium (s\u00e9l\u00e9nium, sodium) ; D-biotine (vitamine B8).<br \/>\nInformations nutritionnelles :<br \/>\nQuantit\u00e9 pour 3 g\u00e9lules<\/p>\n<p>Levure de bi\u00e8re revivifiable: 1200 mg<br \/>\nVitamine B3 2,4 mg: (15%*)<br \/>\nZinc : 1,5 mg (15%*)<br \/>\nS\u00e9l\u00e9nium : 8,25 \u03bcg (15%*)<br \/>\nVitamine B8 : 7,5 \u03bcg (15%*)<\/p>\n<p>(*%AR : Apports de r\u00e9f\u00e9rence)<\/p>","protected":false},"excerpt":{"rendered":"<p>Lux\u00e9ol Levure de Bi\u00e8re Revivifiable 90 g\u00e9lules La\u00a0Laboratoires LUXEL\u00a0proposent la\u00a0Levure de Bi\u00e8re revivifiable, un compl\u00e9ment alimentaire \u00e0 base de levure<\/p>","protected":false},"featured_media":10309,"comment_status":"open","ping_status":"closed","template":"","meta":[],"product_brand":[],"product_cat":[33,2922,2890],"product_tag":[2737],"class_list":{"0":"post-10276","1":"product","2":"type-product","3":"status-publish","4":"has-post-thumbnail","6":"product_cat-cheveux","7":"product_cat-complements","8":"product_cat-complements-alimentaires","9":"product_tag-complementdes-onglespeausoin-des-cheveuxvitamine","11":"first","12":"instock","13":"shipping-taxable","14":"purchasable","15":"product-type-simple"},"_links":{"self":[{"href":"https:\/\/parashopnarimel.com\/ar\/wp-json\/wp\/v2\/product\/10276","targetHints":{"allow":["GET"]}}],"collection":[{"href":"https:\/\/parashopnarimel.com\/ar\/wp-json\/wp\/v2\/product"}],"about":[{"href":"https:\/\/parashopnarimel.com\/ar\/wp-json\/wp\/v2\/types\/product"}],"replies":[{"embeddable":true,"href":"https:\/\/parashopnarimel.com\/ar\/wp-json\/wp\/v2\/comments?post=10276"}],"version-history":[{"count":2,"href":"https:\/\/parashopnarimel.com\/ar\/wp-json\/wp\/v2\/product\/10276\/revisions"}],"predecessor-version":[{"id":11919,"href":"https:\/\/parashopnarimel.com\/ar\/wp-json\/wp\/v2\/product\/10276\/revisions\/11919"}],"wp:featuredmedia":[{"embeddable":true,"href":"https:\/\/parashopnarimel.com\/ar\/wp-json\/wp\/v2\/media\/10309"}],"wp:attachment":[{"href":"https:\/\/parashopnarimel.com\/ar\/wp-json\/wp\/v2\/media?parent=10276"}],"wp:term":[{"taxonomy":"product_brand","embeddable":true,"href":"https:\/\/parashopnarimel.com\/ar\/wp-json\/wp\/v2\/product_brand?post=10276"},{"taxonomy":"product_cat","embeddable":true,"href":"https:\/\/parashopnarimel.com\/ar\/wp-json\/wp\/v2\/product_cat?post=10276"},{"taxonomy":"product_tag","embeddable":true,"href":"https:\/\/parashopnarimel.com\/ar\/wp-json\/wp\/v2\/product_tag?post=10276"}],"curies":[{"name":"wp","href":"https:\/\/api.w.org\/{rel}","templated":true}]}}