{"id":10452,"date":"2025-01-06T07:07:51","date_gmt":"2025-01-06T07:07:51","guid":{"rendered":"https:\/\/parashopnarimel.com\/?post_type=product&#038;p=10452"},"modified":"2025-01-19T09:42:22","modified_gmt":"2025-01-19T09:42:22","slug":"acm-duolys-creme-contour-de-loeil-15ml","status":"publish","type":"product","link":"https:\/\/parashopnarimel.com\/ar\/product\/acm-duolys-creme-contour-de-loeil-15ml\/","title":{"rendered":"ACM Duolys Cr\u00e8me contour de l\u2019\u0153il 15ml"},"content":{"rendered":"<p>UN SOIN COMPLET QUI LISSE LES RIDES, ATT\u00c9NUE LES POCHES ET \u00c9CLAIRCIT LES CERNES.\u00a0TOUS TYPES DE PEAU.<br \/>\nLe contour des yeux est une zone particuli\u00e8rement sensible, facilement marqu\u00e9e par les stigmates de la fatigue ou de l\u2019\u00e2ge. Gr\u00e2ce \u00e0 une association d\u2019actifs -incluant de la vitamine C, de la vitamine E \u2013 et des peptides, le contour de l\u2019\u0153il est raffermi, le volume des poches diminue visiblement et la pigmentation des cernes est att\u00e9nu\u00e9e.<br \/>\nLa zone fragile du contour de l\u2019\u0153il est \u00e0 la fois prot\u00e9g\u00e9e et intens\u00e9ment hydrat\u00e9e. Les rides sont liss\u00e9es. Un effet fra\u00eecheur imm\u00e9diat d\u00e9froisse et d\u00e9congestionne le regard.<\/p>\n<p>TYPE DE PEAU: Tous types de peaux \u2013 Rides, ridules, cernes et poches<br \/>\nTEXTURE: Cr\u00e8me<br \/>\nQUAND: Matin et\/ou Soir<br \/>\nB\u00c9N\u00c9FICES: Lisse les rides, att\u00e9nues les poches et \u00e9claircit les cernes<\/p>","protected":false},"excerpt":{"rendered":"<p>UN SOIN COMPLET QUI LISSE LES RIDES, ATT\u00c9NUE LES POCHES ET \u00c9CLAIRCIT LES CERNES.\u00a0TOUS TYPES DE PEAU. Le contour des<\/p>","protected":false},"featured_media":10482,"comment_status":"open","ping_status":"closed","template":"","meta":[],"product_brand":[],"product_cat":[96,30],"product_tag":[],"class_list":{"0":"post-10452","1":"product","2":"type-product","3":"status-publish","4":"has-post-thumbnail","6":"product_cat-non-classe","7":"product_cat-soins-des-yeux","9":"first","10":"instock","11":"shipping-taxable","12":"purchasable","13":"product-type-simple"},"_links":{"self":[{"href":"https:\/\/parashopnarimel.com\/ar\/wp-json\/wp\/v2\/product\/10452","targetHints":{"allow":["GET"]}}],"collection":[{"href":"https:\/\/parashopnarimel.com\/ar\/wp-json\/wp\/v2\/product"}],"about":[{"href":"https:\/\/parashopnarimel.com\/ar\/wp-json\/wp\/v2\/types\/product"}],"replies":[{"embeddable":true,"href":"https:\/\/parashopnarimel.com\/ar\/wp-json\/wp\/v2\/comments?post=10452"}],"version-history":[{"count":2,"href":"https:\/\/parashopnarimel.com\/ar\/wp-json\/wp\/v2\/product\/10452\/revisions"}],"predecessor-version":[{"id":11922,"href":"https:\/\/parashopnarimel.com\/ar\/wp-json\/wp\/v2\/product\/10452\/revisions\/11922"}],"wp:featuredmedia":[{"embeddable":true,"href":"https:\/\/parashopnarimel.com\/ar\/wp-json\/wp\/v2\/media\/10482"}],"wp:attachment":[{"href":"https:\/\/parashopnarimel.com\/ar\/wp-json\/wp\/v2\/media?parent=10452"}],"wp:term":[{"taxonomy":"product_brand","embeddable":true,"href":"https:\/\/parashopnarimel.com\/ar\/wp-json\/wp\/v2\/product_brand?post=10452"},{"taxonomy":"product_cat","embeddable":true,"href":"https:\/\/parashopnarimel.com\/ar\/wp-json\/wp\/v2\/product_cat?post=10452"},{"taxonomy":"product_tag","embeddable":true,"href":"https:\/\/parashopnarimel.com\/ar\/wp-json\/wp\/v2\/product_tag?post=10452"}],"curies":[{"name":"wp","href":"https:\/\/api.w.org\/{rel}","templated":true}]}}