{"id":10529,"date":"2025-01-06T07:08:31","date_gmt":"2025-01-06T07:08:31","guid":{"rendered":"https:\/\/parashopnarimel.com\/?post_type=product&#038;p=10529"},"modified":"2025-01-31T10:30:54","modified_gmt":"2025-01-31T10:30:54","slug":"nuxe-body-gel-douche-fondant-200ml","status":"publish","type":"product","link":"https:\/\/parashopnarimel.com\/ar\/product\/nuxe-body-gel-douche-fondant-200ml\/","title":{"rendered":"Nuxe Body Gel Douche Fondant \u2013 200ml"},"content":{"rendered":"<p>Avec sa base lavante d\u2019origine v\u00e9g\u00e9tale, ce gel douche pour le corps, aux P\u00e9tales de Fleurs d\u2019Amandier et d\u2019Oranger, nettoie avec une infinie douceur. Soin essentiel quotidien, il va vous faire fondre de plaisir avec sa mousse fine et d\u00e9licatement parfum\u00e9e<\/p>\n<p><strong>Conseils d\u2019utilisation :<\/strong><\/p>\n<p>Utiliser le Gel Douche Fondant NUXE Body matin et \/ ou soir sur peau humide.<\/p>","protected":false},"excerpt":{"rendered":"<p>Nuxe Body Gel Douche Fondant<\/p>","protected":false},"featured_media":10563,"comment_status":"open","ping_status":"closed","template":"","meta":[],"product_brand":[],"product_cat":[2912,2886],"product_tag":[],"class_list":{"0":"post-10529","1":"product","2":"type-product","3":"status-publish","4":"has-post-thumbnail","6":"product_cat-nettoyant-corps","7":"product_cat-soins-corps","9":"first","10":"instock","11":"shipping-taxable","12":"purchasable","13":"product-type-simple"},"_links":{"self":[{"href":"https:\/\/parashopnarimel.com\/ar\/wp-json\/wp\/v2\/product\/10529","targetHints":{"allow":["GET"]}}],"collection":[{"href":"https:\/\/parashopnarimel.com\/ar\/wp-json\/wp\/v2\/product"}],"about":[{"href":"https:\/\/parashopnarimel.com\/ar\/wp-json\/wp\/v2\/types\/product"}],"replies":[{"embeddable":true,"href":"https:\/\/parashopnarimel.com\/ar\/wp-json\/wp\/v2\/comments?post=10529"}],"version-history":[{"count":3,"href":"https:\/\/parashopnarimel.com\/ar\/wp-json\/wp\/v2\/product\/10529\/revisions"}],"predecessor-version":[{"id":12427,"href":"https:\/\/parashopnarimel.com\/ar\/wp-json\/wp\/v2\/product\/10529\/revisions\/12427"}],"wp:featuredmedia":[{"embeddable":true,"href":"https:\/\/parashopnarimel.com\/ar\/wp-json\/wp\/v2\/media\/10563"}],"wp:attachment":[{"href":"https:\/\/parashopnarimel.com\/ar\/wp-json\/wp\/v2\/media?parent=10529"}],"wp:term":[{"taxonomy":"product_brand","embeddable":true,"href":"https:\/\/parashopnarimel.com\/ar\/wp-json\/wp\/v2\/product_brand?post=10529"},{"taxonomy":"product_cat","embeddable":true,"href":"https:\/\/parashopnarimel.com\/ar\/wp-json\/wp\/v2\/product_cat?post=10529"},{"taxonomy":"product_tag","embeddable":true,"href":"https:\/\/parashopnarimel.com\/ar\/wp-json\/wp\/v2\/product_tag?post=10529"}],"curies":[{"name":"wp","href":"https:\/\/api.w.org\/{rel}","templated":true}]}}