{"id":10594,"date":"2025-01-06T07:08:58","date_gmt":"2025-01-06T07:08:58","guid":{"rendered":"https:\/\/parashopnarimel.com\/?post_type=product&#038;p=10594"},"modified":"2025-02-02T20:08:15","modified_gmt":"2025-02-02T20:08:15","slug":"ok-pharma-royal-collagene-180-gelules","status":"publish","type":"product","link":"https:\/\/parashopnarimel.com\/ar\/product\/ok-pharma-royal-collagene-180-gelules\/","title":{"rendered":"Royal Collag\u00e8ne OK Pharma G\u00e9lules"},"content":{"rendered":"<p>Collag\u00e8ne + vitamines C aide \u00e0 :<\/p>\n<p>R\u00e9duire les ridules et les rides<br \/>\nAm\u00e9liorer la flexibilit\u00e9 support orthop\u00e9dique<br \/>\nRenforcer les couches d\u2019ongles faibles et endommag\u00e9es<br \/>\nRenforcer les cheveux, ralentir la chute des cheveux<br \/>\nAm\u00e9liorer la circulation sanguines<br \/>\nPromouvoir la production du glyc\u00e9rine<\/p>\n<p>Conseils d\u2019utilisation<\/p>\n<p>PRENDE 3 G\u00c9LULES PAR jour<\/p>\n<p>Ne pas d\u00e9passer la dose recommand\u00e9e<br \/>\nTenir hors de la port\u00e9e des enfants<br \/>\nLes compl\u00e9ments alimentaire ne remplace pas les m\u00e9dicaments ou une alimentation vari\u00e9e<\/p>\n<p>En cas de grossesse, d\u2019allaitement ou de probl\u00e8mes de sant\u00e9, veuillez consulter un m\u00e9decin<\/p>","protected":false},"excerpt":{"rendered":"<p>ROYAL COLLAGENE \u00a0+ VITAMINE C 180 G\u00c9LULES<\/p>\n<p>CURE DE 2 MOIS<\/p>","protected":false},"featured_media":10640,"comment_status":"open","ping_status":"closed","template":"","meta":[],"product_brand":[],"product_cat":[2890],"product_tag":[2790],"class_list":{"0":"post-10594","1":"product","2":"type-product","3":"status-publish","4":"has-post-thumbnail","6":"product_cat-complements-alimentaires","7":"product_tag-vitamine-c","9":"first","10":"instock","11":"sale","12":"shipping-taxable","13":"purchasable","14":"product-type-simple"},"_links":{"self":[{"href":"https:\/\/parashopnarimel.com\/ar\/wp-json\/wp\/v2\/product\/10594","targetHints":{"allow":["GET"]}}],"collection":[{"href":"https:\/\/parashopnarimel.com\/ar\/wp-json\/wp\/v2\/product"}],"about":[{"href":"https:\/\/parashopnarimel.com\/ar\/wp-json\/wp\/v2\/types\/product"}],"replies":[{"embeddable":true,"href":"https:\/\/parashopnarimel.com\/ar\/wp-json\/wp\/v2\/comments?post=10594"}],"version-history":[{"count":3,"href":"https:\/\/parashopnarimel.com\/ar\/wp-json\/wp\/v2\/product\/10594\/revisions"}],"predecessor-version":[{"id":12503,"href":"https:\/\/parashopnarimel.com\/ar\/wp-json\/wp\/v2\/product\/10594\/revisions\/12503"}],"wp:featuredmedia":[{"embeddable":true,"href":"https:\/\/parashopnarimel.com\/ar\/wp-json\/wp\/v2\/media\/10640"}],"wp:attachment":[{"href":"https:\/\/parashopnarimel.com\/ar\/wp-json\/wp\/v2\/media?parent=10594"}],"wp:term":[{"taxonomy":"product_brand","embeddable":true,"href":"https:\/\/parashopnarimel.com\/ar\/wp-json\/wp\/v2\/product_brand?post=10594"},{"taxonomy":"product_cat","embeddable":true,"href":"https:\/\/parashopnarimel.com\/ar\/wp-json\/wp\/v2\/product_cat?post=10594"},{"taxonomy":"product_tag","embeddable":true,"href":"https:\/\/parashopnarimel.com\/ar\/wp-json\/wp\/v2\/product_tag?post=10594"}],"curies":[{"name":"wp","href":"https:\/\/api.w.org\/{rel}","templated":true}]}}