{"id":1067,"date":"2024-12-29T06:21:28","date_gmt":"2024-12-29T06:21:28","guid":{"rendered":"https:\/\/parashopnarimel.com\/?post_type=product&#038;p=1067"},"modified":"2025-01-20T10:09:41","modified_gmt":"2025-01-20T10:09:41","slug":"eucerin-dermopure-gel-nettoyant-400-ml","status":"publish","type":"product","link":"https:\/\/parashopnarimel.com\/ar\/product\/eucerin-dermopure-gel-nettoyant-400-ml\/","title":{"rendered":"EUCERIN DERMOPURE GEL NETTOYANT 400 ML"},"content":{"rendered":"<p>Gel nettoyant DermoPure d\u2019Eucerin<br \/>\nPour la peau \u00e0 tendance acn\u00e9ique<br \/>\nSoin nettoyant visage non com\u00e9dog\u00e8ne contenant 6 % de Tensioactifs Amphot\u00e8res, il \u00e9limine efficacement et en douceur l\u2019exc\u00e8s de s\u00e9bum tout en \u00e9liminant les impuret\u00e9s et le maquillage. Il laisse la peau purifi\u00e9e, fra\u00eeche et souple.<\/p>","protected":false},"excerpt":{"rendered":"<p>Gel nettoyant DermoPure d\u2019Eucerin<br \/>\nPour la peau \u00e0 tendance acn\u00e9ique<br \/>\nSoin nettoyant visage non com\u00e9dog\u00e8ne contenant 6 % de Tensioactifs Amphot\u00e8res, il \u00e9limine efficacement et en douceur l\u2019exc\u00e8s de s\u00e9bum tout en \u00e9liminant les impuret\u00e9s et le maquillage. Il laisse la peau purifi\u00e9e, fra\u00eeche et souple.<\/p>","protected":false},"featured_media":1132,"comment_status":"open","ping_status":"closed","template":"","meta":[],"product_brand":[],"product_cat":[96,22],"product_tag":[],"class_list":{"0":"post-1067","1":"product","2":"type-product","3":"status-publish","4":"has-post-thumbnail","6":"product_cat-non-classe","7":"product_cat-nettoyant","9":"first","10":"instock","11":"sale","12":"shipping-taxable","13":"purchasable","14":"product-type-simple"},"_links":{"self":[{"href":"https:\/\/parashopnarimel.com\/ar\/wp-json\/wp\/v2\/product\/1067","targetHints":{"allow":["GET"]}}],"collection":[{"href":"https:\/\/parashopnarimel.com\/ar\/wp-json\/wp\/v2\/product"}],"about":[{"href":"https:\/\/parashopnarimel.com\/ar\/wp-json\/wp\/v2\/types\/product"}],"replies":[{"embeddable":true,"href":"https:\/\/parashopnarimel.com\/ar\/wp-json\/wp\/v2\/comments?post=1067"}],"version-history":[{"count":2,"href":"https:\/\/parashopnarimel.com\/ar\/wp-json\/wp\/v2\/product\/1067\/revisions"}],"predecessor-version":[{"id":11940,"href":"https:\/\/parashopnarimel.com\/ar\/wp-json\/wp\/v2\/product\/1067\/revisions\/11940"}],"wp:featuredmedia":[{"embeddable":true,"href":"https:\/\/parashopnarimel.com\/ar\/wp-json\/wp\/v2\/media\/1132"}],"wp:attachment":[{"href":"https:\/\/parashopnarimel.com\/ar\/wp-json\/wp\/v2\/media?parent=1067"}],"wp:term":[{"taxonomy":"product_brand","embeddable":true,"href":"https:\/\/parashopnarimel.com\/ar\/wp-json\/wp\/v2\/product_brand?post=1067"},{"taxonomy":"product_cat","embeddable":true,"href":"https:\/\/parashopnarimel.com\/ar\/wp-json\/wp\/v2\/product_cat?post=1067"},{"taxonomy":"product_tag","embeddable":true,"href":"https:\/\/parashopnarimel.com\/ar\/wp-json\/wp\/v2\/product_tag?post=1067"}],"curies":[{"name":"wp","href":"https:\/\/api.w.org\/{rel}","templated":true}]}}