{"id":10709,"date":"2025-01-06T07:09:40","date_gmt":"2025-01-06T07:09:40","guid":{"rendered":"https:\/\/parashopnarimel.com\/?post_type=product&#038;p=10709"},"modified":"2025-01-31T10:19:14","modified_gmt":"2025-01-31T10:19:14","slug":"nuxe-reve-de-miel-gel-lavant-surgras-visage-corps-400ml","status":"publish","type":"product","link":"https:\/\/parashopnarimel.com\/ar\/product\/nuxe-reve-de-miel-gel-lavant-surgras-visage-corps-400ml\/","title":{"rendered":"Nuxe R\u00eave de Miel Gel Lavant Surgras Visage &#038; Corps 400ml"},"content":{"rendered":"<p>Pour nettoyer votre peau en douceur<br \/>\nLe\u00a0savon surgras Nuxe\u00a0est un gel lavant doux, formul\u00e9 sans paraben et essentiellement \u00e0 base d\u2019ingr\u00e9dients d\u2019origine naturelle. Il respecte les besoins des peaux les plus fragiles et a \u00e9t\u00e9 d\u00e9velopp\u00e9 pour convenir \u00e0 la peau du visage comme \u00e0 celle du\u00a0corps. Utilis\u00e9 quotidiennement, ce\u00a0soin du corps Nuxe\u00a0contribue \u00e0 :<\/p>\n<p>prot\u00e9ger\u00a0la peau en maintenant le film hydrolipidique<br \/>\napaiser et adoucir\u00a0la peau sous l\u2019action du miel d\u2019acacia<br \/>\nnourrir et assouplir\u00a0la peau gr\u00e2ce aux huiles v\u00e9g\u00e9tales pr\u00e9cieuses<\/p>\n<p>Les bienfaits du miel et du tournesol<br \/>\nIssu de la gamme\u00a0Nuxe R\u00eave de Miel, e\u00a0savon surgras\u00a0allie deux ingr\u00e9dients aux propri\u00e9t\u00e9s adoucissantes et nourrissantes \u00e9prouv\u00e9es: le miel d\u2019acacia et l\u2019huile de tournesol. Le\u00a0miel d\u2019acacia, riche en sucres,\u00a0pr\u00e9serve la barri\u00e8re cutan\u00e9e\u00a0contre les agressions ext\u00e9rieures et contre la d\u00e9shydratation. L\u2019huile de tournesol, riche en acides gras insatur\u00e9s (om\u00e9gas 6 et 9), nourrit la peau en stimulant la production de lipides et am\u00e9liore ainsi l\u2019efficacit\u00e9 de la couche protectrice naturelle de la peau.<br \/>\nConseil d\u2019utilisation<\/p>\n<p>Appliquez le gel lavant surgras Nuxe sur une peau humide le matin et\/ou le soir. Faites mousser le savon sur le visage et le corps, puis rincez \u00e0 l\u2019eau.<br \/>\nLe gel lavant Nuxe r\u00eave de miel nettoie la peau sans la dess\u00e9cher et en la nourrissant pour lui redonner toute sa douceur.<\/p>","protected":false},"excerpt":{"rendered":"<p>Nuxe R\u00eave de Miel Gel Lavant Surgras doux Visage &amp; Corps\u00a0sans paraben et \u00e0 base d\u2019ingr\u00e9dients d\u2019origine naturelle. Il respecte les besoins des peaux les plus fragiles<\/p>","protected":false},"featured_media":10750,"comment_status":"open","ping_status":"closed","template":"","meta":[],"product_brand":[],"product_cat":[96,22,2912],"product_tag":[],"class_list":{"0":"post-10709","1":"product","2":"type-product","3":"status-publish","4":"has-post-thumbnail","6":"product_cat-non-classe","7":"product_cat-nettoyant","8":"product_cat-nettoyant-corps","10":"first","11":"instock","12":"shipping-taxable","13":"purchasable","14":"product-type-simple"},"_links":{"self":[{"href":"https:\/\/parashopnarimel.com\/ar\/wp-json\/wp\/v2\/product\/10709","targetHints":{"allow":["GET"]}}],"collection":[{"href":"https:\/\/parashopnarimel.com\/ar\/wp-json\/wp\/v2\/product"}],"about":[{"href":"https:\/\/parashopnarimel.com\/ar\/wp-json\/wp\/v2\/types\/product"}],"replies":[{"embeddable":true,"href":"https:\/\/parashopnarimel.com\/ar\/wp-json\/wp\/v2\/comments?post=10709"}],"version-history":[{"count":2,"href":"https:\/\/parashopnarimel.com\/ar\/wp-json\/wp\/v2\/product\/10709\/revisions"}],"predecessor-version":[{"id":12422,"href":"https:\/\/parashopnarimel.com\/ar\/wp-json\/wp\/v2\/product\/10709\/revisions\/12422"}],"wp:featuredmedia":[{"embeddable":true,"href":"https:\/\/parashopnarimel.com\/ar\/wp-json\/wp\/v2\/media\/10750"}],"wp:attachment":[{"href":"https:\/\/parashopnarimel.com\/ar\/wp-json\/wp\/v2\/media?parent=10709"}],"wp:term":[{"taxonomy":"product_brand","embeddable":true,"href":"https:\/\/parashopnarimel.com\/ar\/wp-json\/wp\/v2\/product_brand?post=10709"},{"taxonomy":"product_cat","embeddable":true,"href":"https:\/\/parashopnarimel.com\/ar\/wp-json\/wp\/v2\/product_cat?post=10709"},{"taxonomy":"product_tag","embeddable":true,"href":"https:\/\/parashopnarimel.com\/ar\/wp-json\/wp\/v2\/product_tag?post=10709"}],"curies":[{"name":"wp","href":"https:\/\/api.w.org\/{rel}","templated":true}]}}