{"id":1074,"date":"2024-12-29T06:21:28","date_gmt":"2024-12-29T06:21:28","guid":{"rendered":"https:\/\/parashopnarimel.com\/?post_type=product&#038;p=1074"},"modified":"2026-01-24T20:55:43","modified_gmt":"2026-01-24T20:55:43","slug":"la-roche-posay-mela-b3-serum-concentre-30-ml","status":"publish","type":"product","link":"https:\/\/parashopnarimel.com\/ar\/product\/la-roche-posay-mela-b3-serum-concentre-30-ml\/","title":{"rendered":"LA ROCHE POSAY MELA B3 SERUM CONCENTRE 30 ML"},"content":{"rendered":"<p>Le S\u00e9rum anti-taches Mela B3 de La Roche-Posay est un s\u00e9rum visage intens\u00e9ment concentr\u00e9 et efficace qui aide \u00e0 pr\u00e9venir les r\u00e9cidives et a \u00e9t\u00e9 sp\u00e9cialement con\u00e7u pour r\u00e9duire les taches brunes, m\u00eame les plus persistantes. La formule est enrichie du nouvel ingr\u00e9dient actif brevet\u00e9 r\u00e9volutionnaire Melasyl qui \u00e9limine l\u2019exc\u00e8s de m\u00e9lanine avant qu\u2019il n\u2019affecte la peau. Le s\u00e9rum corrige les taches brunes tout en illuminant la peau. Il contient \u00e9galement 10 % de niacinamide pour apaiser la peau et renforcer la barri\u00e8re cutan\u00e9e, et de l\u2019eau thermale de La Roche-Posay, qui hydrate et apaise de mani\u00e8re naturelle. Gr\u00e2ce \u00e0 sa texture l\u00e9g\u00e8re et tr\u00e8s confortable, ce produit est tr\u00e8s agr\u00e9able et id\u00e9al pour un usage quotidien. Le S\u00e9rum anti-taches Mela B3 est sans alcool, non com\u00e9dog\u00e8ne, test\u00e9 dermatologiquement sur les peaux sujettes \u00e0 l\u2019hyperpigmentation et recommand\u00e9 par les dermatologues.<\/p>\n<p>Convient \u00e0 tous les types de peau, m\u00eame sensibles.<\/p>","protected":false},"excerpt":{"rendered":"<p>Le S\u00e9rum anti-taches Mela B3 de La Roche-Posay est un s\u00e9rum visage intens\u00e9ment concentr\u00e9 et efficace qui aide \u00e0 pr\u00e9venir les r\u00e9cidives et a \u00e9t\u00e9 sp\u00e9cialement con\u00e7u pour r\u00e9duire les taches brunes, m\u00eame les plus persistantes. La formule est enrichie du nouvel ingr\u00e9dient actif brevet\u00e9 r\u00e9volutionnaire Melasyl qui \u00e9limine l\u2019exc\u00e8s de m\u00e9lanine avant qu\u2019il n\u2019affecte la peau. Le s\u00e9rum corrige les taches brunes tout en illuminant la peau. Il contient \u00e9galement 10 % de niacinamide pour apaiser la peau et renforcer la barri\u00e8re cutan\u00e9e, et de l\u2019eau thermale de La Roche-Posay, qui hydrate et apaise de mani\u00e8re naturelle. Gr\u00e2ce \u00e0 sa texture l\u00e9g\u00e8re et tr\u00e8s confortable, ce produit est tr\u00e8s agr\u00e9able et id\u00e9al pour un usage quotidien. Le S\u00e9rum anti-taches Mela B3 est sans alcool, non com\u00e9dog\u00e8ne, test\u00e9 dermatologiquement sur les peaux sujettes \u00e0 l\u2019hyperpigmentation et recommand\u00e9 par les dermatologues.<\/p>\n<p>Convient \u00e0 tous les types de peau, m\u00eame sensibles.<\/p>","protected":false},"featured_media":1150,"comment_status":"open","ping_status":"closed","template":"","meta":[],"product_brand":[],"product_cat":[96,1110,2906],"product_tag":[],"class_list":{"0":"post-1074","1":"product","2":"type-product","3":"status-publish","4":"has-post-thumbnail","6":"product_cat-non-classe","7":"product_cat-anti-taches","8":"product_cat-serums","10":"first","11":"instock","12":"sale","13":"shipping-taxable","14":"purchasable","15":"product-type-simple"},"_links":{"self":[{"href":"https:\/\/parashopnarimel.com\/ar\/wp-json\/wp\/v2\/product\/1074","targetHints":{"allow":["GET"]}}],"collection":[{"href":"https:\/\/parashopnarimel.com\/ar\/wp-json\/wp\/v2\/product"}],"about":[{"href":"https:\/\/parashopnarimel.com\/ar\/wp-json\/wp\/v2\/types\/product"}],"replies":[{"embeddable":true,"href":"https:\/\/parashopnarimel.com\/ar\/wp-json\/wp\/v2\/comments?post=1074"}],"version-history":[{"count":2,"href":"https:\/\/parashopnarimel.com\/ar\/wp-json\/wp\/v2\/product\/1074\/revisions"}],"predecessor-version":[{"id":11939,"href":"https:\/\/parashopnarimel.com\/ar\/wp-json\/wp\/v2\/product\/1074\/revisions\/11939"}],"wp:featuredmedia":[{"embeddable":true,"href":"https:\/\/parashopnarimel.com\/ar\/wp-json\/wp\/v2\/media\/1150"}],"wp:attachment":[{"href":"https:\/\/parashopnarimel.com\/ar\/wp-json\/wp\/v2\/media?parent=1074"}],"wp:term":[{"taxonomy":"product_brand","embeddable":true,"href":"https:\/\/parashopnarimel.com\/ar\/wp-json\/wp\/v2\/product_brand?post=1074"},{"taxonomy":"product_cat","embeddable":true,"href":"https:\/\/parashopnarimel.com\/ar\/wp-json\/wp\/v2\/product_cat?post=1074"},{"taxonomy":"product_tag","embeddable":true,"href":"https:\/\/parashopnarimel.com\/ar\/wp-json\/wp\/v2\/product_tag?post=1074"}],"curies":[{"name":"wp","href":"https:\/\/api.w.org\/{rel}","templated":true}]}}