{"id":1099,"date":"2024-12-29T06:21:51","date_gmt":"2024-12-29T06:21:51","guid":{"rendered":"https:\/\/parashopnarimel.com\/?post_type=product&#038;p=1099"},"modified":"2025-01-19T10:46:40","modified_gmt":"2025-01-19T10:46:40","slug":"centella-stick-solaire","status":"publish","type":"product","link":"https:\/\/parashopnarimel.com\/ar\/product\/centella-stick-solaire\/","title":{"rendered":"CENTELLA stick solaire"},"content":{"rendered":"<p>Muni d\u2019un indice de protection solaire SPF 50+ PA++++, ce stick solaire\u00a0 exploite les pouvoirs hydratants de l\u2019extrait de cica et de l\u2019acide hyaluronique pour maintenir un niveau d\u2019hydratation optimal tout en offrant une protection solaire \u00e0 large spectre . Diff\u00e9rents ingr\u00e9dients v\u00e9g\u00e9taux riches en antioxydants donnent une peau saine. Ce stick solaire bio s\u2019applique en douceur pour un fini naturel sans traces blanches.<br \/>\nBienfaits et avantages :<\/p>\n<p>Un stick solaire\u00a0 hydratant qui aide \u00e0 lutter contre les rayons UV et \u00e0 garder la peau hydrat\u00e9e.<br \/>\nDot\u00e9 d\u2019un indice de protection solaire SPF50+ PA++++ \u00e0 large spectre.<br \/>\nLa combinaison unique d\u2019extrait de Centella Asiatica et d\u2019acide hyaluronique doux et hydrate simultan\u00e9ment la peau.<br \/>\nAdh\u00e8re parfaitement \u00e0 la peau et laisse un toucher soyeux.<\/p>","protected":false},"excerpt":{"rendered":"<p>Muni d\u2019un indice de protection solaire SPF 50+ PA++++, ce stick solaire\u00a0 exploite les pouvoirs hydratants de l\u2019extrait de cica et de l\u2019acide hyaluronique pour maintenir un niveau d\u2019hydratation optimal tout en offrant une protection solaire \u00e0 large spectre . Diff\u00e9rents ingr\u00e9dients v\u00e9g\u00e9taux riches en antioxydants donnent une peau saine. Ce stick solaire bio s\u2019applique en douceur pour un fini naturel sans traces blanches.<br \/>\nBienfaits et avantages :<\/p>\n<p>Un stick solaire\u00a0 hydratant qui aide \u00e0 lutter contre les rayons UV et \u00e0 garder la peau hydrat\u00e9e.<br \/>\nDot\u00e9 d\u2019un indice de protection solaire SPF50+ PA++++ \u00e0 large spectre.<br \/>\nLa combinaison unique d\u2019extrait de Centella Asiatica et d\u2019acide hyaluronique doux et hydrate simultan\u00e9ment la peau.<br \/>\nAdh\u00e8re parfaitement \u00e0 la peau et laisse un toucher soyeux.<\/p>","protected":false},"featured_media":1172,"comment_status":"open","ping_status":"closed","template":"","meta":[],"product_brand":[],"product_cat":[96,147],"product_tag":[],"class_list":{"0":"post-1099","1":"product","2":"type-product","3":"status-publish","4":"has-post-thumbnail","6":"product_cat-non-classe","7":"product_cat-protection-solaire-visage","9":"first","10":"instock","11":"shipping-taxable","12":"purchasable","13":"product-type-simple"},"_links":{"self":[{"href":"https:\/\/parashopnarimel.com\/ar\/wp-json\/wp\/v2\/product\/1099","targetHints":{"allow":["GET"]}}],"collection":[{"href":"https:\/\/parashopnarimel.com\/ar\/wp-json\/wp\/v2\/product"}],"about":[{"href":"https:\/\/parashopnarimel.com\/ar\/wp-json\/wp\/v2\/types\/product"}],"replies":[{"embeddable":true,"href":"https:\/\/parashopnarimel.com\/ar\/wp-json\/wp\/v2\/comments?post=1099"}],"version-history":[{"count":2,"href":"https:\/\/parashopnarimel.com\/ar\/wp-json\/wp\/v2\/product\/1099\/revisions"}],"predecessor-version":[{"id":8312,"href":"https:\/\/parashopnarimel.com\/ar\/wp-json\/wp\/v2\/product\/1099\/revisions\/8312"}],"wp:featuredmedia":[{"embeddable":true,"href":"https:\/\/parashopnarimel.com\/ar\/wp-json\/wp\/v2\/media\/1172"}],"wp:attachment":[{"href":"https:\/\/parashopnarimel.com\/ar\/wp-json\/wp\/v2\/media?parent=1099"}],"wp:term":[{"taxonomy":"product_brand","embeddable":true,"href":"https:\/\/parashopnarimel.com\/ar\/wp-json\/wp\/v2\/product_brand?post=1099"},{"taxonomy":"product_cat","embeddable":true,"href":"https:\/\/parashopnarimel.com\/ar\/wp-json\/wp\/v2\/product_cat?post=1099"},{"taxonomy":"product_tag","embeddable":true,"href":"https:\/\/parashopnarimel.com\/ar\/wp-json\/wp\/v2\/product_tag?post=1099"}],"curies":[{"name":"wp","href":"https:\/\/api.w.org\/{rel}","templated":true}]}}