{"id":10990,"date":"2025-01-06T07:11:19","date_gmt":"2025-01-06T07:11:19","guid":{"rendered":"https:\/\/parashopnarimel.com\/?post_type=product&#038;p=10990"},"modified":"2025-01-22T21:42:16","modified_gmt":"2025-01-22T21:42:16","slug":"avene-hydrance-uv-riche-creme-hydratante-spf30-40ml","status":"publish","type":"product","link":"https:\/\/parashopnarimel.com\/ar\/product\/avene-hydrance-uv-riche-creme-hydratante-spf30-40ml\/","title":{"rendered":"Av\u00e8ne Hydrance UV \u2013 Riche Cr\u00e8me Hydratante SPF30 40ml"},"content":{"rendered":"<p>Bouclier quotidien contre les attaques environnementales<br \/>\nChaque jour, la peau est agress\u00e9e. Petit \u00e0 petit, elle perd de son \u00e9clat et devient de plus en plus s\u00e8che. Pour une hydratation optimale de votre peau coupl\u00e9e \u00e0 une protection efficace contre les UV et radicaux libres, misez sur la\u00a0cr\u00e8me Hydrance UV-Riche. Sa\u00a0formule dot\u00e9e d\u2019un SPF30\u00a0assure une triple action et vous aide \u00e0 retrouver une peau \u00e9clatante, hydrat\u00e9e et parfaitement prot\u00e9g\u00e9e.<br \/>\nLes bienfaits de la cr\u00e8me Hydrance UV-Riche :<\/p>\n<p>Hydrate\u00a0gr\u00e2ce son complexe Cohederm brevet\u00e9<br \/>\nApaise\u00a0gr\u00e2ce \u00e0 la pr\u00e9sence d\u2019Eau Thermale Av\u00e8ne aux propri\u00e9t\u00e9s anti-irritantes<br \/>\nProt\u00e8ge\u00a0des agressions environnementales : UV, radicaux libres, pollution\u2026 sont stopp\u00e9s gr\u00e2ce au syst\u00e8me filtrant Sunsitive Protection assurant une haute protection SPF30 et au Pr\u00e9-tocoph\u00e9ryl.<\/p>\n<p>Particuli\u00e8rement indiqu\u00e9e pour les peaux s\u00e8ches \u00e0 tr\u00e8s s\u00e8ches, la\u00a0cr\u00e8me Av\u00e8ne Hydrance UV-Riche\u00a0assure une protection optimale et quotidienne pour une peau en pleine sant\u00e9.<\/p>\n<p>Conseil d\u2019utilisation<\/p>\n<p>Appliquez le matin sur peau propre et s\u00e8che.<\/p>","protected":false},"excerpt":{"rendered":"<p>Bouclier quotidien contre les attaques environnementales Chaque jour, la peau est agress\u00e9e. Petit \u00e0 petit, elle perd de son \u00e9clat<\/p>","protected":false},"featured_media":11005,"comment_status":"open","ping_status":"closed","template":"","meta":[],"product_brand":[],"product_cat":[96,29,147],"product_tag":[],"class_list":{"0":"post-10990","1":"product","2":"type-product","3":"status-publish","4":"has-post-thumbnail","6":"product_cat-non-classe","7":"product_cat-creme","8":"product_cat-protection-solaire-visage","10":"first","11":"instock","12":"shipping-taxable","13":"purchasable","14":"product-type-simple"},"_links":{"self":[{"href":"https:\/\/parashopnarimel.com\/ar\/wp-json\/wp\/v2\/product\/10990","targetHints":{"allow":["GET"]}}],"collection":[{"href":"https:\/\/parashopnarimel.com\/ar\/wp-json\/wp\/v2\/product"}],"about":[{"href":"https:\/\/parashopnarimel.com\/ar\/wp-json\/wp\/v2\/types\/product"}],"replies":[{"embeddable":true,"href":"https:\/\/parashopnarimel.com\/ar\/wp-json\/wp\/v2\/comments?post=10990"}],"version-history":[{"count":2,"href":"https:\/\/parashopnarimel.com\/ar\/wp-json\/wp\/v2\/product\/10990\/revisions"}],"predecessor-version":[{"id":11912,"href":"https:\/\/parashopnarimel.com\/ar\/wp-json\/wp\/v2\/product\/10990\/revisions\/11912"}],"wp:featuredmedia":[{"embeddable":true,"href":"https:\/\/parashopnarimel.com\/ar\/wp-json\/wp\/v2\/media\/11005"}],"wp:attachment":[{"href":"https:\/\/parashopnarimel.com\/ar\/wp-json\/wp\/v2\/media?parent=10990"}],"wp:term":[{"taxonomy":"product_brand","embeddable":true,"href":"https:\/\/parashopnarimel.com\/ar\/wp-json\/wp\/v2\/product_brand?post=10990"},{"taxonomy":"product_cat","embeddable":true,"href":"https:\/\/parashopnarimel.com\/ar\/wp-json\/wp\/v2\/product_cat?post=10990"},{"taxonomy":"product_tag","embeddable":true,"href":"https:\/\/parashopnarimel.com\/ar\/wp-json\/wp\/v2\/product_tag?post=10990"}],"curies":[{"name":"wp","href":"https:\/\/api.w.org\/{rel}","templated":true}]}}