{"id":11368,"date":"2025-01-06T07:14:19","date_gmt":"2025-01-06T07:14:19","guid":{"rendered":"https:\/\/parashopnarimel.com\/?post_type=product&#038;p=11368"},"modified":"2025-01-19T09:38:08","modified_gmt":"2025-01-19T09:38:08","slug":"bioderma-hydrabio-lotion-tonique-hydratante-250ml","status":"publish","type":"product","link":"https:\/\/parashopnarimel.com\/ar\/product\/bioderma-hydrabio-lotion-tonique-hydratante-250ml\/","title":{"rendered":"Bioderma Hydrabio Lotion Tonique Hydratante 250ml"},"content":{"rendered":"<p>Une lotion tonique r\u00e9g\u00e9n\u00e9rante et rafra\u00eechissante<br \/>\nLe\u00a0nettoyant pour le visage\u00a0Hydrabio Tonique de Bioderma peut \u00eatre utilis\u00e9 apr\u00e8s le\u00a0d\u00e9maquillant\u00a0ou remplacer celui-ci. Cette\u00a0lotion tonique\u00a0agit en profondeur :<\/p>\n<p>Elle permet \u00e0 la peau de se ressourcer en eau<br \/>\nElle relance les m\u00e9canismes profonds qui donnent les moyens \u00e0 l\u2019\u00e9piderme de retenir l\u2019eau n\u00e9cessaire \u00e0 son \u00e9quilibre<br \/>\nElle tonifie, assouplit et redonne de l\u2019\u00e9clat aux peaux sensibles et d\u00e9shydrat\u00e9es<br \/>\nElle augmente le seuil de tol\u00e9rance de l\u2019\u00e9piderme face aux agressions ext\u00e9rieures<br \/>\nElle rafra\u00eechit le visage<\/p>","protected":false},"excerpt":{"rendered":"<p>Une lotion tonique r\u00e9g\u00e9n\u00e9rante et rafra\u00eechissante Le\u00a0nettoyant pour le visage\u00a0Hydrabio Tonique de Bioderma peut \u00eatre utilis\u00e9 apr\u00e8s le\u00a0d\u00e9maquillant\u00a0ou remplacer celui-ci.<\/p>","protected":false},"featured_media":11393,"comment_status":"open","ping_status":"closed","template":"","meta":[],"product_brand":[],"product_cat":[96,2905],"product_tag":[],"class_list":{"0":"post-11368","1":"product","2":"type-product","3":"status-publish","4":"has-post-thumbnail","6":"product_cat-non-classe","7":"product_cat-lotion","9":"first","10":"instock","11":"sale","12":"shipping-taxable","13":"purchasable","14":"product-type-simple"},"_links":{"self":[{"href":"https:\/\/parashopnarimel.com\/ar\/wp-json\/wp\/v2\/product\/11368","targetHints":{"allow":["GET"]}}],"collection":[{"href":"https:\/\/parashopnarimel.com\/ar\/wp-json\/wp\/v2\/product"}],"about":[{"href":"https:\/\/parashopnarimel.com\/ar\/wp-json\/wp\/v2\/types\/product"}],"replies":[{"embeddable":true,"href":"https:\/\/parashopnarimel.com\/ar\/wp-json\/wp\/v2\/comments?post=11368"}],"version-history":[{"count":1,"href":"https:\/\/parashopnarimel.com\/ar\/wp-json\/wp\/v2\/product\/11368\/revisions"}],"predecessor-version":[{"id":11394,"href":"https:\/\/parashopnarimel.com\/ar\/wp-json\/wp\/v2\/product\/11368\/revisions\/11394"}],"wp:featuredmedia":[{"embeddable":true,"href":"https:\/\/parashopnarimel.com\/ar\/wp-json\/wp\/v2\/media\/11393"}],"wp:attachment":[{"href":"https:\/\/parashopnarimel.com\/ar\/wp-json\/wp\/v2\/media?parent=11368"}],"wp:term":[{"taxonomy":"product_brand","embeddable":true,"href":"https:\/\/parashopnarimel.com\/ar\/wp-json\/wp\/v2\/product_brand?post=11368"},{"taxonomy":"product_cat","embeddable":true,"href":"https:\/\/parashopnarimel.com\/ar\/wp-json\/wp\/v2\/product_cat?post=11368"},{"taxonomy":"product_tag","embeddable":true,"href":"https:\/\/parashopnarimel.com\/ar\/wp-json\/wp\/v2\/product_tag?post=11368"}],"curies":[{"name":"wp","href":"https:\/\/api.w.org\/{rel}","templated":true}]}}