{"id":11369,"date":"2025-01-06T07:14:19","date_gmt":"2025-01-06T07:14:19","guid":{"rendered":"https:\/\/parashopnarimel.com\/?post_type=product&#038;p=11369"},"modified":"2026-04-06T13:30:38","modified_gmt":"2026-04-06T13:30:38","slug":"bioderma-sensibio-h2o-solution-micellaire-peaux-sensibles-500ml","status":"publish","type":"product","link":"https:\/\/parashopnarimel.com\/ar\/product\/bioderma-sensibio-h2o-solution-micellaire-peaux-sensibles-500ml\/","title":{"rendered":"Bioderma Sensibio H2O Solution Micellaire Peaux Sensibles 500ml"},"content":{"rendered":"<p>Une eau micellaire double action<br \/>\nSp\u00e9cialement\u00a0\u00e9labor\u00e9e pour les peaux sensibles normales \u00e0 s\u00e8ches, la solution micellaire Bioderma agit \u00e0 deux niveaux :<\/p>\n<p>Elle\u00a0d\u00e9maquille en douceur et nettoie en profondeur\u00a0le visage et les yeux. Elle \u00e9limine les r\u00e9sidus de maquillage, m\u00eame tenaces.<br \/>\nGr\u00e2ce \u00e0 son brevet Rosactiv, elle aide \u00e0\u00a0lutter contre la dilatation de la peau\u00a0et la fragilisation des capillaires cutan\u00e9s, principaux responsables de l\u2019apparitiondes\u00a0rougeurs cutan\u00e9es.<\/p>\n<p>R\u00e9sultats\u00a0:\u00a0une peau parfaitement nettoy\u00e9e et sans imperfection\u00a0!<\/p>","protected":false},"excerpt":{"rendered":"<p>Une eau micellaire double action Sp\u00e9cialement\u00a0\u00e9labor\u00e9e pour les peaux sensibles normales \u00e0 s\u00e8ches, la solution micellaire Bioderma agit \u00e0 deux<\/p>","protected":false},"featured_media":11395,"comment_status":"open","ping_status":"closed","template":"","meta":[],"product_brand":[],"product_cat":[96,2905],"product_tag":[],"class_list":{"0":"post-11369","1":"product","2":"type-product","3":"status-publish","4":"has-post-thumbnail","6":"product_cat-non-classe","7":"product_cat-lotion","9":"first","10":"outofstock","11":"shipping-taxable","12":"purchasable","13":"product-type-simple"},"_links":{"self":[{"href":"https:\/\/parashopnarimel.com\/ar\/wp-json\/wp\/v2\/product\/11369","targetHints":{"allow":["GET"]}}],"collection":[{"href":"https:\/\/parashopnarimel.com\/ar\/wp-json\/wp\/v2\/product"}],"about":[{"href":"https:\/\/parashopnarimel.com\/ar\/wp-json\/wp\/v2\/types\/product"}],"replies":[{"embeddable":true,"href":"https:\/\/parashopnarimel.com\/ar\/wp-json\/wp\/v2\/comments?post=11369"}],"version-history":[{"count":1,"href":"https:\/\/parashopnarimel.com\/ar\/wp-json\/wp\/v2\/product\/11369\/revisions"}],"predecessor-version":[{"id":11396,"href":"https:\/\/parashopnarimel.com\/ar\/wp-json\/wp\/v2\/product\/11369\/revisions\/11396"}],"wp:featuredmedia":[{"embeddable":true,"href":"https:\/\/parashopnarimel.com\/ar\/wp-json\/wp\/v2\/media\/11395"}],"wp:attachment":[{"href":"https:\/\/parashopnarimel.com\/ar\/wp-json\/wp\/v2\/media?parent=11369"}],"wp:term":[{"taxonomy":"product_brand","embeddable":true,"href":"https:\/\/parashopnarimel.com\/ar\/wp-json\/wp\/v2\/product_brand?post=11369"},{"taxonomy":"product_cat","embeddable":true,"href":"https:\/\/parashopnarimel.com\/ar\/wp-json\/wp\/v2\/product_cat?post=11369"},{"taxonomy":"product_tag","embeddable":true,"href":"https:\/\/parashopnarimel.com\/ar\/wp-json\/wp\/v2\/product_tag?post=11369"}],"curies":[{"name":"wp","href":"https:\/\/api.w.org\/{rel}","templated":true}]}}