{"id":11373,"date":"2025-01-06T07:14:19","date_gmt":"2025-01-06T07:14:19","guid":{"rendered":"https:\/\/parashopnarimel.com\/?post_type=product&#038;p=11373"},"modified":"2026-03-29T16:26:19","modified_gmt":"2026-03-29T16:26:19","slug":"a-derma-creme-reparatrice-dermalibour-peau-irritee-50ml","status":"publish","type":"product","link":"https:\/\/parashopnarimel.com\/ar\/product\/a-derma-creme-reparatrice-dermalibour-peau-irritee-50ml\/","title":{"rendered":"A Derma Cr\u00e8me R\u00e9paratrice Dermalibour+ -peau irrit\u00e9e- 50Ml"},"content":{"rendered":"<p>Une action r\u00e9paratrice et apaisante<\/p>\n<p>La cr\u00e8me A-derma Dermalibour est l\u2019alli\u00e9e de votre peau irrit\u00e9e ou enflamm\u00e9e. Elle r\u00e9pare, apaise et prot\u00e8ge l\u2019\u00e9piderme agress\u00e9, tout en favorisant sa cicatrisation gr\u00e2ce \u00e0 une action assainissante.<\/p>\n<p>L\u2019Avoine Rhealba, actif biologique brevet\u00e9 de la marque cultiv\u00e9 en France, apaise et r\u00e9pare les l\u00e9sions cutan\u00e9es, tout en restaurant l\u2019\u00e9quilibre de l\u2019\u00e9piderme<br \/>\nLes sels de zinc et de cuivre, min\u00e9raux reconnus pour leurs propri\u00e9t\u00e9s antifongiques et antibact\u00e9riennes, font b\u00e9n\u00e9ficier la peau l\u00e9s\u00e9e de leurs vertus antiseptiques. La peau fragilis\u00e9e est prot\u00e9g\u00e9e des menaces bact\u00e9riennes<br \/>\nL\u2019oxyde de zinc, anti-inflammatoire et antiseptique, est \u00e9galement photoprotecteur : il prot\u00e8ge la l\u00e9sion cutan\u00e9e du soleil, pour une cicatrisation optimale<br \/>\nLa glyc\u00e9rine, pr\u00e9sente en grande quantit\u00e9, forme un film protecteur qui isole la peau abim\u00e9e et pr\u00e9vient sa d\u00e9shydratation<\/p>\n<p>Une texture pratique pour toute la famille<br \/>\nInvisible, cette cr\u00e8me cr\u00e9e une seconde peau douce et fine qui prot\u00e8ge votre peau en toute discr\u00e9tion. Non-com\u00e9dog\u00e8ne, elle ne bouche pas les pores et laisse la barri\u00e8re cutan\u00e9e respirer. Facile d\u2019application et exempte d\u2019\u00e9l\u00e9ments agressifs, elle peut \u00eatre utilis\u00e9e par toute la famille, du b\u00e9b\u00e9 \u00e0 l\u2019adulte. Cette cr\u00e8me est en outre :<\/p>\n<p>Sans paraben<br \/>\nSans parfum<br \/>\nSans conservateur<\/p>\n<p>Calmer et soigner rapidement une peau irrit\u00e9e<br \/>\nTout le monde traverse des p\u00e9riodes d\u2019irritation cutan\u00e9e. La peau peut en effet conna\u00eetre des \u00e9pisodes inflammatoires et des r\u00e9actions allergiques, qui se manifestent par :<\/p>\n<p>Des plaques rouges sur le visage, les mains ou le corps<br \/>\nUne peau irrit\u00e9e, enflamm\u00e9e<br \/>\nUne peau qui gratte<br \/>\nUne peau qui pique<br \/>\nDes plaques d\u2019ecz\u00e9ma<br \/>\nDes crevasses, des desquamations<\/p>\n<p>Il s\u2019agit d\u2019une r\u00e9action naturelle de la peau agress\u00e9e, qui traduit sa cicatrisation. Cependant, c\u2019est \u00e9galement le signe d\u2019une peau fragilis\u00e9e, plus sensible aux agressions ext\u00e9rieures : frottements des v\u00eatements, climat, mais aussi bact\u00e9ries et champignons, qui peuvent, par exemple, donner lieu \u00e0 des mycoses. Pour calmer la peau et l\u2019aide \u00e0 se r\u00e9parer tout en la prot\u00e9geant des agressions, utiliser une cr\u00e8me \u00e0 la fois anti-inflammatoire, protectrice et cicatrisante est donc un coup de pouce pr\u00e9cieux pour l\u2019\u00e9piderme.<\/p>\n<p>Conseil d\u2019utilisation<br \/>\nAppliquez la cr\u00e8me en couche \u00e9paisse 2 \u00e0 3 fois par jour sur la zone l\u00e9s\u00e9e de la peau.<\/p>","protected":false},"excerpt":{"rendered":"<p>Une action r\u00e9paratrice et apaisante La cr\u00e8me A-derma Dermalibour est l\u2019alli\u00e9e de votre peau irrit\u00e9e ou enflamm\u00e9e. Elle r\u00e9pare, apaise<\/p>","protected":false},"featured_media":11401,"comment_status":"open","ping_status":"closed","template":"","meta":[],"product_brand":[],"product_cat":[96,76,29,2911],"product_tag":[],"class_list":{"0":"post-11373","1":"product","2":"type-product","3":"status-publish","4":"has-post-thumbnail","6":"product_cat-non-classe","7":"product_cat-bebe-et-maman","8":"product_cat-creme","9":"product_cat-creme-corps","11":"first","12":"instock","13":"shipping-taxable","14":"purchasable","15":"product-type-simple"},"_links":{"self":[{"href":"https:\/\/parashopnarimel.com\/ar\/wp-json\/wp\/v2\/product\/11373","targetHints":{"allow":["GET"]}}],"collection":[{"href":"https:\/\/parashopnarimel.com\/ar\/wp-json\/wp\/v2\/product"}],"about":[{"href":"https:\/\/parashopnarimel.com\/ar\/wp-json\/wp\/v2\/types\/product"}],"replies":[{"embeddable":true,"href":"https:\/\/parashopnarimel.com\/ar\/wp-json\/wp\/v2\/comments?post=11373"}],"version-history":[{"count":2,"href":"https:\/\/parashopnarimel.com\/ar\/wp-json\/wp\/v2\/product\/11373\/revisions"}],"predecessor-version":[{"id":11937,"href":"https:\/\/parashopnarimel.com\/ar\/wp-json\/wp\/v2\/product\/11373\/revisions\/11937"}],"wp:featuredmedia":[{"embeddable":true,"href":"https:\/\/parashopnarimel.com\/ar\/wp-json\/wp\/v2\/media\/11401"}],"wp:attachment":[{"href":"https:\/\/parashopnarimel.com\/ar\/wp-json\/wp\/v2\/media?parent=11373"}],"wp:term":[{"taxonomy":"product_brand","embeddable":true,"href":"https:\/\/parashopnarimel.com\/ar\/wp-json\/wp\/v2\/product_brand?post=11373"},{"taxonomy":"product_cat","embeddable":true,"href":"https:\/\/parashopnarimel.com\/ar\/wp-json\/wp\/v2\/product_cat?post=11373"},{"taxonomy":"product_tag","embeddable":true,"href":"https:\/\/parashopnarimel.com\/ar\/wp-json\/wp\/v2\/product_tag?post=11373"}],"curies":[{"name":"wp","href":"https:\/\/api.w.org\/{rel}","templated":true}]}}