{"id":11557,"date":"2025-01-06T07:15:22","date_gmt":"2025-01-06T07:15:22","guid":{"rendered":"https:\/\/parashopnarimel.com\/?post_type=product&#038;p=11557"},"modified":"2026-04-06T13:29:31","modified_gmt":"2026-04-06T13:29:31","slug":"bioderma-sensibio-gel-moussant-200ml","status":"publish","type":"product","link":"https:\/\/parashopnarimel.com\/ar\/product\/bioderma-sensibio-gel-moussant-200ml\/","title":{"rendered":"Bioderma Sensibio Gel Moussant 200Ml"},"content":{"rendered":"<p>Une peau propre, douce et apais\u00e9e<br \/>\nPour mieux aider les peaux sensibles \u00e0 supporter le nettoyage quotidien, les laboratoires Bioderma ont con\u00e7u le gel moussant\u00a0Cr\u00e9aline\u00a0(Sensibio). Enrichi en actifs surgraissants et apaisants, ce\u00a0gel nettoyant micellaire\u00a0facilite le d\u00e9maquillage des peaux sensibles ou fragiles. Utilis\u00e9 quotidiennement, il contribue \u00e0 :<\/p>\n<p>nettoyer et purifier la peau en douceur<br \/>\n\u00e9liminer toutes les impuret\u00e9s et traces de maquillage<br \/>\napaiser les irritations,\u00a0tiraillements\u00a0et\u00a0d\u00e9mangeaisons<br \/>\nprocurer un confort imm\u00e9diat \u00e0 l\u2019\u00e9piderme<\/p>\n<p>R\u00e9sultat : la peau est parfaitement douce, propre, confortable et visiblement apais\u00e9e.<br \/>\nUne formule hydratante et anti-irritations<br \/>\nHypoallerg\u00e9nique, le gel moussant Cr\u00e9aline (Sensibio) respecte le pH physiologique de la peau et offre une excellente tol\u00e9rance cutan\u00e9e et oculaire. V\u00e9ritable alli\u00e9 pour les peaux sensibles et r\u00e9actives, sa formule est compos\u00e9e :<\/p>\n<p>de\u00a0Coco Glucoside\/Glyc\u00e9ryl Ol\u00e9ate\u00a0: un principe actif biomim\u00e9tique reconnu pour ses propri\u00e9t\u00e9s relipidantes et hydratantes.<br \/>\nd\u2019un\u00a0complexe exclusif DAF\u00a0permetttant de renforcer le seuil de tol\u00e9rance des peaux sensibles.<\/p>\n<p>Le\u00a0Gel Nettoyant Micellaire Cr\u00e9aline (Sensibio)\u00a0de Bioderma offre \u00e0 votre peau sensible un nettoyage sur-mesure et la laisse douce et confortable.<\/p>\n<p>Conseil d\u2019utilisation<\/p>\n<p>Appliquez le gel moussant sur une peau humide. Faites mousser et massez d\u00e9licatement. Rincez \u00e0 l\u2019eau claire et s\u00e9chez d\u00e9licatement.<\/p>","protected":false},"excerpt":{"rendered":"<p>Une peau propre, douce et apais\u00e9e Pour mieux aider les peaux sensibles \u00e0 supporter le nettoyage quotidien, les laboratoires Bioderma<\/p>","protected":false},"featured_media":11606,"comment_status":"open","ping_status":"closed","template":"","meta":[],"product_brand":[],"product_cat":[96,22],"product_tag":[2784],"class_list":{"0":"post-11557","1":"product","2":"type-product","3":"status-publish","4":"has-post-thumbnail","6":"product_cat-non-classe","7":"product_cat-nettoyant","8":"product_tag-peaux-sensibles","10":"first","11":"instock","12":"shipping-taxable","13":"purchasable","14":"product-type-simple"},"_links":{"self":[{"href":"https:\/\/parashopnarimel.com\/ar\/wp-json\/wp\/v2\/product\/11557","targetHints":{"allow":["GET"]}}],"collection":[{"href":"https:\/\/parashopnarimel.com\/ar\/wp-json\/wp\/v2\/product"}],"about":[{"href":"https:\/\/parashopnarimel.com\/ar\/wp-json\/wp\/v2\/types\/product"}],"replies":[{"embeddable":true,"href":"https:\/\/parashopnarimel.com\/ar\/wp-json\/wp\/v2\/comments?post=11557"}],"version-history":[{"count":2,"href":"https:\/\/parashopnarimel.com\/ar\/wp-json\/wp\/v2\/product\/11557\/revisions"}],"predecessor-version":[{"id":11910,"href":"https:\/\/parashopnarimel.com\/ar\/wp-json\/wp\/v2\/product\/11557\/revisions\/11910"}],"wp:featuredmedia":[{"embeddable":true,"href":"https:\/\/parashopnarimel.com\/ar\/wp-json\/wp\/v2\/media\/11606"}],"wp:attachment":[{"href":"https:\/\/parashopnarimel.com\/ar\/wp-json\/wp\/v2\/media?parent=11557"}],"wp:term":[{"taxonomy":"product_brand","embeddable":true,"href":"https:\/\/parashopnarimel.com\/ar\/wp-json\/wp\/v2\/product_brand?post=11557"},{"taxonomy":"product_cat","embeddable":true,"href":"https:\/\/parashopnarimel.com\/ar\/wp-json\/wp\/v2\/product_cat?post=11557"},{"taxonomy":"product_tag","embeddable":true,"href":"https:\/\/parashopnarimel.com\/ar\/wp-json\/wp\/v2\/product_tag?post=11557"}],"curies":[{"name":"wp","href":"https:\/\/api.w.org\/{rel}","templated":true}]}}