{"id":1156,"date":"2024-12-29T06:22:59","date_gmt":"2024-12-29T06:22:59","guid":{"rendered":"https:\/\/parashopnarimel.com\/?post_type=product&#038;p=1156"},"modified":"2025-08-17T15:33:42","modified_gmt":"2025-08-17T15:33:42","slug":"eucerin-sun-protection-hydro-protect-fluide-ultra-leger-50ml","status":"publish","type":"product","link":"https:\/\/parashopnarimel.com\/ar\/product\/eucerin-sun-protection-hydro-protect-fluide-ultra-leger-50ml\/","title":{"rendered":"Eucerin Sun Protection Hydro Protect Fluide Ultra-L\u00e9ger 50ml"},"content":{"rendered":"<p>La protection solaire Eucerin HYDRO PROTECT FLUIDE ULTRA-L\u00c9GER SPF 50+ 50 ml prot\u00e8ge tous les types de peaux des dommages cutan\u00e9s induits par le soleil, m\u00eame les peaux sensibles.<br \/>\nContient le complexe Hydro-tech, avec de l\u2019Acide Hyaluronique et des Facteurs Naturels d\u2019Hydratation, pour une hydratation imm\u00e9diate et une sensation de fra\u00eecheur sur la peau. Ce soin solaire prot\u00e8ge des dommages cutan\u00e9s induits par le soleil et par la lumi\u00e8re visible de haute \u00e9nergie (HEVIS) gr\u00e2ce aux filtres UV et \u00e0 la Licochalcone A. Il hydrate imm\u00e9diatement la peau gr\u00e2ce au nouveau complexe hydratant HYDRO-TECH compos\u00e9 d\u2019Acide Hyaluronique, de NMFs* et de glyc\u00e9rine. Enfin, il laisse un fini invisible, non gras et non collant id\u00e9al pour un usage quotidien. Le Fluide Ultra-L\u00e9ger SPF 50+ SUN HYDRO PROTECT est cliniquement et dermatologiquement prouv\u00e9 comme \u00e9tant tr\u00e8s bien tol\u00e9r\u00e9 par tous les types de peau, y compris les peaux sensibles.<br \/>\n\u2022\u00a0 S\u2019\u00e9tale facilement et p\u00e9n\u00e8tre rapidement sans laisser de film collant<br \/>\n\u2022\u00a0 Non gras<br \/>\n\u2022\u00a0 Non com\u00e9dog\u00e8ne<br \/>\n\u2022 Convient \u00e0 la zone sensible du contour de l\u2019\u0153il<br \/>\n\u2022\u00a0 Parfum\u00e9<\/p>","protected":false},"excerpt":{"rendered":"<p>La protection solaire Eucerin HYDRO PROTECT FLUIDE ULTRA-L\u00c9GER SPF 50+ 50 ml prot\u00e8ge tous les types de peaux des dommages cutan\u00e9s induits par le soleil, m\u00eame les peaux sensibles.<br \/>\nContient le complexe Hydro-tech, avec de l\u2019Acide Hyaluronique et des Facteurs Naturels d\u2019Hydratation, pour une hydratation imm\u00e9diate et une sensation de fra\u00eecheur sur la peau. Ce soin solaire prot\u00e8ge des dommages cutan\u00e9s induits par le soleil et par la lumi\u00e8re visible de haute \u00e9nergie (HEVIS) gr\u00e2ce aux filtres UV et \u00e0 la Licochalcone A. Il hydrate imm\u00e9diatement la peau gr\u00e2ce au nouveau complexe hydratant HYDRO-TECH compos\u00e9 d\u2019Acide Hyaluronique, de NMFs* et de glyc\u00e9rine. Enfin, il laisse un fini invisible, non gras et non collant id\u00e9al pour un usage quotidien. Le Fluide Ultra-L\u00e9ger SPF 50+ SUN HYDRO PROTECT est cliniquement et dermatologiquement prouv\u00e9 comme \u00e9tant tr\u00e8s bien tol\u00e9r\u00e9 par tous les types de peau, y compris les peaux sensibles.<br \/>\n\u2022\u00a0 S\u2019\u00e9tale facilement et p\u00e9n\u00e8tre rapidement sans laisser de film collant<br \/>\n\u2022\u00a0 Non gras<br \/>\n\u2022\u00a0 Non com\u00e9dog\u00e8ne<br \/>\n\u2022 Convient \u00e0 la zone sensible du contour de l\u2019\u0153il<br \/>\n\u2022\u00a0 Parfum\u00e9<\/p>","protected":false},"featured_media":1211,"comment_status":"open","ping_status":"closed","template":"","meta":[],"product_brand":[],"product_cat":[96,147],"product_tag":[],"class_list":{"0":"post-1156","1":"product","2":"type-product","3":"status-publish","4":"has-post-thumbnail","6":"product_cat-non-classe","7":"product_cat-protection-solaire-visage","9":"first","10":"instock","11":"shipping-taxable","12":"purchasable","13":"product-type-simple"},"_links":{"self":[{"href":"https:\/\/parashopnarimel.com\/ar\/wp-json\/wp\/v2\/product\/1156","targetHints":{"allow":["GET"]}}],"collection":[{"href":"https:\/\/parashopnarimel.com\/ar\/wp-json\/wp\/v2\/product"}],"about":[{"href":"https:\/\/parashopnarimel.com\/ar\/wp-json\/wp\/v2\/types\/product"}],"replies":[{"embeddable":true,"href":"https:\/\/parashopnarimel.com\/ar\/wp-json\/wp\/v2\/comments?post=1156"}],"version-history":[{"count":2,"href":"https:\/\/parashopnarimel.com\/ar\/wp-json\/wp\/v2\/product\/1156\/revisions"}],"predecessor-version":[{"id":11938,"href":"https:\/\/parashopnarimel.com\/ar\/wp-json\/wp\/v2\/product\/1156\/revisions\/11938"}],"wp:featuredmedia":[{"embeddable":true,"href":"https:\/\/parashopnarimel.com\/ar\/wp-json\/wp\/v2\/media\/1211"}],"wp:attachment":[{"href":"https:\/\/parashopnarimel.com\/ar\/wp-json\/wp\/v2\/media?parent=1156"}],"wp:term":[{"taxonomy":"product_brand","embeddable":true,"href":"https:\/\/parashopnarimel.com\/ar\/wp-json\/wp\/v2\/product_brand?post=1156"},{"taxonomy":"product_cat","embeddable":true,"href":"https:\/\/parashopnarimel.com\/ar\/wp-json\/wp\/v2\/product_cat?post=1156"},{"taxonomy":"product_tag","embeddable":true,"href":"https:\/\/parashopnarimel.com\/ar\/wp-json\/wp\/v2\/product_tag?post=1156"}],"curies":[{"name":"wp","href":"https:\/\/api.w.org\/{rel}","templated":true}]}}