{"id":11613,"date":"2025-01-06T07:15:44","date_gmt":"2025-01-06T07:15:44","guid":{"rendered":"https:\/\/parashopnarimel.com\/?post_type=product&#038;p=11613"},"modified":"2025-01-27T09:13:57","modified_gmt":"2025-01-27T09:13:57","slug":"cetaphil-lotion-hydratante-200ml","status":"publish","type":"product","link":"https:\/\/parashopnarimel.com\/ar\/product\/cetaphil-lotion-hydratante-200ml\/","title":{"rendered":"Cetaphil Lotion Hydratante 200Ml"},"content":{"rendered":"<p>La Lotion hydratante Cetaphil est un hydratant non gras et l\u00e9ger, qui hydrate et prot\u00e8ge votre peau sensible. Elle est formul\u00e9e avec un syst\u00e8me d\u2019\u00e9mollients et d\u2019humectants de qualit\u00e9 sup\u00e9rieure qui lient l\u2019eau \u00e0 la peau et pr\u00e9viennent la perte d\u2019humidit\u00e9.\u00a0Elle forme une combinaison unique d\u2019hydratants, dont l\u2019huile d\u2019avocat, pour aider \u00e0 prot\u00e9ger et \u00e0 renforcer la peau des stress environnementaux.<\/p>\n<p>Elle est rapidement absorb\u00e9e et procure une peau douce et lisse<br \/>\nElle est non irritante, non com\u00e9dog\u00e8ne et sans parfum<br \/>\n\u00c9prouv\u00e9e en clinique pour prot\u00e9ger la peau pendant 48 heures<br \/>\nSans parab\u00e8nes<br \/>\nAbsorption imm\u00e9diate pour une peau douce, soyeuse et prot\u00e9g\u00e9e<br \/>\nRestaure la barri\u00e8re d\u2019hydratation de la peau en 1 semaine ou moins<\/p>\n<p>Conseils d\u2019utilisation<\/p>\n<p>Utiliser au quotidien pour une hydratation optimale.<br \/>\nAppliquer g\u00e9n\u00e9reusement sur tout le corps, aussi souvent que n\u00e9cessaire.<\/p>","protected":false},"excerpt":{"rendered":"<p>La Lotion hydratante Cetaphil est un hydratant non gras et l\u00e9ger, qui hydrate et prot\u00e8ge votre peau sensible. Elle est<\/p>","protected":false},"featured_media":11650,"comment_status":"open","ping_status":"closed","template":"","meta":[],"product_brand":[],"product_cat":[96,29,2911],"product_tag":[],"class_list":{"0":"post-11613","1":"product","2":"type-product","3":"status-publish","4":"has-post-thumbnail","6":"product_cat-non-classe","7":"product_cat-creme","8":"product_cat-creme-corps","10":"first","11":"instock","12":"shipping-taxable","13":"purchasable","14":"product-type-simple"},"_links":{"self":[{"href":"https:\/\/parashopnarimel.com\/ar\/wp-json\/wp\/v2\/product\/11613","targetHints":{"allow":["GET"]}}],"collection":[{"href":"https:\/\/parashopnarimel.com\/ar\/wp-json\/wp\/v2\/product"}],"about":[{"href":"https:\/\/parashopnarimel.com\/ar\/wp-json\/wp\/v2\/types\/product"}],"replies":[{"embeddable":true,"href":"https:\/\/parashopnarimel.com\/ar\/wp-json\/wp\/v2\/comments?post=11613"}],"version-history":[{"count":1,"href":"https:\/\/parashopnarimel.com\/ar\/wp-json\/wp\/v2\/product\/11613\/revisions"}],"predecessor-version":[{"id":11651,"href":"https:\/\/parashopnarimel.com\/ar\/wp-json\/wp\/v2\/product\/11613\/revisions\/11651"}],"wp:featuredmedia":[{"embeddable":true,"href":"https:\/\/parashopnarimel.com\/ar\/wp-json\/wp\/v2\/media\/11650"}],"wp:attachment":[{"href":"https:\/\/parashopnarimel.com\/ar\/wp-json\/wp\/v2\/media?parent=11613"}],"wp:term":[{"taxonomy":"product_brand","embeddable":true,"href":"https:\/\/parashopnarimel.com\/ar\/wp-json\/wp\/v2\/product_brand?post=11613"},{"taxonomy":"product_cat","embeddable":true,"href":"https:\/\/parashopnarimel.com\/ar\/wp-json\/wp\/v2\/product_cat?post=11613"},{"taxonomy":"product_tag","embeddable":true,"href":"https:\/\/parashopnarimel.com\/ar\/wp-json\/wp\/v2\/product_tag?post=11613"}],"curies":[{"name":"wp","href":"https:\/\/api.w.org\/{rel}","templated":true}]}}