{"id":11615,"date":"2025-01-06T07:15:44","date_gmt":"2025-01-06T07:15:44","guid":{"rendered":"https:\/\/parashopnarimel.com\/?post_type=product&#038;p=11615"},"modified":"2025-01-19T09:30:06","modified_gmt":"2025-01-19T09:30:06","slug":"noreva-exfoliac-gel-moussant-intensif-200ml","status":"publish","type":"product","link":"https:\/\/parashopnarimel.com\/ar\/product\/noreva-exfoliac-gel-moussant-intensif-200ml\/","title":{"rendered":"Noreva Exfoliac Gel Moussant Intensif 200Ml"},"content":{"rendered":"<p>Gel moussant doux de Exfoliac\u00a0formul\u00e9 pour\u00a0nettoyer en douceur.<br \/>\nIl favorise l\u2019\u00e9limination des impuret\u00e9s\u00a0tout en\u00a0r\u00e9gulant la s\u00e9cr\u00e9tion de s\u00e9bum.<br \/>\nGr\u00e2ce \u00e0 une utilisation quotidienne votre peau est\u00a0purifi\u00e9e, et apais\u00e9e.<\/p>\n<p>Conseils d\u2019utilisation<\/p>\n<p>Appliquer quotidiennement le gel sur une peau humide.<br \/>\nPuis rincer.<br \/>\nNOREVA<br \/>\nExfoliac<br \/>\nGel nettoyant quotidien purifiant<br \/>\nAssainit, \u00e9limine les impuret\u00e9s, apaise<br \/>\nVisage et corps.<br \/>\nPeaux \u00e0 tendance acn\u00e9ique<br \/>\n200ml<\/p>","protected":false},"excerpt":{"rendered":"<p>Gel moussant doux de Exfoliac\u00a0formul\u00e9 pour\u00a0nettoyer en douceur. Il favorise l\u2019\u00e9limination des impuret\u00e9s\u00a0tout en\u00a0r\u00e9gulant la s\u00e9cr\u00e9tion de s\u00e9bum. Gr\u00e2ce \u00e0<\/p>","protected":false},"featured_media":11662,"comment_status":"open","ping_status":"closed","template":"","meta":[],"product_brand":[],"product_cat":[96,22],"product_tag":[2796],"class_list":{"0":"post-11615","1":"product","2":"type-product","3":"status-publish","4":"has-post-thumbnail","6":"product_cat-non-classe","7":"product_cat-nettoyant","8":"product_tag-peaux-a-tendance-acneiquepeaux-grasses","10":"first","11":"instock","12":"sale","13":"shipping-taxable","14":"purchasable","15":"product-type-simple"},"_links":{"self":[{"href":"https:\/\/parashopnarimel.com\/ar\/wp-json\/wp\/v2\/product\/11615","targetHints":{"allow":["GET"]}}],"collection":[{"href":"https:\/\/parashopnarimel.com\/ar\/wp-json\/wp\/v2\/product"}],"about":[{"href":"https:\/\/parashopnarimel.com\/ar\/wp-json\/wp\/v2\/types\/product"}],"replies":[{"embeddable":true,"href":"https:\/\/parashopnarimel.com\/ar\/wp-json\/wp\/v2\/comments?post=11615"}],"version-history":[{"count":2,"href":"https:\/\/parashopnarimel.com\/ar\/wp-json\/wp\/v2\/product\/11615\/revisions"}],"predecessor-version":[{"id":11909,"href":"https:\/\/parashopnarimel.com\/ar\/wp-json\/wp\/v2\/product\/11615\/revisions\/11909"}],"wp:featuredmedia":[{"embeddable":true,"href":"https:\/\/parashopnarimel.com\/ar\/wp-json\/wp\/v2\/media\/11662"}],"wp:attachment":[{"href":"https:\/\/parashopnarimel.com\/ar\/wp-json\/wp\/v2\/media?parent=11615"}],"wp:term":[{"taxonomy":"product_brand","embeddable":true,"href":"https:\/\/parashopnarimel.com\/ar\/wp-json\/wp\/v2\/product_brand?post=11615"},{"taxonomy":"product_cat","embeddable":true,"href":"https:\/\/parashopnarimel.com\/ar\/wp-json\/wp\/v2\/product_cat?post=11615"},{"taxonomy":"product_tag","embeddable":true,"href":"https:\/\/parashopnarimel.com\/ar\/wp-json\/wp\/v2\/product_tag?post=11615"}],"curies":[{"name":"wp","href":"https:\/\/api.w.org\/{rel}","templated":true}]}}