{"id":11623,"date":"2025-01-06T07:15:44","date_gmt":"2025-01-06T07:15:44","guid":{"rendered":"https:\/\/parashopnarimel.com\/?post_type=product&#038;p=11623"},"modified":"2026-04-06T13:29:18","modified_gmt":"2026-04-06T13:29:18","slug":"bioderma-sebium-gel-moussant-purifiant-200ml","status":"publish","type":"product","link":"https:\/\/parashopnarimel.com\/ar\/product\/bioderma-sebium-gel-moussant-purifiant-200ml\/","title":{"rendered":"Bioderma Sebium Gel Moussant Purifiant 200ml"},"content":{"rendered":"<p>Une action cibl\u00e9e contre l\u2019exc\u00e8s de s\u00e9bum<br \/>\nParticuli\u00e8rement sujette aux boutons et points noirs, une\u00a0peau grasse\u00a0se distingue par un certain nombre de sympt\u00f4mes : brillances, points noirs, rougeurs, boutons d\u2019acn\u00e9\u2026 Pour la nettoyer et la purifier sans porter atteinte \u00e0 son \u00e9quilibre, il est recommand\u00e9 d\u2019utiliser un soin\u00a0nettoyant pour le visage\u00a0adapt\u00e9 tel que le gel moussant Bioderma S\u00e9bium. Appr\u00e9ci\u00e9 pour sa formule ultra-douce, ce produit est aussi reconnu pour :<\/p>\n<p>Nettoyer et purifier en douceur les tissus cutan\u00e9s<br \/>\nLimiter l\u2019exc\u00e8s de s\u00e9bum\u00a0de mani\u00e8re probante et durable<br \/>\nPr\u00e9venir l\u2019obstruction des pores de la peau<br \/>\nGarantir une excellente tol\u00e9rance cutan\u00e9e et oculaire<\/p>\n<p>Un concentr\u00e9 d\u2019actifs purifiants et apaisants<br \/>\nS\u00e9cr\u00e9t\u00e9 par les glandes s\u00e9bac\u00e9es, le s\u00e9bum constitue un film lipidique qui prot\u00e8ge la peau du dess\u00e8chement. Lorsqu\u2019il est produit en exc\u00e8s, il peut boucher les pores et favoriser l\u2019apparition de petites imperfections. Les actifs qui entrent dans la composition du gel moussant Bioderma S\u00e9bium ont ainsi \u00e9t\u00e9 s\u00e9lectionn\u00e9s avec soin pour leur action b\u00e9n\u00e9fique sur les peaux grasses. Parmi les principaux ingr\u00e9dients contenus dans ce\u00a0gel nettoyant, on retrouve entre autres :<\/p>\n<p>Le\u00a0sulfate de zinc\u00a0et de cuivre qui assainit l\u2019\u00e9piderme, limite la s\u00e9cr\u00e9tion de s\u00e9bum et r\u00e9duit le nombre d\u2019imperfections<br \/>\nLe complexe naturel brevet\u00e9 D.A.F.TM r\u00e9put\u00e9 pour accro\u00eetre le seuil de tol\u00e9rance de la peau<br \/>\nLe\u00a0ginkgo biloba\u00a0aux remarquables propri\u00e9t\u00e9s antioxydantes et anti-\u00e2ge<\/p>\n<p>Soin indiqu\u00e9 aux personnes ayant la peau grasse, le gel moussant Bioderma S\u00e9bium nettoie et purifie id\u00e9alement la peau tout en respectant l\u2019\u00e9quilibre cutan\u00e9.<br \/>\nConseil d\u2019utilisation<\/p>\n<p>Utilisez votre gel nettoyant le matin et\/ou le soir 7 jours sur 7. Pour un r\u00e9sultat optimal, appliquez Bioderma S\u00e9bium sur une peau mouill\u00e9e. Faites mousser le gel, puis rincez abondamment. S\u00e9chez d\u00e9licatement votre peau pour finir. Notez que ce produit peut \u00e9galement \u00eatre employ\u00e9 en tant que mousse \u00e0 raser.<\/p>","protected":false},"excerpt":{"rendered":"<p>Une action cibl\u00e9e contre l\u2019exc\u00e8s de s\u00e9bum Particuli\u00e8rement sujette aux boutons et points noirs, une\u00a0peau grasse\u00a0se distingue par un certain<\/p>","protected":false},"featured_media":11678,"comment_status":"open","ping_status":"closed","template":"","meta":[],"product_brand":[],"product_cat":[96,22],"product_tag":[2874],"class_list":{"0":"post-11623","1":"product","2":"type-product","3":"status-publish","4":"has-post-thumbnail","6":"product_cat-non-classe","7":"product_cat-nettoyant","8":"product_tag-nettoyantpeaux-grassespoints-noirs","10":"first","11":"instock","12":"shipping-taxable","13":"purchasable","14":"product-type-simple"},"_links":{"self":[{"href":"https:\/\/parashopnarimel.com\/ar\/wp-json\/wp\/v2\/product\/11623","targetHints":{"allow":["GET"]}}],"collection":[{"href":"https:\/\/parashopnarimel.com\/ar\/wp-json\/wp\/v2\/product"}],"about":[{"href":"https:\/\/parashopnarimel.com\/ar\/wp-json\/wp\/v2\/types\/product"}],"replies":[{"embeddable":true,"href":"https:\/\/parashopnarimel.com\/ar\/wp-json\/wp\/v2\/comments?post=11623"}],"version-history":[{"count":2,"href":"https:\/\/parashopnarimel.com\/ar\/wp-json\/wp\/v2\/product\/11623\/revisions"}],"predecessor-version":[{"id":11908,"href":"https:\/\/parashopnarimel.com\/ar\/wp-json\/wp\/v2\/product\/11623\/revisions\/11908"}],"wp:featuredmedia":[{"embeddable":true,"href":"https:\/\/parashopnarimel.com\/ar\/wp-json\/wp\/v2\/media\/11678"}],"wp:attachment":[{"href":"https:\/\/parashopnarimel.com\/ar\/wp-json\/wp\/v2\/media?parent=11623"}],"wp:term":[{"taxonomy":"product_brand","embeddable":true,"href":"https:\/\/parashopnarimel.com\/ar\/wp-json\/wp\/v2\/product_brand?post=11623"},{"taxonomy":"product_cat","embeddable":true,"href":"https:\/\/parashopnarimel.com\/ar\/wp-json\/wp\/v2\/product_cat?post=11623"},{"taxonomy":"product_tag","embeddable":true,"href":"https:\/\/parashopnarimel.com\/ar\/wp-json\/wp\/v2\/product_tag?post=11623"}],"curies":[{"name":"wp","href":"https:\/\/api.w.org\/{rel}","templated":true}]}}