{"id":11810,"date":"2025-01-06T07:17:33","date_gmt":"2025-01-06T07:17:33","guid":{"rendered":"https:\/\/parashopnarimel.com\/?post_type=product&#038;p=11810"},"modified":"2025-01-22T22:13:27","modified_gmt":"2025-01-22T22:13:27","slug":"acm-depiwhite-m-ecran-solaire-spf50-invisible-40ml","status":"publish","type":"product","link":"https:\/\/parashopnarimel.com\/ar\/product\/acm-depiwhite-m-ecran-solaire-spf50-invisible-40ml\/","title":{"rendered":"ACM Depiwhite.M \u00c9cran Solaire Spf50+ Invisible 40Ml"},"content":{"rendered":"<p>Cr\u00e8me \u00e9cran solaire SPF 50\u00a0offre une double efficacit\u00e9, elle permet de lutter contre les\u00a0taches pigmentaires, de type\u00a0masque de grossesse\u00a0ou\u00a0taches li\u00e9es \u00e0 l\u2019\u00e2ge. Ses\u00a0filtres solaires\u00a0(\u00e0 base d\u2019agents r\u00e9fl\u00e9chissants) uniques prot\u00e8gent des\u00a0rayons UVA, UVB, lumi\u00e8re bleue et violette. Sa texture fluide est facile \u00e0 appliquer, de plus, elle est tr\u00e8s\u00a0r\u00e9sistante \u00e0 l\u2019eau.<\/p>\n<p>Conseils d\u2019utilisation<\/p>\n<p>Utilisez la\u00a0cr\u00e8me \u00e9cran solaire D\u00e9piwhite,\u00a0quotidiennement, pour prot\u00e9ger votre\u00a0\u00e9piderme\u00a0des\u00a0rayons solaires\u00a0et pour limiter l\u2019apparence des\u00a0taches pigmentaires.<\/p>","protected":false},"excerpt":{"rendered":"<p>Cr\u00e8me \u00e9cran solaire SPF 50\u00a0offre une double efficacit\u00e9, elle permet de lutter contre les\u00a0taches pigmentaires, de type\u00a0masque de grossesse\u00a0ou\u00a0taches li\u00e9es<\/p>","protected":false},"featured_media":11873,"comment_status":"open","ping_status":"closed","template":"","meta":[],"product_brand":[],"product_cat":[96,1110,76,29],"product_tag":[],"class_list":{"0":"post-11810","1":"product","2":"type-product","3":"status-publish","4":"has-post-thumbnail","6":"product_cat-non-classe","7":"product_cat-anti-taches","8":"product_cat-bebe-et-maman","9":"product_cat-creme","11":"first","12":"instock","13":"shipping-taxable","14":"purchasable","15":"product-type-simple"},"_links":{"self":[{"href":"https:\/\/parashopnarimel.com\/ar\/wp-json\/wp\/v2\/product\/11810","targetHints":{"allow":["GET"]}}],"collection":[{"href":"https:\/\/parashopnarimel.com\/ar\/wp-json\/wp\/v2\/product"}],"about":[{"href":"https:\/\/parashopnarimel.com\/ar\/wp-json\/wp\/v2\/types\/product"}],"replies":[{"embeddable":true,"href":"https:\/\/parashopnarimel.com\/ar\/wp-json\/wp\/v2\/comments?post=11810"}],"version-history":[{"count":2,"href":"https:\/\/parashopnarimel.com\/ar\/wp-json\/wp\/v2\/product\/11810\/revisions"}],"predecessor-version":[{"id":11907,"href":"https:\/\/parashopnarimel.com\/ar\/wp-json\/wp\/v2\/product\/11810\/revisions\/11907"}],"wp:featuredmedia":[{"embeddable":true,"href":"https:\/\/parashopnarimel.com\/ar\/wp-json\/wp\/v2\/media\/11873"}],"wp:attachment":[{"href":"https:\/\/parashopnarimel.com\/ar\/wp-json\/wp\/v2\/media?parent=11810"}],"wp:term":[{"taxonomy":"product_brand","embeddable":true,"href":"https:\/\/parashopnarimel.com\/ar\/wp-json\/wp\/v2\/product_brand?post=11810"},{"taxonomy":"product_cat","embeddable":true,"href":"https:\/\/parashopnarimel.com\/ar\/wp-json\/wp\/v2\/product_cat?post=11810"},{"taxonomy":"product_tag","embeddable":true,"href":"https:\/\/parashopnarimel.com\/ar\/wp-json\/wp\/v2\/product_tag?post=11810"}],"curies":[{"name":"wp","href":"https:\/\/api.w.org\/{rel}","templated":true}]}}