{"id":1185,"date":"2024-12-29T06:23:24","date_gmt":"2024-12-29T06:23:24","guid":{"rendered":"https:\/\/parashopnarimel.com\/?post_type=product&#038;p=1185"},"modified":"2025-01-19T10:45:54","modified_gmt":"2025-01-19T10:45:54","slug":"luxeol-shampooing-croissance-200ml","status":"publish","type":"product","link":"https:\/\/parashopnarimel.com\/ar\/product\/luxeol-shampooing-croissance-200ml\/","title":{"rendered":"Luxeol Shampooing Croissance 200ml"},"content":{"rendered":"<p>D\u00e9couvrez le shampooing Croissance, \u00e0 la formule d\u2019origine naturelle et \u00e0 la mousse l\u00e9g\u00e8re et agr\u00e9able.<br \/>\nCe shampooing est issu du protocole Croissance4\u00a0qui acc\u00e9l\u00e8re la croissance de vos cheveux de 60%2.<br \/>\nVos cheveux poussent beaucoup plus vite : 6 cm en 3 mois1\u00a0!<br \/>\nUne \u00e9tude clinique contre placebo men\u00e9e sur 87 femmes, a montr\u00e9 une efficacit\u00e9 dans 100% des cas3.<\/p>\n<p>Cheveux plus longs : 6 cm en 3 mois1<br \/>\nAcc\u00e9l\u00e8re la croissance des cheveux : 60%2\u00a0plus vite<br \/>\nFonctionne dans 100% des cas test\u00e9s3<br \/>\n\u00c9tude clinique contre placebo<\/p>","protected":false},"excerpt":{"rendered":"<p>D\u00e9couvrez le shampooing Croissance, \u00e0 la formule d\u2019origine naturelle et \u00e0 la mousse l\u00e9g\u00e8re et agr\u00e9able.<br \/>\nCe shampooing est issu du protocole Croissance4\u00a0qui acc\u00e9l\u00e8re la croissance de vos cheveux de 60%2.<br \/>\nVos cheveux poussent beaucoup plus vite : 6 cm en 3 mois1\u00a0!<br \/>\nUne \u00e9tude clinique contre placebo men\u00e9e sur 87 femmes, a montr\u00e9 une efficacit\u00e9 dans 100% des cas3.<\/p>\n<p>Cheveux plus longs : 6 cm en 3 mois1<br \/>\nAcc\u00e9l\u00e8re la croissance des cheveux : 60%2\u00a0plus vite<br \/>\nFonctionne dans 100% des cas test\u00e9s3<br \/>\n\u00c9tude clinique contre placebo<\/p>","protected":false},"featured_media":1256,"comment_status":"open","ping_status":"closed","template":"","meta":[],"product_brand":[],"product_cat":[1361],"product_tag":[],"class_list":{"0":"post-1185","1":"product","2":"type-product","3":"status-publish","4":"has-post-thumbnail","6":"product_cat-shampoings-pellicules-anti-chute","8":"first","9":"instock","10":"shipping-taxable","11":"purchasable","12":"product-type-simple"},"_links":{"self":[{"href":"https:\/\/parashopnarimel.com\/ar\/wp-json\/wp\/v2\/product\/1185","targetHints":{"allow":["GET"]}}],"collection":[{"href":"https:\/\/parashopnarimel.com\/ar\/wp-json\/wp\/v2\/product"}],"about":[{"href":"https:\/\/parashopnarimel.com\/ar\/wp-json\/wp\/v2\/types\/product"}],"replies":[{"embeddable":true,"href":"https:\/\/parashopnarimel.com\/ar\/wp-json\/wp\/v2\/comments?post=1185"}],"version-history":[{"count":1,"href":"https:\/\/parashopnarimel.com\/ar\/wp-json\/wp\/v2\/product\/1185\/revisions"}],"predecessor-version":[{"id":1257,"href":"https:\/\/parashopnarimel.com\/ar\/wp-json\/wp\/v2\/product\/1185\/revisions\/1257"}],"wp:featuredmedia":[{"embeddable":true,"href":"https:\/\/parashopnarimel.com\/ar\/wp-json\/wp\/v2\/media\/1256"}],"wp:attachment":[{"href":"https:\/\/parashopnarimel.com\/ar\/wp-json\/wp\/v2\/media?parent=1185"}],"wp:term":[{"taxonomy":"product_brand","embeddable":true,"href":"https:\/\/parashopnarimel.com\/ar\/wp-json\/wp\/v2\/product_brand?post=1185"},{"taxonomy":"product_cat","embeddable":true,"href":"https:\/\/parashopnarimel.com\/ar\/wp-json\/wp\/v2\/product_cat?post=1185"},{"taxonomy":"product_tag","embeddable":true,"href":"https:\/\/parashopnarimel.com\/ar\/wp-json\/wp\/v2\/product_tag?post=1185"}],"curies":[{"name":"wp","href":"https:\/\/api.w.org\/{rel}","templated":true}]}}