{"id":11862,"date":"2025-01-06T07:17:55","date_gmt":"2025-01-06T07:17:55","guid":{"rendered":"https:\/\/parashopnarimel.com\/?post_type=product&#038;p=11862"},"modified":"2025-01-27T09:12:08","modified_gmt":"2025-01-27T09:12:08","slug":"cetaphil-daily-advance-ultra-hydrating-lotion-225g","status":"publish","type":"product","link":"https:\/\/parashopnarimel.com\/ar\/product\/cetaphil-daily-advance-ultra-hydrating-lotion-225g\/","title":{"rendered":"Cetaphil Daily Advance Ultra Hydrating Lotion 225G"},"content":{"rendered":"<p>Cetaphil Cr\u00e8me Hydratante a \u00e9t\u00e9 sp\u00e9cialement con\u00e7ue pour une hydratation quotidienne intense des peaux s\u00e8ches, sensibles et ab\u00eem\u00e9es. Cetaphil Cr\u00e8me Hydratante offre une hydratation rapide et durable des couches sup\u00e9rieures de l\u2019\u00e9piderme. Un manque d\u2019hydratation entra\u00eene une perturbation de cette couche grasse, qui provoque d\u00e9shydratation, dess\u00e8chement, desquamation et irritation. Cetaphil Cr\u00e8me Hydratante assure une hydratation durable et apaise et adoucit imm\u00e9diatement la peau. Convient au visage et au corps et en particulier aux mains, aux coudes et aux genoux. La cr\u00e8me est absorb\u00e9e rapidement, n\u2019obstrue pas les pores et est formul\u00e9e sans parfum.<br \/>\nNon com\u00e9dog\u00e8ne<br \/>\nCaract\u00e9ristiques du produit :<br \/>\n\u2013 Hydratation intense et protection 24 heures cliniquement prouv\u00e9es<br \/>\n\u2013 Apaise et adoucit imm\u00e9diatement la peau.<br \/>\n\u2013 Est absorb\u00e9e rapidement et ne colle pas.<br \/>\n\u2013 Tol\u00e9rante pour la peau et sans parfum<br \/>\n\u2013 N\u2019obstrue pas les pores.<br \/>\n\u2013 Convient au visage et au corps.<br \/>\nIndications :<br \/>\n\u2013 Pour les peaux s\u00e8ches et sensibles<br \/>\n\u2013 Pour le visage<br \/>\n\u2013 Pour le corps<br \/>\n\u2013 Convient aux adultes.<br \/>\n\u2013 Recommand\u00e9e pour r\u00e9hydrater les peaux ab\u00eem\u00e9es et suite \u00e0 des traitements dermatologiques<br \/>\nUtilisation :<br \/>\n\u2013 Appliquer la cr\u00e8me hydratante quotidiennement ou aussi souvent que n\u00e9cessaire.<br \/>\n\u2013 Il est recommand\u00e9 de nettoyer d\u2019abord la peau avec Cetaphil Lotion Nettoyante.<br \/>\n\u2013 Appliquer la cr\u00e8me sur une peau humide pour l\u2019aider \u00e0 retenir les mol\u00e9cules d\u2019eau et pr\u00e9server sa douceur et son apparence lisse.<\/p>","protected":false},"excerpt":{"rendered":"<p>Cetaphil Cr\u00e8me Hydratante a \u00e9t\u00e9 sp\u00e9cialement con\u00e7ue pour une hydratation quotidienne intense des peaux s\u00e8ches, sensibles et ab\u00eem\u00e9es. Cetaphil Cr\u00e8me<\/p>","protected":false},"featured_media":11897,"comment_status":"open","ping_status":"closed","template":"","meta":[],"product_brand":[],"product_cat":[96,29],"product_tag":[2814],"class_list":{"0":"post-11862","1":"product","2":"type-product","3":"status-publish","4":"has-post-thumbnail","6":"product_cat-non-classe","7":"product_cat-creme","8":"product_tag-peaux-sechespeaux-sensibles","10":"first","11":"instock","12":"shipping-taxable","13":"purchasable","14":"product-type-simple"},"_links":{"self":[{"href":"https:\/\/parashopnarimel.com\/ar\/wp-json\/wp\/v2\/product\/11862","targetHints":{"allow":["GET"]}}],"collection":[{"href":"https:\/\/parashopnarimel.com\/ar\/wp-json\/wp\/v2\/product"}],"about":[{"href":"https:\/\/parashopnarimel.com\/ar\/wp-json\/wp\/v2\/types\/product"}],"replies":[{"embeddable":true,"href":"https:\/\/parashopnarimel.com\/ar\/wp-json\/wp\/v2\/comments?post=11862"}],"version-history":[{"count":1,"href":"https:\/\/parashopnarimel.com\/ar\/wp-json\/wp\/v2\/product\/11862\/revisions"}],"predecessor-version":[{"id":11898,"href":"https:\/\/parashopnarimel.com\/ar\/wp-json\/wp\/v2\/product\/11862\/revisions\/11898"}],"wp:featuredmedia":[{"embeddable":true,"href":"https:\/\/parashopnarimel.com\/ar\/wp-json\/wp\/v2\/media\/11897"}],"wp:attachment":[{"href":"https:\/\/parashopnarimel.com\/ar\/wp-json\/wp\/v2\/media?parent=11862"}],"wp:term":[{"taxonomy":"product_brand","embeddable":true,"href":"https:\/\/parashopnarimel.com\/ar\/wp-json\/wp\/v2\/product_brand?post=11862"},{"taxonomy":"product_cat","embeddable":true,"href":"https:\/\/parashopnarimel.com\/ar\/wp-json\/wp\/v2\/product_cat?post=11862"},{"taxonomy":"product_tag","embeddable":true,"href":"https:\/\/parashopnarimel.com\/ar\/wp-json\/wp\/v2\/product_tag?post=11862"}],"curies":[{"name":"wp","href":"https:\/\/api.w.org\/{rel}","templated":true}]}}