{"id":12003,"date":"2025-01-17T15:31:04","date_gmt":"2025-01-17T15:31:04","guid":{"rendered":"https:\/\/parashopnarimel.com\/?post_type=product&#038;p=12003"},"modified":"2025-01-19T09:36:30","modified_gmt":"2025-01-19T09:36:30","slug":"dr-althea-345-relief-cream","status":"publish","type":"product","link":"https:\/\/parashopnarimel.com\/ar\/product\/dr-althea-345-relief-cream\/","title":{"rendered":"Dr.Althea 345 Relief Cream"},"content":{"rendered":"<p>345 Relief Cream est une cr\u00e8me gel pommade r\u00e9g\u00e9n\u00e9rante riche en nutriments qui combine habilement des ingr\u00e9dients pour traiter les imperfections, nourrir la peau et lui apporter des soins apaisants, pour une solution de soin compl\u00e8te. Cette cr\u00e8me post-acn\u00e9 l\u00e9g\u00e8re traite efficacement les s\u00e9quelles de l\u2019acn\u00e9 sans sensation de lourdeur. Sa structure de cr\u00e8me multicouche offre un soin complet et durable de la peau en r\u00e9pondant aux diff\u00e9rents besoins de la peau, assurant une hydratation et une nutrition continues.<\/p>\n<p>Cette cr\u00e8me contient un puissant m\u00e9lange de niacinamide, de panth\u00e9nol et d\u2019extrait de tige d\u2019Opuntia Ficus-Indica, chacun pr\u00e9sent en concentrations importantes (10 000 ppm), offrant de nombreux bienfaits pour la peau. La niacinamide, ou vitamine B3, renforce la barri\u00e8re d\u2019hydratation de la peau, r\u00e9gule la production de s\u00e9bum, att\u00e9nue les taches brunes et favorise un teint uniforme. Le panth\u00e9nol offre une hydratation efficace, aide \u00e0 gu\u00e9rir les irritations mineures et apaise les rougeurs. L\u2019extrait de tige d\u2019Opuntia Ficus-Indica offre une hydratation exceptionnelle et est id\u00e9al pour les peaux s\u00e8ches ou sensibles. La structure multicouche de la cr\u00e8me assure une nutrition et une hydratation durables de la peau gr\u00e2ce \u00e0 des hydratants concentr\u00e9s \u00e0 base de plantes et \u00e0 de l\u2019acide hyaluronique.<\/p>\n<p>Cette cr\u00e8me est une option de soin douce et naturelle, sans colorants ni parfums artificiels, ce qui la rend id\u00e9ale pour les peaux sensibles. Elle offre une sensation soyeuse, non grasse et rafra\u00eechissante gr\u00e2ce aux huiles hydratantes, et elle est \u00e0 la fois certifi\u00e9e v\u00e9g\u00e9talienne et class\u00e9e EWG Green Grade, soulignant son engagement envers les normes environnementales et de s\u00e9curit\u00e9 cutan\u00e9e.<\/p>\n<h4><strong>Conseils d\u2019utilisation<\/strong><\/h4>\n<ol>\n<li>Lavez votre visage avec un nettoyant doux adapt\u00e9 \u00e0 votre type de peau.<\/li>\n<li>Appliquez d\u2019abord des produits de soin moins visqueux comme du toner.<\/li>\n<li>Appliquez une quantit\u00e9 ad\u00e9quate de la cr\u00e8me barri\u00e8re 345 comme \u00e9tape finale ou semi-finale de votre routine de soins de la peau.<\/li>\n<\/ol>\n<h4>Composition<\/h4>\n<p>WATER,\u00a0PROPANEDIOL, GLYCERIN,\u00a0CYCLOHEXASILOXANE, 1,2-HEXANEDIOL,\u00a0NIACINAMIDE,\u00a0CAPRYLIC\/CAPRIC, TRIGLYCERIDE,\u00a0POLYGLYCERIN-3,\u00a0PANTHENOL, POLYGLYCERYL-10 STEARATE, HYDROGENATED POLYDECENE, HYDROGENATED POLY(C6-14 OLEFIN), DICAPRYLYL CARBONATE, AMMONIUM ACRYLOYLDIMETHYLTAURATE\/VP COPOLYMER, C14-22 ALCOHOLS, POLYMETHYLSILSESQUIOXANE, C12-20 ALKYL GLUCOSIDE, BUTYLENE GLYCOL, ACRYLATES\/C10-30 ALKYL ACRYLATE CROSSPOLYMER, ETHYLHEXYLGLYCERIN, POLYQUATERNIUM-51, TROMETHAMINE, SODIUM HYALURONATE, COPTIS JAPONICA ROOT EXTRACT, HOUTTUYNIA CORDATA EXTRACT, OENOTHERA BIENNIS (EVENING PRIMROSE) FLOWER EXTRACT, BETA-GLUCAN, RESVERATROL, GARDENIA FLORIDA FRUIT EXTRACT, LAVANDULA ANGUSTIFOLIA (LAVENDER) FLOWER EXTRACT, OPUNTIA FICUS-INDICA STEM EXTRACT, HYDROLYZED HYALURONIC ACID, CENTELLA ASIATICA LEAF EXTRACT, PHENOXYETHANOL, HIBISCUS SABDARIFFA FLOWER EXTRACT, TOCOPHEROL, CORALLINA OFFICINALIS EXTRACT, CERAMIDE NP<\/p>","protected":false},"excerpt":{"rendered":"<p>345 Relief Cream est une cr\u00e8me gel pommade r\u00e9g\u00e9n\u00e9rante riche en nutriments qui combine habilement des ingr\u00e9dients pour traiter les<\/p>","protected":false},"featured_media":12004,"comment_status":"open","ping_status":"closed","template":"","meta":[],"product_brand":[],"product_cat":[96,1110,29],"product_tag":[],"class_list":{"0":"post-12003","1":"product","2":"type-product","3":"status-publish","4":"has-post-thumbnail","6":"product_cat-non-classe","7":"product_cat-anti-taches","8":"product_cat-creme","10":"first","11":"instock","12":"sale","13":"shipping-taxable","14":"purchasable","15":"product-type-simple"},"_links":{"self":[{"href":"https:\/\/parashopnarimel.com\/ar\/wp-json\/wp\/v2\/product\/12003","targetHints":{"allow":["GET"]}}],"collection":[{"href":"https:\/\/parashopnarimel.com\/ar\/wp-json\/wp\/v2\/product"}],"about":[{"href":"https:\/\/parashopnarimel.com\/ar\/wp-json\/wp\/v2\/types\/product"}],"replies":[{"embeddable":true,"href":"https:\/\/parashopnarimel.com\/ar\/wp-json\/wp\/v2\/comments?post=12003"}],"version-history":[{"count":2,"href":"https:\/\/parashopnarimel.com\/ar\/wp-json\/wp\/v2\/product\/12003\/revisions"}],"predecessor-version":[{"id":12006,"href":"https:\/\/parashopnarimel.com\/ar\/wp-json\/wp\/v2\/product\/12003\/revisions\/12006"}],"wp:featuredmedia":[{"embeddable":true,"href":"https:\/\/parashopnarimel.com\/ar\/wp-json\/wp\/v2\/media\/12004"}],"wp:attachment":[{"href":"https:\/\/parashopnarimel.com\/ar\/wp-json\/wp\/v2\/media?parent=12003"}],"wp:term":[{"taxonomy":"product_brand","embeddable":true,"href":"https:\/\/parashopnarimel.com\/ar\/wp-json\/wp\/v2\/product_brand?post=12003"},{"taxonomy":"product_cat","embeddable":true,"href":"https:\/\/parashopnarimel.com\/ar\/wp-json\/wp\/v2\/product_cat?post=12003"},{"taxonomy":"product_tag","embeddable":true,"href":"https:\/\/parashopnarimel.com\/ar\/wp-json\/wp\/v2\/product_tag?post=12003"}],"curies":[{"name":"wp","href":"https:\/\/api.w.org\/{rel}","templated":true}]}}