{"id":1219,"date":"2024-12-29T06:24:11","date_gmt":"2024-12-29T06:24:11","guid":{"rendered":"https:\/\/parashopnarimel.com\/?post_type=product&#038;p=1219"},"modified":"2025-01-20T15:17:51","modified_gmt":"2025-01-20T15:17:51","slug":"cosrx-the-retinol-0-1-cream","status":"publish","type":"product","link":"https:\/\/parashopnarimel.com\/ar\/product\/cosrx-the-retinol-0-1-cream\/","title":{"rendered":"Cosrx The Retinol 0.1 Cream"},"content":{"rendered":"<p>Le s\u00e9rum huileux anti-rides Cosrx Retinol 0.5 aide \u00e0 faire face \u00e0 la perte de souplesse de la peau, \u00e0 son ass\u00e8chement et aux autres signes de vieillissement. Il contient du r\u00e9tinol concentr\u00e9, qui repr\u00e9sente l\u2019un des meilleurs outils pour lutter contre les changements travers\u00e9s par la peau sous l\u2019effet du vieillissement. Le r\u00e9tinol lisse les rides, raffermit la peau et lui donne un aspect sain et lumineux. Ainsi, votre peau retrouvera fra\u00eecheur et jeunesse en 4\u00a0semaines seulement.<\/p>\n<p>s\u00e9rum huileux au r\u00e9tinol pur et concentr\u00e9, agit de fa\u00e7on cibl\u00e9e sur les signes de vieillissement de la peau<br \/>\natt\u00e9nue les ridules et les rides profondes du front et du contour des yeux, du nez et de la bouche<br \/>\nconvient pour les peaux d\u00e9j\u00e0 partiellement habitu\u00e9es au r\u00e9tinol<br \/>\nam\u00e9liore l\u2019\u00e9lasticit\u00e9 de la peau, la retend et la lisse<br \/>\nlaisse la peau visiblement rajeunie et pleine de vie<\/p>","protected":false},"excerpt":{"rendered":"<p>Le s\u00e9rum huileux anti-rides Cosrx Retinol 0.5 aide \u00e0 faire face \u00e0 la perte de souplesse de la peau, \u00e0<\/p>","protected":false},"featured_media":1295,"comment_status":"open","ping_status":"closed","template":"","meta":[],"product_brand":[],"product_cat":[96,29],"product_tag":[],"class_list":{"0":"post-1219","1":"product","2":"type-product","3":"status-publish","4":"has-post-thumbnail","6":"product_cat-non-classe","7":"product_cat-creme","9":"first","10":"outofstock","11":"shipping-taxable","12":"purchasable","13":"product-type-simple"},"_links":{"self":[{"href":"https:\/\/parashopnarimel.com\/ar\/wp-json\/wp\/v2\/product\/1219","targetHints":{"allow":["GET"]}}],"collection":[{"href":"https:\/\/parashopnarimel.com\/ar\/wp-json\/wp\/v2\/product"}],"about":[{"href":"https:\/\/parashopnarimel.com\/ar\/wp-json\/wp\/v2\/types\/product"}],"replies":[{"embeddable":true,"href":"https:\/\/parashopnarimel.com\/ar\/wp-json\/wp\/v2\/comments?post=1219"}],"version-history":[{"count":1,"href":"https:\/\/parashopnarimel.com\/ar\/wp-json\/wp\/v2\/product\/1219\/revisions"}],"predecessor-version":[{"id":1296,"href":"https:\/\/parashopnarimel.com\/ar\/wp-json\/wp\/v2\/product\/1219\/revisions\/1296"}],"wp:featuredmedia":[{"embeddable":true,"href":"https:\/\/parashopnarimel.com\/ar\/wp-json\/wp\/v2\/media\/1295"}],"wp:attachment":[{"href":"https:\/\/parashopnarimel.com\/ar\/wp-json\/wp\/v2\/media?parent=1219"}],"wp:term":[{"taxonomy":"product_brand","embeddable":true,"href":"https:\/\/parashopnarimel.com\/ar\/wp-json\/wp\/v2\/product_brand?post=1219"},{"taxonomy":"product_cat","embeddable":true,"href":"https:\/\/parashopnarimel.com\/ar\/wp-json\/wp\/v2\/product_cat?post=1219"},{"taxonomy":"product_tag","embeddable":true,"href":"https:\/\/parashopnarimel.com\/ar\/wp-json\/wp\/v2\/product_tag?post=1219"}],"curies":[{"name":"wp","href":"https:\/\/api.w.org\/{rel}","templated":true}]}}