{"id":1224,"date":"2024-12-29T06:24:11","date_gmt":"2024-12-29T06:24:11","guid":{"rendered":"https:\/\/parashopnarimel.com\/?post_type=product&#038;p=1224"},"modified":"2025-01-19T10:28:10","modified_gmt":"2025-01-19T10:28:10","slug":"cerave-creme-moussante-nettoyante-hydratante-237ml","status":"publish","type":"product","link":"https:\/\/parashopnarimel.com\/ar\/product\/cerave-creme-moussante-nettoyante-hydratante-237ml\/","title":{"rendered":"Cerave creme moussante nettoyante hydratante 237ML"},"content":{"rendered":"","protected":false},"excerpt":{"rendered":"<p>Texture cr\u00e8me moussante qui \u00e9limine les impuret\u00e9s et d\u00e9maquille.<\/p>\n<p>La Cr\u00e8me Moussante Nettoyante Hydratante de CeraVe est un soin qui nettoie et d\u00e9maquille les peaux normales \u00e0 s\u00e8ches. Formul\u00e9e \u00e0 partir de tensio-actifs doux \u00e0 base d\u2019acides amin\u00e9s, elle nettoie la peau en douceur sans alt\u00e9rer la barri\u00e8re cutan\u00e9e. Sa formule \u00e9limine les impuret\u00e9s, la pollution et m\u00eame le maquillage longue tenue. Ce nettoyant \u00e0 la texture cr\u00e8me se transforme en une mousse d\u00e9licate lorsqu\u2019elle s\u2019applique sur une peau humide. Elle rafraichit et laisse une peau douce et hydrat\u00e9e sans sentation d\u2019inconfort ou de tiraillement.<br \/>\nEnrichie aux\u00a03 c\u00e9ramides essentiels\u00a0\u00e0 l\u2019\u00a0acide hyaluronique, et \u00e0 la\u00a0niacinamide,elle hydrate en continu gr\u00e2ce \u00e0 la technologie MVE et apaise la peau.<br \/>\nD\u00e9velopp\u00e9e avec des dermatologues et selon une charte de formulation stricte, sa formule est respectueuse de la peau avec un pH physiologique, sans parfum, hypoallerg\u00e9nique et non-com\u00e9dog\u00e8ne. Elle est test\u00e9e sous contr\u00f4le dermatologique et ophtalmologique. Elle s\u2019applique sur le visage et yeux et ne pique pas les yeux.<\/p>","protected":false},"featured_media":1312,"comment_status":"open","ping_status":"closed","template":"","meta":[],"product_brand":[],"product_cat":[96,22,2912],"product_tag":[],"class_list":{"0":"post-1224","1":"product","2":"type-product","3":"status-publish","4":"has-post-thumbnail","6":"product_cat-non-classe","7":"product_cat-nettoyant","8":"product_cat-nettoyant-corps","10":"first","11":"instock","12":"sale","13":"shipping-taxable","14":"purchasable","15":"product-type-simple"},"_links":{"self":[{"href":"https:\/\/parashopnarimel.com\/ar\/wp-json\/wp\/v2\/product\/1224","targetHints":{"allow":["GET"]}}],"collection":[{"href":"https:\/\/parashopnarimel.com\/ar\/wp-json\/wp\/v2\/product"}],"about":[{"href":"https:\/\/parashopnarimel.com\/ar\/wp-json\/wp\/v2\/types\/product"}],"replies":[{"embeddable":true,"href":"https:\/\/parashopnarimel.com\/ar\/wp-json\/wp\/v2\/comments?post=1224"}],"version-history":[{"count":2,"href":"https:\/\/parashopnarimel.com\/ar\/wp-json\/wp\/v2\/product\/1224\/revisions"}],"predecessor-version":[{"id":8221,"href":"https:\/\/parashopnarimel.com\/ar\/wp-json\/wp\/v2\/product\/1224\/revisions\/8221"}],"wp:featuredmedia":[{"embeddable":true,"href":"https:\/\/parashopnarimel.com\/ar\/wp-json\/wp\/v2\/media\/1312"}],"wp:attachment":[{"href":"https:\/\/parashopnarimel.com\/ar\/wp-json\/wp\/v2\/media?parent=1224"}],"wp:term":[{"taxonomy":"product_brand","embeddable":true,"href":"https:\/\/parashopnarimel.com\/ar\/wp-json\/wp\/v2\/product_brand?post=1224"},{"taxonomy":"product_cat","embeddable":true,"href":"https:\/\/parashopnarimel.com\/ar\/wp-json\/wp\/v2\/product_cat?post=1224"},{"taxonomy":"product_tag","embeddable":true,"href":"https:\/\/parashopnarimel.com\/ar\/wp-json\/wp\/v2\/product_tag?post=1224"}],"curies":[{"name":"wp","href":"https:\/\/api.w.org\/{rel}","templated":true}]}}