{"id":12261,"date":"2025-01-23T09:43:29","date_gmt":"2025-01-23T09:43:29","guid":{"rendered":"https:\/\/parashopnarimel.com\/?post_type=product&#038;p=12261"},"modified":"2025-10-01T06:10:28","modified_gmt":"2025-10-01T06:10:28","slug":"anua-heartleaf-77-clear-pad-70-pads-160ml","status":"publish","type":"product","link":"https:\/\/parashopnarimel.com\/ar\/product\/anua-heartleaf-77-clear-pad-70-pads-160ml\/","title":{"rendered":"Anua HEARTLEAF 77% Clear Pad (70 pads) 160ml"},"content":{"rendered":"<p><strong><img fetchpriority=\"high\" decoding=\"async\" class=\"alignnone size-medium wp-image-12263\" src=\"https:\/\/parashopnarimel.com\/wp-content\/uploads\/2025\/01\/anua-heartleaf-77-clear-pad-411852-300x300.jpg\" alt=\"\" width=\"300\" height=\"300\" srcset=\"https:\/\/parashopnarimel.com\/wp-content\/uploads\/2025\/01\/anua-heartleaf-77-clear-pad-411852-300x300.jpg 300w, https:\/\/parashopnarimel.com\/wp-content\/uploads\/2025\/01\/anua-heartleaf-77-clear-pad-411852-600x600.jpg 600w, https:\/\/parashopnarimel.com\/wp-content\/uploads\/2025\/01\/anua-heartleaf-77-clear-pad-411852-150x150.jpg 150w, https:\/\/parashopnarimel.com\/wp-content\/uploads\/2025\/01\/anua-heartleaf-77-clear-pad-411852-1024x1024.jpg 1024w, https:\/\/parashopnarimel.com\/wp-content\/uploads\/2025\/01\/anua-heartleaf-77-clear-pad-411852-768x768.jpg 768w, https:\/\/parashopnarimel.com\/wp-content\/uploads\/2025\/01\/anua-heartleaf-77-clear-pad-411852-12x12.jpg 12w, https:\/\/parashopnarimel.com\/wp-content\/uploads\/2025\/01\/anua-heartleaf-77-clear-pad-411852.jpg 1200w\" sizes=\"(max-width: 300px) 100vw, 300px\" \/> <\/strong><\/p>\n<p><strong>D\u00e9couvrez l&rsquo;effet calmant de Anua Heartleaf 77% Clear PadVotre compagnon secret pour une peau radieuse et claire.<\/strong>\u00a0Enrichis \u00e0 77 % d&rsquo;extrait de feuille de c\u0153ur, un ingr\u00e9dient puissant connu pour ses propri\u00e9t\u00e9s anti-inflammatoires et apaisantes, ces tampons nettoyants procurent un nettoyage doux mais efficace. Leur utilisation quotidienne permet d&rsquo;\u00e9liminer en douceur les impuret\u00e9s et de r\u00e9duire les rougeurs, pour une peau \u00e9quilibr\u00e9e et renouvel\u00e9e.<\/p>\n<p>La formule unique contr\u00f4le efficacement la production de s\u00e9bum et resserre les pores, laissant la peau propre et rafra\u00eechie. Avec un pH de 4 \u00e0 5, elle pr\u00e9serve la sant\u00e9 de la peau.\u00a0<strong>Anua &#8211; Heartleaf 77% Clear Pad<\/strong>\u00a0l&rsquo;\u00e9quilibre naturel de la peau, et donc une harmonie parfaite entre l&rsquo;huile et l&rsquo;hydratation.<\/p>\n<p><strong>B\u00e9n\u00e9fices :<\/strong><\/p>\n<ul>\n<li><strong>Ingr\u00e9dients naturels :<\/strong>\u00a0Contient des extraits de plantes de Cor\u00e9e qui sont doux pour la peau.<\/li>\n<li><strong>Contr\u00f4le du s\u00e9bum :\u00a0<\/strong>Anti Sebum P aide \u00e0 r\u00e9guler la production de s\u00e9bum dans la peau.<\/li>\n<li><strong>Exfoliation douce :<\/strong>\u00a0\u00c9limine efficacement les cellules mortes sans irriter la peau.<\/li>\n<li><strong>Nettoyage en profondeur :<\/strong>\u00a0Nettoie la peau en profondeur et \u00e9limine les impuret\u00e9s et l&rsquo;exc\u00e8s de s\u00e9bum.<\/li>\n<li><strong>Attire la porcelaine :<\/strong>\u00a0Aide \u00e0 resserrer les pores et \u00e0 obtenir un grain de peau plus lisse.<\/li>\n<li><strong>Convient aux v\u00e9g\u00e9taliens :<\/strong>\u00a0Aucun produit ou sous-produit animal n&rsquo;est utilis\u00e9.<\/li>\n<li><strong>Effet calmant :<\/strong>\u00a0Id\u00e9al pour les peaux \u00e0 probl\u00e8mes et pour r\u00e9duire les irritations cutan\u00e9es.<\/li>\n<li><strong>Hydratant :<\/strong>\u00a0Hydrate la peau et la rend douce et souple.<\/li>\n<\/ul>","protected":false},"excerpt":{"rendered":"<p>Un tampon tonique exfoliant doux pour r\u00e9duire les points noirs, les points blancs et les \u00e9ruptions cutan\u00e9es.<img decoding=\"async\" class=\"alignnone size-medium wp-image-12264\" src=\"https:\/\/parashopnarimel.com\/wp-content\/uploads\/2025\/01\/c9f4a918-fd70-4670-8871-6d03549ec593-250x300.jpg\" alt=\"\" width=\"250\" height=\"300\" srcset=\"https:\/\/parashopnarimel.com\/wp-content\/uploads\/2025\/01\/c9f4a918-fd70-4670-8871-6d03549ec593-250x300.jpg 250w, https:\/\/parashopnarimel.com\/wp-content\/uploads\/2025\/01\/c9f4a918-fd70-4670-8871-6d03549ec593-150x180.jpg 150w, https:\/\/parashopnarimel.com\/wp-content\/uploads\/2025\/01\/c9f4a918-fd70-4670-8871-6d03549ec593-10x12.jpg 10w, https:\/\/parashopnarimel.com\/wp-content\/uploads\/2025\/01\/c9f4a918-fd70-4670-8871-6d03549ec593.jpg 500w\" sizes=\"(max-width: 250px) 100vw, 250px\" \/><\/p>","protected":false},"featured_media":12262,"comment_status":"open","ping_status":"closed","template":"","meta":[],"product_brand":[],"product_cat":[96,2908,2905],"product_tag":[],"class_list":{"0":"post-12261","1":"product","2":"type-product","3":"status-publish","4":"has-post-thumbnail","6":"product_cat-non-classe","7":"product_cat-gommage-et-peeling","8":"product_cat-lotion","10":"first","11":"instock","12":"shipping-taxable","13":"purchasable","14":"product-type-simple"},"_links":{"self":[{"href":"https:\/\/parashopnarimel.com\/ar\/wp-json\/wp\/v2\/product\/12261","targetHints":{"allow":["GET"]}}],"collection":[{"href":"https:\/\/parashopnarimel.com\/ar\/wp-json\/wp\/v2\/product"}],"about":[{"href":"https:\/\/parashopnarimel.com\/ar\/wp-json\/wp\/v2\/types\/product"}],"replies":[{"embeddable":true,"href":"https:\/\/parashopnarimel.com\/ar\/wp-json\/wp\/v2\/comments?post=12261"}],"version-history":[{"count":3,"href":"https:\/\/parashopnarimel.com\/ar\/wp-json\/wp\/v2\/product\/12261\/revisions"}],"predecessor-version":[{"id":12268,"href":"https:\/\/parashopnarimel.com\/ar\/wp-json\/wp\/v2\/product\/12261\/revisions\/12268"}],"wp:featuredmedia":[{"embeddable":true,"href":"https:\/\/parashopnarimel.com\/ar\/wp-json\/wp\/v2\/media\/12262"}],"wp:attachment":[{"href":"https:\/\/parashopnarimel.com\/ar\/wp-json\/wp\/v2\/media?parent=12261"}],"wp:term":[{"taxonomy":"product_brand","embeddable":true,"href":"https:\/\/parashopnarimel.com\/ar\/wp-json\/wp\/v2\/product_brand?post=12261"},{"taxonomy":"product_cat","embeddable":true,"href":"https:\/\/parashopnarimel.com\/ar\/wp-json\/wp\/v2\/product_cat?post=12261"},{"taxonomy":"product_tag","embeddable":true,"href":"https:\/\/parashopnarimel.com\/ar\/wp-json\/wp\/v2\/product_tag?post=12261"}],"curies":[{"name":"wp","href":"https:\/\/api.w.org\/{rel}","templated":true}]}}