{"id":12333,"date":"2025-01-26T19:28:05","date_gmt":"2025-01-26T19:28:05","guid":{"rendered":"https:\/\/parashopnarimel.com\/?post_type=product&#038;p=12333"},"modified":"2025-05-18T10:52:05","modified_gmt":"2025-05-18T10:52:05","slug":"brosse-a-dents-electrique-oral-b-pro-1-noire-cross-action","status":"publish","type":"product","link":"https:\/\/parashopnarimel.com\/ar\/product\/brosse-a-dents-electrique-oral-b-pro-1-noire-cross-action\/","title":{"rendered":"Brosse \u00e0 dents \u00e9lectrique Oral-b Pro 1 Noire Cross Action"},"content":{"rendered":"<h3>Technologie avanc\u00e9e pour un nettoyage optimal<\/h3>\n<p>La brosse \u00e0 dents \u00e9lectrique ORAL-B Pro 1 Noire Cross Action est con\u00e7ue pour offrir une exp\u00e9rience de brossage unique et efficace. Elle est \u00e9quip\u00e9e d&rsquo;un manche de type 3766 et d&rsquo;un chargeur de type 3757, garantissant une utilisation s\u00e9curis\u00e9e et pratique. La t\u00eate de brosse Cross Action entoure chaque dent pour un nettoyage en profondeur gr\u00e2ce \u00e0 ses poils inclin\u00e9s \u00e0 16 degr\u00e9s. Avec un niveau sonore inf\u00e9rieur \u00e0 65 dB(A), elle assure un brossage discret. De plus, la pr\u00e9sence d&rsquo;un indicateur de pression lumineux pr\u00e9vient en cas de brossage trop vigoureux, prot\u00e9geant ainsi vos gencives. La brosse \u00e0 dents est \u00e9galement dot\u00e9e d&rsquo;un minuteur professionnel qui vous guide pour respecter le temps de brossage recommand\u00e9 par les dentistes.<\/p>\n<h3>Confort et facilit\u00e9 d&rsquo;utilisation<\/h3>\n<p>Le design ergonomique du manche assure une prise en main confortable et une manipulation ais\u00e9e. La brosse \u00e0 dents ORAL-B Pro 1 dispose d&rsquo;indicateurs de charge et de faible charge, permettant de surveiller l&rsquo;autonomie de l&rsquo;appareil. Une charge compl\u00e8te offre jusqu&rsquo;\u00e0 deux semaines d&rsquo;utilisation r\u00e9guli\u00e8re, avec un temps de charge de 12 heures. Pour plus de commodit\u00e9, la brosse \u00e0 dents est livr\u00e9e avec des accessoires adapt\u00e9s \u00e0 vos besoins, tels qu&rsquo;un porte-brossettes et un \u00e9tui de voyage, selon le mod\u00e8le. Enfin, pour un entretien facile, la brossette et le manche peuvent \u00eatre nettoy\u00e9s s\u00e9par\u00e9ment apr\u00e8s chaque utilisation, assurant ainsi une hygi\u00e8ne bucco-dentaire irr\u00e9prochable.<\/p>\n<ul class=\"product__disclosure-content\" role=\"list\">\n<li class=\"product-features__item-content\" role=\"listitem\"><span class=\"is--semibold\">Contenu du carton :<\/span> c\u00e2ble de charge, base\/suppor<\/li>\n<\/ul>\n<p><strong><img fetchpriority=\"high\" decoding=\"async\" class=\"alignnone size-medium wp-image-12334\" src=\"https:\/\/parashopnarimel.com\/wp-content\/uploads\/2025\/01\/8001090918505_h_f_l_1-300x300.jpeg\" alt=\"\" width=\"300\" height=\"300\" srcset=\"https:\/\/parashopnarimel.com\/wp-content\/uploads\/2025\/01\/8001090918505_h_f_l_1-300x300.jpeg 300w, https:\/\/parashopnarimel.com\/wp-content\/uploads\/2025\/01\/8001090918505_h_f_l_1-1024x1024.jpeg 1024w, https:\/\/parashopnarimel.com\/wp-content\/uploads\/2025\/01\/8001090918505_h_f_l_1-150x150.jpeg 150w, https:\/\/parashopnarimel.com\/wp-content\/uploads\/2025\/01\/8001090918505_h_f_l_1-768x768.jpeg 768w, https:\/\/parashopnarimel.com\/wp-content\/uploads\/2025\/01\/8001090918505_h_f_l_1-1536x1536.jpeg 1536w, https:\/\/parashopnarimel.com\/wp-content\/uploads\/2025\/01\/8001090918505_h_f_l_1-600x600.jpeg 600w, https:\/\/parashopnarimel.com\/wp-content\/uploads\/2025\/01\/8001090918505_h_f_l_1-1200x1200.jpeg 1200w, https:\/\/parashopnarimel.com\/wp-content\/uploads\/2025\/01\/8001090918505_h_f_l_1.jpeg 2000w\" sizes=\"(max-width: 300px) 100vw, 300px\" \/><img decoding=\"async\" class=\"alignnone size-medium wp-image-12337\" src=\"https:\/\/parashopnarimel.com\/wp-content\/uploads\/2025\/01\/8001090918505_h_f_l_2-300x300.jpeg\" alt=\"\" width=\"300\" height=\"300\" srcset=\"https:\/\/parashopnarimel.com\/wp-content\/uploads\/2025\/01\/8001090918505_h_f_l_2-300x300.jpeg 300w, https:\/\/parashopnarimel.com\/wp-content\/uploads\/2025\/01\/8001090918505_h_f_l_2-1024x1024.jpeg 1024w, https:\/\/parashopnarimel.com\/wp-content\/uploads\/2025\/01\/8001090918505_h_f_l_2-150x150.jpeg 150w, https:\/\/parashopnarimel.com\/wp-content\/uploads\/2025\/01\/8001090918505_h_f_l_2-768x768.jpeg 768w, https:\/\/parashopnarimel.com\/wp-content\/uploads\/2025\/01\/8001090918505_h_f_l_2-1536x1536.jpeg 1536w, https:\/\/parashopnarimel.com\/wp-content\/uploads\/2025\/01\/8001090918505_h_f_l_2-600x600.jpeg 600w, https:\/\/parashopnarimel.com\/wp-content\/uploads\/2025\/01\/8001090918505_h_f_l_2-1200x1200.jpeg 1200w, https:\/\/parashopnarimel.com\/wp-content\/uploads\/2025\/01\/8001090918505_h_f_l_2.jpeg 2000w\" sizes=\"(max-width: 300px) 100vw, 300px\" \/><\/strong><\/p>\n<p><strong>Les essentiels<\/strong><\/p>\n<ul>\n<li style=\"list-style-type: none\">\n<ul role=\"list\">\n<li style=\"list-style-type: none\">\n<ul role=\"list\">\n<li class=\"product-features__item-list__item\" role=\"listitem\"><span class=\"is--medium\">Technologie :<\/span> brossage oscillo rotatif et pulsations (3D), les oscillations rotations et pulsations permettent un nettoyage en profondeur et d&rsquo;atteindre les zones difficiles d&rsquo;acc\u00e8s, pour enlever jusqu&rsquo;\u00e0 100% de plus de plaque dentaire qu&rsquo;une brosse \u00e0 dents manuelle<\/li>\n<li class=\"product-features__item-list__item\" role=\"listitem\"><span class=\"is--medium\">Nombre de mouvements :<\/span> jusqu&rsquo;\u00e0 20000 mouvements \/min<\/li>\n<li class=\"product-features__item-list__item\" role=\"listitem\"><span class=\"is--medium\">Gamme :<\/span> Pro Series<\/li>\n<li class=\"product-features__item-list__item\" role=\"listitem\"><span class=\"is--medium\">Coloris :<\/span> Noir<\/li>\n<li class=\"product-features__item-list__item\" role=\"listitem\"><span class=\"is--medium\">Sp\u00e9cial enfant :<\/span> Non<\/li>\n<\/ul>\n<\/li>\n<li class=\"product-features__item\" role=\"listitem\">\n<p class=\"product-features__label\">Confort d&rsquo;utilisation<\/p>\n<ul role=\"list\">\n<li class=\"product-features__item-list__item\" role=\"listitem\"><span class=\"is--medium\">Nombre de programmes :<\/span> 3 programmes<\/li>\n<li class=\"product-features__item-list__item\" role=\"listitem\"><span class=\"is--medium\">Programmes :<\/span> quotidien, blancheur, dents \/gencives sensibles<\/li>\n<li class=\"product-features__item-list__item\" role=\"listitem\"><span class=\"is--medium\">Plusieurs intensit\u00e9s de brossage :<\/span> oui, permet \u00e0 chacun de choisir son intensit\u00e9 selon sa sensibilit\u00e9 dentaire<\/li>\n<li class=\"product-features__item-list__item\" role=\"listitem\"><span class=\"is--medium\">Capteur de pression :<\/span> oui, vous alerte si vous appuyez trop fort<\/li>\n<li class=\"product-features__item-list__item\" role=\"listitem\"><span class=\"is--medium\">Minuteur :<\/span> 4 x 30 sec<\/li>\n<li class=\"product-features__item-list__item\" role=\"listitem\"><span class=\"is--medium\">\u00c9cran int\u00e9gr\u00e9 :<\/span> Non<\/li>\n<\/ul>\n<\/li>\n<li class=\"product-features__item\" role=\"listitem\">\n<p class=\"product-features__label\">Alimentation et autonomie<\/p>\n<ul role=\"list\">\n<li class=\"product-features__item-list__item\" role=\"listitem\"><span class=\"is--medium\">Temps de charge :<\/span> 24 heures<\/li>\n<li class=\"product-features__item-list__item\" role=\"listitem\"><span class=\"is--medium\">Autonomie de la batterie :<\/span> autonomie illimit\u00e9e (sur secteur)<\/li>\n<li class=\"product-features__item-list__item\" role=\"listitem\"><span class=\"is--medium\">Mode(s) de charge :<\/span> charge sur base, charge par c\u00e2ble<\/li>\n<li class=\"product-features__item-list__item\" role=\"listitem\"><span class=\"is--medium\">T\u00e9moin de batterie :<\/span> indication du niveau de batterie<\/li>\n<\/ul>\n<\/li>\n<li class=\"product-features__item\" role=\"listitem\">\n<p class=\"product-features__label\">Dimensions<\/p>\n<ul role=\"list\">\n<li class=\"product-features__item-list__item\" role=\"listitem\"><span class=\"is--medium\">Dimensions l x h x p :<\/span> 94 x 243 x 65 cm<\/li>\n<li class=\"product-features__item-list__item\" role=\"listitem\"><span class=\"is--medium\">Poids net :<\/span> 380 g<\/li>\n<\/ul>\n<\/li>\n<li class=\"product-features__item\" role=\"listitem\">\n<p class=\"product-features__label\">Informations compl\u00e9mentaires<\/p>\n<ul role=\"list\">\n<li class=\"product-features__item-list__item\" role=\"listitem\"><span class=\"is--medium\">Fabriqu\u00e9 en :<\/span> Allemagne<\/li>\n<li class=\"product-features__item-list__item\" role=\"listitem\"><span class=\"is--medium\">Disponibilit\u00e9 des pi\u00e8ces d\u00e9tach\u00e9es (donn\u00e9es fournisseur) :<\/span> Non concern\u00e9<\/li>\n<li class=\"product-features__item-list__item\" role=\"listitem\"><span class=\"is--medium\">R\u00e9f\u00e9rence constructeur :<\/span> Pro 1 Noire Cross Action<\/li>\n<\/ul>\n<\/li>\n<\/ul>\n<\/li>\n<\/ul>\n<p>&nbsp;<\/p>","protected":false},"excerpt":{"rendered":"<p><img decoding=\"async\" class=\"alignnone size-medium wp-image-12335\" src=\"https:\/\/parashopnarimel.com\/wp-content\/uploads\/2025\/01\/8001090918505_h_f_l_3-300x300.jpeg\" alt=\"\" width=\"300\" height=\"300\" srcset=\"https:\/\/parashopnarimel.com\/wp-content\/uploads\/2025\/01\/8001090918505_h_f_l_3-300x300.jpeg 300w, https:\/\/parashopnarimel.com\/wp-content\/uploads\/2025\/01\/8001090918505_h_f_l_3-1024x1024.jpeg 1024w, https:\/\/parashopnarimel.com\/wp-content\/uploads\/2025\/01\/8001090918505_h_f_l_3-150x150.jpeg 150w, https:\/\/parashopnarimel.com\/wp-content\/uploads\/2025\/01\/8001090918505_h_f_l_3-768x768.jpeg 768w, https:\/\/parashopnarimel.com\/wp-content\/uploads\/2025\/01\/8001090918505_h_f_l_3-1536x1536.jpeg 1536w, https:\/\/parashopnarimel.com\/wp-content\/uploads\/2025\/01\/8001090918505_h_f_l_3-600x600.jpeg 600w, https:\/\/parashopnarimel.com\/wp-content\/uploads\/2025\/01\/8001090918505_h_f_l_3-1200x1200.jpeg 1200w, https:\/\/parashopnarimel.com\/wp-content\/uploads\/2025\/01\/8001090918505_h_f_l_3.jpeg 2000w\" sizes=\"(max-width: 300px) 100vw, 300px\" \/><\/p>\n<p>Les points cl\u00e9s:<\/p>\n<ul>\n<li>3 programmes<\/li>\n<li>Capteur de pression int\u00e9gr\u00e9<\/li>\n<li>Minuteur: 4\u00d73Le +<\/li>\n<\/ul>\n<p>Le +: son minuteur int\u00e9gr\u00e9 au manche qui aide \u00e0 respecter le temps de brossage de deux minutes.<\/p>\n<p>&nbsp;<\/p>","protected":false},"featured_media":12336,"comment_status":"open","ping_status":"closed","template":"","meta":[],"product_brand":[],"product_cat":[2887,2900,2894,2888],"product_tag":[2959],"class_list":{"0":"post-12333","1":"product","2":"type-product","3":"status-publish","4":"has-post-thumbnail","6":"product_cat-accessoires","7":"product_cat-brosse-a-dents","8":"product_cat-bucco-dentaire","9":"product_cat-hygiene-bucco-dentaire","10":"product_tag-oralb","12":"first","13":"outofstock","14":"shipping-taxable","15":"purchasable","16":"product-type-simple"},"_links":{"self":[{"href":"https:\/\/parashopnarimel.com\/ar\/wp-json\/wp\/v2\/product\/12333","targetHints":{"allow":["GET"]}}],"collection":[{"href":"https:\/\/parashopnarimel.com\/ar\/wp-json\/wp\/v2\/product"}],"about":[{"href":"https:\/\/parashopnarimel.com\/ar\/wp-json\/wp\/v2\/types\/product"}],"replies":[{"embeddable":true,"href":"https:\/\/parashopnarimel.com\/ar\/wp-json\/wp\/v2\/comments?post=12333"}],"version-history":[{"count":5,"href":"https:\/\/parashopnarimel.com\/ar\/wp-json\/wp\/v2\/product\/12333\/revisions"}],"predecessor-version":[{"id":12828,"href":"https:\/\/parashopnarimel.com\/ar\/wp-json\/wp\/v2\/product\/12333\/revisions\/12828"}],"wp:featuredmedia":[{"embeddable":true,"href":"https:\/\/parashopnarimel.com\/ar\/wp-json\/wp\/v2\/media\/12336"}],"wp:attachment":[{"href":"https:\/\/parashopnarimel.com\/ar\/wp-json\/wp\/v2\/media?parent=12333"}],"wp:term":[{"taxonomy":"product_brand","embeddable":true,"href":"https:\/\/parashopnarimel.com\/ar\/wp-json\/wp\/v2\/product_brand?post=12333"},{"taxonomy":"product_cat","embeddable":true,"href":"https:\/\/parashopnarimel.com\/ar\/wp-json\/wp\/v2\/product_cat?post=12333"},{"taxonomy":"product_tag","embeddable":true,"href":"https:\/\/parashopnarimel.com\/ar\/wp-json\/wp\/v2\/product_tag?post=12333"}],"curies":[{"name":"wp","href":"https:\/\/api.w.org\/{rel}","templated":true}]}}