{"id":12358,"date":"2025-01-27T07:12:06","date_gmt":"2025-01-27T07:12:06","guid":{"rendered":"https:\/\/parashopnarimel.com\/?post_type=product&#038;p=12358"},"modified":"2025-10-26T16:25:50","modified_gmt":"2025-10-26T16:25:50","slug":"oral-b-oral-b-pro-3-3000-brosse-a-dent-electrique-cross-action-black-edition","status":"publish","type":"product","link":"https:\/\/parashopnarimel.com\/ar\/product\/oral-b-oral-b-pro-3-3000-brosse-a-dent-electrique-cross-action-black-edition\/","title":{"rendered":"Oral B Oral-B Pro 3 3000 Brosse \u00e0 Dent \u00c9lectrique Cross Action Black Edition"},"content":{"rendered":"<p>&nbsp;<\/p>\n<p>Le manche \u00e9l\u00e9gant de la brosse \u00e0 dents \u00e9lectrique Pro 3 vous aide \u00e0 vous brosser les dents pendant la dur\u00e9e recommand\u00e9e par les dentistes. \u00c9quip\u00e9 d&rsquo;un minuteur professionnel, il vous permettra de vous brosser les dents pendant 2 minutes. De plus, avec une alerte toutes les 30 secondes, vous saurez toujours quand il est temps de passer \u00e0 la zone suivante.<br \/>\nBrosse-toi les dents. La t\u00eate ronde unique d&rsquo;Oral-B fera le reste.<br \/>\n\u00c9limine jusqu&rsquo;\u00e0 100 % de plaque en plus qu&rsquo;une brosse \u00e0 dents manuelle traditionnelle pour des gencives plus saines.<br \/>\nDe plus, il agit sur les imperfections superficielles en les \u00e9liminant, pour un sourire plus blanc d\u00e8s le premier jour.<br \/>\nDe plus, gr\u00e2ce \u00e0 la technologie brevet\u00e9e de contr\u00f4le de la pression de brossage \u00e0 360 \u00b0 des gencives, il r\u00e9duit la vitesse et vous alerte lorsque vous brossez de mani\u00e8re trop agressive, contribuant ainsi \u00e0 prot\u00e9ger les gencives les plus d\u00e9licates.<br \/>\nOral-B Pro 3 est le choix id\u00e9al pour tous ceux qui cherchent \u00e0 passer \u00e0 une brosse \u00e0 dents \u00e9lectrique et \u00e0 am\u00e9liorer leur sant\u00e9 bucco-dentaire<\/p>\n<p><strong>PRINCIPALES CARACT\u00c9RISTIQUES<\/strong><\/p>\n<p>Nettoyage en profondeur et gencives plus saines gr\u00e2ce au contr\u00f4le de la pression de brossage des gencives \u00e0 360\u00b0 qui vous alerte si vous brossez trop fort<br \/>\nPour un nettoyage fantastique : tue les bact\u00e9ries en \u00e9liminant jusqu&rsquo;\u00e0 100 % de plaque en plus qu&rsquo;une brosse \u00e0 dents manuelle.<br \/>\n3 modes de brossage : nettoyage quotidien, blanchiment et dents sensibles<br \/>\nLa batterie au lithium dure jusqu&rsquo;\u00e0 2 semaines avec 1 charge<br \/>\nVous aide \u00e0 brosser plus longtemps gr\u00e2ce \u00e0 la minuterie int\u00e9gr\u00e9e de 2 minutes<\/p>\n<p><strong>VENDU AVEC LE PRODUIT<\/strong><br \/>\nEmballage contenant 1 brosse \u00e0 dents avec chargeur, 2 t\u00eates de rechange. Couleur noire.<\/p>\n<p><strong>DESCRIPTIF TECHNIQUE<\/strong><\/p>\n<p>SKU: OR181ST0F1ODWNAFAMZ<br \/>\nMod\u00e8le: Pro 3 3000 Cross-Action Black Edition<br \/>\nTaille (Longueur x Largeur x Hauteur cm): 12,5 x 7,1 x 24,5 cm<br \/>\nPoids (kg): 268<br \/>\nCouleur: Noir<br \/>\nMat\u00e9riau principal: Plastique<\/p>\n<p>&nbsp;<\/p>","protected":false},"excerpt":{"rendered":"<p><img fetchpriority=\"high\" decoding=\"async\" class=\"alignnone size-medium wp-image-12360\" src=\"https:\/\/parashopnarimel.com\/wp-content\/uploads\/2025\/01\/3-3-300x300.jpg\" alt=\"\" width=\"300\" height=\"300\" srcset=\"https:\/\/parashopnarimel.com\/wp-content\/uploads\/2025\/01\/3-3-300x300.jpg 300w, https:\/\/parashopnarimel.com\/wp-content\/uploads\/2025\/01\/3-3-150x150.jpg 150w, https:\/\/parashopnarimel.com\/wp-content\/uploads\/2025\/01\/3-3-600x600.jpg 600w, https:\/\/parashopnarimel.com\/wp-content\/uploads\/2025\/01\/3-3.jpg 680w\" sizes=\"(max-width: 300px) 100vw, 300px\" \/><img decoding=\"async\" class=\"alignnone size-medium wp-image-12361\" src=\"https:\/\/parashopnarimel.com\/wp-content\/uploads\/2025\/01\/4-300x300.jpg\" alt=\"\" width=\"300\" height=\"300\" srcset=\"https:\/\/parashopnarimel.com\/wp-content\/uploads\/2025\/01\/4-300x300.jpg 300w, https:\/\/parashopnarimel.com\/wp-content\/uploads\/2025\/01\/4-150x150.jpg 150w, https:\/\/parashopnarimel.com\/wp-content\/uploads\/2025\/01\/4-600x600.jpg 600w, https:\/\/parashopnarimel.com\/wp-content\/uploads\/2025\/01\/4.jpg 680w\" sizes=\"(max-width: 300px) 100vw, 300px\" \/><\/p>\n<h1 class=\"-fs20 -pts -pbxs\">Oral B Oral-B Pro 3 3000 Brosse \u00e0 Dent \u00c9lectrique Cross Action Black Edition<\/h1>\n<p>&nbsp;<\/p>\n<p>&nbsp;<\/p>","protected":false},"featured_media":12359,"comment_status":"open","ping_status":"closed","template":"","meta":[],"product_brand":[],"product_cat":[2887,2900,2894],"product_tag":[],"class_list":{"0":"post-12358","1":"product","2":"type-product","3":"status-publish","4":"has-post-thumbnail","6":"product_cat-accessoires","7":"product_cat-brosse-a-dents","8":"product_cat-bucco-dentaire","10":"first","11":"outofstock","12":"shipping-taxable","13":"purchasable","14":"product-type-simple"},"_links":{"self":[{"href":"https:\/\/parashopnarimel.com\/ar\/wp-json\/wp\/v2\/product\/12358","targetHints":{"allow":["GET"]}}],"collection":[{"href":"https:\/\/parashopnarimel.com\/ar\/wp-json\/wp\/v2\/product"}],"about":[{"href":"https:\/\/parashopnarimel.com\/ar\/wp-json\/wp\/v2\/types\/product"}],"replies":[{"embeddable":true,"href":"https:\/\/parashopnarimel.com\/ar\/wp-json\/wp\/v2\/comments?post=12358"}],"version-history":[{"count":1,"href":"https:\/\/parashopnarimel.com\/ar\/wp-json\/wp\/v2\/product\/12358\/revisions"}],"predecessor-version":[{"id":12362,"href":"https:\/\/parashopnarimel.com\/ar\/wp-json\/wp\/v2\/product\/12358\/revisions\/12362"}],"wp:featuredmedia":[{"embeddable":true,"href":"https:\/\/parashopnarimel.com\/ar\/wp-json\/wp\/v2\/media\/12359"}],"wp:attachment":[{"href":"https:\/\/parashopnarimel.com\/ar\/wp-json\/wp\/v2\/media?parent=12358"}],"wp:term":[{"taxonomy":"product_brand","embeddable":true,"href":"https:\/\/parashopnarimel.com\/ar\/wp-json\/wp\/v2\/product_brand?post=12358"},{"taxonomy":"product_cat","embeddable":true,"href":"https:\/\/parashopnarimel.com\/ar\/wp-json\/wp\/v2\/product_cat?post=12358"},{"taxonomy":"product_tag","embeddable":true,"href":"https:\/\/parashopnarimel.com\/ar\/wp-json\/wp\/v2\/product_tag?post=12358"}],"curies":[{"name":"wp","href":"https:\/\/api.w.org\/{rel}","templated":true}]}}