{"id":12373,"date":"2025-01-27T08:11:31","date_gmt":"2025-01-27T08:11:31","guid":{"rendered":"https:\/\/parashopnarimel.com\/?post_type=product&#038;p=12373"},"modified":"2026-02-01T11:40:45","modified_gmt":"2026-02-01T11:40:45","slug":"oral-b-oral-b-pro-serie-3-brosse-a-dents-electrique-2-brossettes-noir-et-blanc-avec-socle-copie","status":"publish","type":"product","link":"https:\/\/parashopnarimel.com\/ar\/product\/oral-b-oral-b-pro-serie-3-brosse-a-dents-electrique-2-brossettes-noir-et-blanc-avec-socle-copie\/","title":{"rendered":"Oral B Oral-B Pro serie 3 , Brosse \u00e0 dents \u00e9lectrique, 2 Brossettes, NOIR ET BLANC"},"content":{"rendered":"<p><img fetchpriority=\"high\" decoding=\"async\" class=\"alignnone wp-image-12376 size-medium\" src=\"https:\/\/parashopnarimel.com\/wp-content\/uploads\/2025\/01\/61NjuHu1P3L._AC_SL1500_-300x300.jpg\" alt=\"\" width=\"300\" height=\"300\" srcset=\"https:\/\/parashopnarimel.com\/wp-content\/uploads\/2025\/01\/61NjuHu1P3L._AC_SL1500_-300x300.jpg 300w, https:\/\/parashopnarimel.com\/wp-content\/uploads\/2025\/01\/61NjuHu1P3L._AC_SL1500_-1024x1024.jpg 1024w, https:\/\/parashopnarimel.com\/wp-content\/uploads\/2025\/01\/61NjuHu1P3L._AC_SL1500_-150x150.jpg 150w, https:\/\/parashopnarimel.com\/wp-content\/uploads\/2025\/01\/61NjuHu1P3L._AC_SL1500_-768x767.jpg 768w, https:\/\/parashopnarimel.com\/wp-content\/uploads\/2025\/01\/61NjuHu1P3L._AC_SL1500_-600x600.jpg 600w, https:\/\/parashopnarimel.com\/wp-content\/uploads\/2025\/01\/61NjuHu1P3L._AC_SL1500_-1200x1199.jpg 1200w, https:\/\/parashopnarimel.com\/wp-content\/uploads\/2025\/01\/61NjuHu1P3L._AC_SL1500_.jpg 1500w\" sizes=\"(max-width: 300px) 100vw, 300px\" \/><\/p>\n<p>&nbsp;<\/p>\n<p>D\u00e9couvrez la brosse \u00e0 dents Oral-B Pro&amp;3, par la marque la plus utilis\u00e9e par les dentistes eux-m\u00eames dans le monde. Le manche \u00e9l\u00e9gant de la brosse \u00e0 dents \u00e9lectrique Pro&amp;3 vous permet de respecter les recommandations de votre dentiste&amp;: Elle vous aide \u00e0 vous brosser les dents pendant 2&amp;minutes gr\u00e2ce \u00e0 son minuteur professionnel et \u00e9met un signal toutes les 30&amp;secondes pour que vous pensiez \u00e0 changer de zone de brossage.<br \/>\nContentez-vous de d\u00e9placer la brosse dans votre bouche&amp;: la brossette ronde unique d\u2019Oral-B s\u2019occupe du reste. Elle retire jusqu\u2019\u00e0 100&amp;% de plaque dentaire en plus par rapport \u00e0 une brosse \u00e0 dents manuelle ordinaire, pour vous offrir des gencives plus saines. Elle rend votre sourire plus blanc d\u00e8s le premier jour de brossage, en \u00e9liminant les taches en surface. De plus, cette brosse \u00e0 dents vous aide \u00e0 prot\u00e9ger vos gencives d\u00e9licates gr\u00e2ce \u00e0 la technologie de contr\u00f4le de la pression sur les gencives \u00e0 360\u00b0, qui r\u00e9duit la vitesse de brossage et \u00e9met un signal si vous brossez trop vigoureusement.<br \/>\nLa brosse \u00e0 dents Oral-B Pro&amp;3 est incontournable pour celles et ceux qui souhaitent passer \u00e0 une brosse \u00e0 dents \u00e9lectrique et am\u00e9liorer leur sant\u00e9 bucco-dentaire<\/p>\n<p><strong>PRINCIPALES CARACT\u00c9RISTIQUES<\/strong><\/p>\n<p>Une sensation de propret\u00e9 professionnelle au quotidien et une exp\u00e9rience de brossage guid\u00e9e avec un contr\u00f4le visible de la pression sur les gencives \u00e0 360\u00b0<br \/>\nLa technologie de nettoyage 3D unique d\u2019Oral-B : combine oscillations, rotations et pulsations pour \u00e9liminer jusqu\u2019\u00e0 100 % de plaque dentaire en plus et des gencives plus saines par rapport \u00e0 une brosse \u00e0 dents manuelle<br \/>\nLa technologie de nettoyage 3D unique d\u2019Oral-B : combine oscillations, rotations et pulsations pour \u00e9liminer jusqu\u2019\u00e0 100 % de plaque dentaire en plus et des gencives plus saines par rapport \u00e0 une brosse \u00e0 dents manuelle<br \/>\nContr\u00f4le visible de la pression sur les gencives : si le brossage est trop vigoureux, elle arr\u00eate les pulsations, r\u00e9duit la vitesse et \u00e9met un signal visuel en passant au rouge pour prot\u00e9ger vos gencives<br \/>\nLa brossette ronde d\u2019inspiration professionnelle entoure chaque dent pour un nettoyage en profondeur tout en \u00e9tant douce pour les gencives<\/p>\n<p><strong>DESCRIPTIF TECHNIQUE<\/strong><\/p>\n<p>SKU: OR181ST0KMEGSNAFAMZ<br \/>\nMod\u00e8le: Pro serie 3<br \/>\nPoids (kg): 1<\/p>\n<p>Couleur: BLANC<\/p>\n<p>&nbsp;<\/p>","protected":false},"excerpt":{"rendered":"<p><img decoding=\"async\" class=\"alignnone wp-image-12370 size-medium\" src=\"https:\/\/parashopnarimel.com\/wp-content\/uploads\/2025\/01\/4-1-300x300.jpg\" alt=\"\" width=\"300\" height=\"300\" srcset=\"https:\/\/parashopnarimel.com\/wp-content\/uploads\/2025\/01\/4-1-300x300.jpg 300w, https:\/\/parashopnarimel.com\/wp-content\/uploads\/2025\/01\/4-1-150x150.jpg 150w, https:\/\/parashopnarimel.com\/wp-content\/uploads\/2025\/01\/4-1-600x600.jpg 600w, https:\/\/parashopnarimel.com\/wp-content\/uploads\/2025\/01\/4-1.jpg 680w\" sizes=\"(max-width: 300px) 100vw, 300px\" \/><\/p>\n<ul class=\"product-key-features__items\">\n<li class=\"product-key-features__item\"><span class=\"c-text c-text--size-s c-text--style-p c-text--spacing-default\">3 modes de brossage:propret\u00e9, blancheur, douceur <\/span><\/li>\n<li class=\"product-key-features__item\"><span class=\"c-text c-text--size-s c-text--style-p c-text--spacing-default\">Rend vos dents plus blanches 100% de plaque retir\u00e9e en plus <\/span><\/li>\n<li class=\"product-key-features__item\"><span class=\"c-text c-text--size-s c-text--style-p c-text--spacing-default\">Prot\u00e8ge vos gencives, capteur de pression qui alerte <\/span><\/li>\n<li class=\"product-key-features__item\"><span class=\"c-text c-text--size-s c-text--style-p c-text--spacing-default\">Plus de 2 semaine d&rsquo;autonomie<\/span><\/li>\n<\/ul>\n<p>&nbsp;<\/p>","protected":false},"featured_media":12374,"comment_status":"open","ping_status":"closed","template":"","meta":[],"product_brand":[],"product_cat":[2887,2900,2894,2888],"product_tag":[],"class_list":{"0":"post-12373","1":"product","2":"type-product","3":"status-publish","4":"has-post-thumbnail","6":"product_cat-accessoires","7":"product_cat-brosse-a-dents","8":"product_cat-bucco-dentaire","9":"product_cat-hygiene-bucco-dentaire","11":"first","12":"outofstock","13":"shipping-taxable","14":"purchasable","15":"product-type-simple"},"_links":{"self":[{"href":"https:\/\/parashopnarimel.com\/ar\/wp-json\/wp\/v2\/product\/12373","targetHints":{"allow":["GET"]}}],"collection":[{"href":"https:\/\/parashopnarimel.com\/ar\/wp-json\/wp\/v2\/product"}],"about":[{"href":"https:\/\/parashopnarimel.com\/ar\/wp-json\/wp\/v2\/types\/product"}],"replies":[{"embeddable":true,"href":"https:\/\/parashopnarimel.com\/ar\/wp-json\/wp\/v2\/comments?post=12373"}],"version-history":[{"count":3,"href":"https:\/\/parashopnarimel.com\/ar\/wp-json\/wp\/v2\/product\/12373\/revisions"}],"predecessor-version":[{"id":13062,"href":"https:\/\/parashopnarimel.com\/ar\/wp-json\/wp\/v2\/product\/12373\/revisions\/13062"}],"wp:featuredmedia":[{"embeddable":true,"href":"https:\/\/parashopnarimel.com\/ar\/wp-json\/wp\/v2\/media\/12374"}],"wp:attachment":[{"href":"https:\/\/parashopnarimel.com\/ar\/wp-json\/wp\/v2\/media?parent=12373"}],"wp:term":[{"taxonomy":"product_brand","embeddable":true,"href":"https:\/\/parashopnarimel.com\/ar\/wp-json\/wp\/v2\/product_brand?post=12373"},{"taxonomy":"product_cat","embeddable":true,"href":"https:\/\/parashopnarimel.com\/ar\/wp-json\/wp\/v2\/product_cat?post=12373"},{"taxonomy":"product_tag","embeddable":true,"href":"https:\/\/parashopnarimel.com\/ar\/wp-json\/wp\/v2\/product_tag?post=12373"}],"curies":[{"name":"wp","href":"https:\/\/api.w.org\/{rel}","templated":true}]}}