{"id":12378,"date":"2025-01-27T08:30:42","date_gmt":"2025-01-27T08:30:42","guid":{"rendered":"https:\/\/parashopnarimel.com\/?post_type=product&#038;p=12378"},"modified":"2025-03-20T21:59:45","modified_gmt":"2025-03-20T21:59:45","slug":"oral-b-brosse-a-dents-electrique-pro-2-2000s-sensi-ultrathin","status":"publish","type":"product","link":"https:\/\/parashopnarimel.com\/ar\/product\/oral-b-brosse-a-dents-electrique-pro-2-2000s-sensi-ultrathin\/","title":{"rendered":"ORAL B BROSSE \u00c0 DENTS \u00c9LECTRIQUE PRO 2 &#8211; 2000S SENSI ULTRATHIN"},"content":{"rendered":"<p><img fetchpriority=\"high\" decoding=\"async\" class=\"alignnone size-medium wp-image-12380\" src=\"https:\/\/parashopnarimel.com\/wp-content\/uploads\/2025\/01\/oral-b-sensiclean-pro2000s-rechargeable-brush-2-300x300.jpg\" alt=\"\" width=\"300\" height=\"300\" srcset=\"https:\/\/parashopnarimel.com\/wp-content\/uploads\/2025\/01\/oral-b-sensiclean-pro2000s-rechargeable-brush-2-300x300.jpg 300w, https:\/\/parashopnarimel.com\/wp-content\/uploads\/2025\/01\/oral-b-sensiclean-pro2000s-rechargeable-brush-2-150x150.jpg 150w, https:\/\/parashopnarimel.com\/wp-content\/uploads\/2025\/01\/oral-b-sensiclean-pro2000s-rechargeable-brush-2.jpg 513w\" sizes=\"(max-width: 300px) 100vw, 300px\" \/><\/p>\n<p>Oral-B Professional Care 2000 est une brosse \u00e0 dents \u00e9lectrique ultra performante qui assure un nettoyage intense des dents tout en prenant soin de ne pas ab\u00eemer les gencives. Elle est surmont\u00e9e d&rsquo;une t\u00eate ronde dont les poils sont dispos\u00e9s de mani\u00e8re \u00e0 entourer chacune des dents afin d&rsquo;effectuer un balayage complet de leur surface ainsi que des espaces interdentaires, plus difficiles d&rsquo;acc\u00e8s avec une brosse \u00e0 dents manuelle. Elle permet, ainsi, d&rsquo;\u00e9liminer jusqu&rsquo;\u00e0 deux fois plus de plaque dentaire. Cette derni\u00e8re, essentiellement compos\u00e9e de salive, de r\u00e9sidus alimentaires et de bact\u00e9ries, se d\u00e9pose au fil des jours sur les dents et les gencives. Responsable de l&rsquo;apparition des caries et des gingivites, elle doit \u00eatre \u00e9limin\u00e9e quotidiennement.<\/p>\n<p>Cette brosse \u00e0 dents Professional Care 2000 de Oral-B dispose de deux modes de nettoyage qui s&rsquo;activent tr\u00e8s facilement par simple pression du manche au-dessus et en-dessous du bouton de d\u00e9marrage. Le mode normal correspond \u00e0 un brossage quotidien tandis que le mode doux s&rsquo;adresse aux personnes qui ont les dents particuli\u00e8rement sensibles. D&rsquo;ailleurs, cette brosse \u00e0 dents \u00e9lectrique est \u00e9quip\u00e9e d&rsquo;un syst\u00e8me qui contr\u00f4le la pression que vous appliquez sur la dentition et vous alerte en cas de risques d&rsquo;usure de la gencive. La vitesse de rotation de la t\u00eate est, par ailleurs, automatiquement r\u00e9duite et un voyant rouge s&rsquo;allume.<\/p>\n<p>Autre innovation, un timer est install\u00e9 sur cette brosse \u00e0 dents \u00e9lectriques Professional Care 2000 de Oral-B afin de vous indiquer le temps de brossage recommand\u00e9 par les dentistes, \u00e0 savoir 2 minutes.<br \/>\nCette brosse \u00e0 dents \u00e9lectrique vous permet 2 semaines d&rsquo;utilisation avec une charge compl\u00e8te gr\u00e2ce \u00e0 sa batterie Lithium-Ion<\/p>\n<p>CONSEIL D\u2019UTILISATION :<\/p>\n<p>Humecter l\u00e9g\u00e8rement la brosse avant d&rsquo;y d\u00e9poser le dentifrice<br \/>\nDes saignements devraient se produire pendant les premiers jours d&rsquo;utilisation mais disparaitre assez rapidement. S&rsquo;ils perdurent plus longtemps, il est sans doute n\u00e9cessaire de consulter<br \/>\nBrosser sur toutes les faces de la dent de fa\u00e7on harmonieuse<\/p>\n<p>&nbsp;<\/p>","protected":false},"excerpt":{"rendered":"<h1 class=\"-fs16 -phm -pts\">Oral B Brosse \u00c0 Dents \u00c9lectrique PRO 2 &#8211; 2000S Sensi Ultrathin<\/h1>\n<p>&nbsp;<\/p>","protected":false},"featured_media":12379,"comment_status":"open","ping_status":"closed","template":"","meta":[],"product_brand":[],"product_cat":[2900,2894,2888],"product_tag":[],"class_list":{"0":"post-12378","1":"product","2":"type-product","3":"status-publish","4":"has-post-thumbnail","6":"product_cat-brosse-a-dents","7":"product_cat-bucco-dentaire","8":"product_cat-hygiene-bucco-dentaire","10":"first","11":"outofstock","12":"shipping-taxable","13":"purchasable","14":"product-type-simple"},"_links":{"self":[{"href":"https:\/\/parashopnarimel.com\/ar\/wp-json\/wp\/v2\/product\/12378","targetHints":{"allow":["GET"]}}],"collection":[{"href":"https:\/\/parashopnarimel.com\/ar\/wp-json\/wp\/v2\/product"}],"about":[{"href":"https:\/\/parashopnarimel.com\/ar\/wp-json\/wp\/v2\/types\/product"}],"replies":[{"embeddable":true,"href":"https:\/\/parashopnarimel.com\/ar\/wp-json\/wp\/v2\/comments?post=12378"}],"version-history":[{"count":1,"href":"https:\/\/parashopnarimel.com\/ar\/wp-json\/wp\/v2\/product\/12378\/revisions"}],"predecessor-version":[{"id":12383,"href":"https:\/\/parashopnarimel.com\/ar\/wp-json\/wp\/v2\/product\/12378\/revisions\/12383"}],"wp:featuredmedia":[{"embeddable":true,"href":"https:\/\/parashopnarimel.com\/ar\/wp-json\/wp\/v2\/media\/12379"}],"wp:attachment":[{"href":"https:\/\/parashopnarimel.com\/ar\/wp-json\/wp\/v2\/media?parent=12378"}],"wp:term":[{"taxonomy":"product_brand","embeddable":true,"href":"https:\/\/parashopnarimel.com\/ar\/wp-json\/wp\/v2\/product_brand?post=12378"},{"taxonomy":"product_cat","embeddable":true,"href":"https:\/\/parashopnarimel.com\/ar\/wp-json\/wp\/v2\/product_cat?post=12378"},{"taxonomy":"product_tag","embeddable":true,"href":"https:\/\/parashopnarimel.com\/ar\/wp-json\/wp\/v2\/product_tag?post=12378"}],"curies":[{"name":"wp","href":"https:\/\/api.w.org\/{rel}","templated":true}]}}