{"id":12384,"date":"2025-01-27T08:31:28","date_gmt":"2025-01-27T08:31:28","guid":{"rendered":"https:\/\/parashopnarimel.com\/?post_type=product&#038;p=12384"},"modified":"2025-03-20T22:00:30","modified_gmt":"2025-03-20T22:00:30","slug":"oral-b-pro-2-2000-black-edition-brosse-a-dents-electrique","status":"publish","type":"product","link":"https:\/\/parashopnarimel.com\/ar\/product\/oral-b-pro-2-2000-black-edition-brosse-a-dents-electrique\/","title":{"rendered":"Oral-B Pro 2 2000 Black Edition Brosse \u00e0 dents \u00e9lectrique"},"content":{"rendered":"<p><img fetchpriority=\"high\" decoding=\"async\" class=\"alignnone wp-image-12388 size-medium\" src=\"https:\/\/parashopnarimel.com\/wp-content\/uploads\/2025\/01\/Oral-B-Pro-2-2000-Black-Edition-Brosse-a-dents-electrique-1-e1737967265688-300x290.jpg\" alt=\"\" width=\"300\" height=\"290\" srcset=\"https:\/\/parashopnarimel.com\/wp-content\/uploads\/2025\/01\/Oral-B-Pro-2-2000-Black-Edition-Brosse-a-dents-electrique-1-e1737967265688-300x290.jpg 300w, https:\/\/parashopnarimel.com\/wp-content\/uploads\/2025\/01\/Oral-B-Pro-2-2000-Black-Edition-Brosse-a-dents-electrique-1-e1737967265688-150x145.jpg 150w, https:\/\/parashopnarimel.com\/wp-content\/uploads\/2025\/01\/Oral-B-Pro-2-2000-Black-Edition-Brosse-a-dents-electrique-1-e1737967265688.jpg 640w\" sizes=\"(max-width: 300px) 100vw, 300px\" \/><\/p>\n<p>D\u00e9couvrez la brosse \u00e0 dents Oral-B Pro 2, la marque la plus utilis\u00e9e par les dentistes.<\/p>\n<p><span class=\"a-list-item\"><span class=\"Y2IQFc\" lang=\"fr\">Oral-B Pro 2 2000 permet de se brosser les dents pendant 2 minutes gr\u00e2ce \u00e0 sa minuterie professionnelle et \u00e9met un signal toutes les 30 secondes pour changer la zone de brossage<\/span><\/span><\/p>\n<ul class=\"a-unordered-list a-vertical a-spacing-mini\">\n<li><span class=\"a-list-item\">\u00c9limine jusqu\u2019\u00e0 100 % en plus de plaque dentaire pour des gencives plus saines qu\u2019une brosse \u00e0 dents manuelle traditionnelle.<\/span><\/li>\n<\/ul>\n<ul class=\"a-unordered-list a-vertical a-spacing-mini\">\n<li><span class=\"a-list-item\">Brosse \u00e0 dents entoure chaque dent pour un nettoyage sup\u00e9rieur.<\/span><\/li>\n<li><span class=\"a-list-item\">Contr\u00f4le de la pression de brossage pour aider \u00e0 prot\u00e9ger les gencives d\u00e9licates.<\/span><\/li>\n<li><span class=\"a-list-item\">Minuterie : la brosse \u00e9mettra un signal sonore apr\u00e8s 2 minutes de brossage, comme recommand\u00e9 par votre dentiste.<\/span><\/li>\n<li><span class=\"a-list-item\">Deux modes de brossage : nettoyage quotidien et protection des gencives.<\/span><\/li>\n<li><span class=\"a-list-item\">Batterie au lithium : plus de 2 semaines de brossage avec 1 recharge compl\u00e8te.<\/span><\/li>\n<li><strong><span class=\"a-list-item\">Contenu\u00a0: 1 manche noir pour brosse \u00e0 dents \u00e9lectrique avec chargeur, 1 t\u00eate de rechange.<\/span><\/strong><\/li>\n<\/ul>\n<p>&nbsp;<\/p>","protected":false},"excerpt":{"rendered":"<h1 class=\"-fs16 -phm -pts\">Oral B Brosse \u00c0 Dents \u00c9lectrique PRO 2 &#8211; 2000S Sensi Ultrathin<\/h1>\n<p>&nbsp;<\/p>","protected":false},"featured_media":12387,"comment_status":"open","ping_status":"closed","template":"","meta":[],"product_brand":[],"product_cat":[2900,2894,2888],"product_tag":[],"class_list":{"0":"post-12384","1":"product","2":"type-product","3":"status-publish","4":"has-post-thumbnail","6":"product_cat-brosse-a-dents","7":"product_cat-bucco-dentaire","8":"product_cat-hygiene-bucco-dentaire","10":"first","11":"outofstock","12":"shipping-taxable","13":"purchasable","14":"product-type-simple"},"_links":{"self":[{"href":"https:\/\/parashopnarimel.com\/ar\/wp-json\/wp\/v2\/product\/12384","targetHints":{"allow":["GET"]}}],"collection":[{"href":"https:\/\/parashopnarimel.com\/ar\/wp-json\/wp\/v2\/product"}],"about":[{"href":"https:\/\/parashopnarimel.com\/ar\/wp-json\/wp\/v2\/types\/product"}],"replies":[{"embeddable":true,"href":"https:\/\/parashopnarimel.com\/ar\/wp-json\/wp\/v2\/comments?post=12384"}],"version-history":[{"count":3,"href":"https:\/\/parashopnarimel.com\/ar\/wp-json\/wp\/v2\/product\/12384\/revisions"}],"predecessor-version":[{"id":12391,"href":"https:\/\/parashopnarimel.com\/ar\/wp-json\/wp\/v2\/product\/12384\/revisions\/12391"}],"wp:featuredmedia":[{"embeddable":true,"href":"https:\/\/parashopnarimel.com\/ar\/wp-json\/wp\/v2\/media\/12387"}],"wp:attachment":[{"href":"https:\/\/parashopnarimel.com\/ar\/wp-json\/wp\/v2\/media?parent=12384"}],"wp:term":[{"taxonomy":"product_brand","embeddable":true,"href":"https:\/\/parashopnarimel.com\/ar\/wp-json\/wp\/v2\/product_brand?post=12384"},{"taxonomy":"product_cat","embeddable":true,"href":"https:\/\/parashopnarimel.com\/ar\/wp-json\/wp\/v2\/product_cat?post=12384"},{"taxonomy":"product_tag","embeddable":true,"href":"https:\/\/parashopnarimel.com\/ar\/wp-json\/wp\/v2\/product_tag?post=12384"}],"curies":[{"name":"wp","href":"https:\/\/api.w.org\/{rel}","templated":true}]}}