{"id":12392,"date":"2025-01-27T08:43:22","date_gmt":"2025-01-27T08:43:22","guid":{"rendered":"https:\/\/parashopnarimel.com\/?post_type=product&#038;p=12392"},"modified":"2025-03-20T22:00:15","modified_gmt":"2025-03-20T22:00:15","slug":"oral-b-pro-2-2000-sensi-ultrathin-brosse-a-dents-blanc","status":"publish","type":"product","link":"https:\/\/parashopnarimel.com\/ar\/product\/oral-b-pro-2-2000-sensi-ultrathin-brosse-a-dents-blanc\/","title":{"rendered":"Oral-B Pro 2 2000 Sensi UltraThin &#8211; Brosse \u00e0 dents &#8211; blanc"},"content":{"rendered":"<p><img fetchpriority=\"high\" decoding=\"async\" class=\"alignnone wp-image-12394 size-medium\" src=\"https:\/\/parashopnarimel.com\/wp-content\/uploads\/2025\/01\/Oral-B-Pro-2-2000-Sensi-UltraThin-Broe-a-dents-blanc-2-300x300.jpg\" alt=\"\" width=\"300\" height=\"300\" srcset=\"https:\/\/parashopnarimel.com\/wp-content\/uploads\/2025\/01\/Oral-B-Pro-2-2000-Sensi-UltraThin-Broe-a-dents-blanc-2-300x300.jpg 300w, https:\/\/parashopnarimel.com\/wp-content\/uploads\/2025\/01\/Oral-B-Pro-2-2000-Sensi-UltraThin-Broe-a-dents-blanc-2-150x150.jpg 150w, https:\/\/parashopnarimel.com\/wp-content\/uploads\/2025\/01\/Oral-B-Pro-2-2000-Sensi-UltraThin-Broe-a-dents-blanc-2.jpg 500w\" sizes=\"(max-width: 300px) 100vw, 300px\" \/><\/p>\n<p>D\u00e9couvrez la brosse \u00e0 dents Oral-B Pro 2, la marque la plus utilis\u00e9e par les dentistes.<\/p>\n<p><span class=\"a-list-item\"><span class=\"Y2IQFc\" lang=\"fr\">Oral-B Pro 2 2000 permet de se brosser les dents pendant 2 minutes gr\u00e2ce \u00e0 sa minuterie professionnelle et \u00e9met un signal toutes les 30 secondes pour changer la zone de brossage<\/span><\/span><\/p>\n<ul class=\"a-unordered-list a-vertical a-spacing-mini\">\n<li><span class=\"a-list-item\">\u00c9limine jusqu\u2019\u00e0 100 % en plus de plaque dentaire pour des gencives plus saines qu\u2019une brosse \u00e0 dents manuelle traditionnelle.<\/span><\/li>\n<\/ul>\n<ul class=\"a-unordered-list a-vertical a-spacing-mini\">\n<li><span class=\"a-list-item\">Brosse \u00e0 dents entoure chaque dent pour un nettoyage sup\u00e9rieur.<\/span><\/li>\n<li><span class=\"a-list-item\">Contr\u00f4le de la pression de brossage pour aider \u00e0 prot\u00e9ger les gencives d\u00e9licates.<\/span><\/li>\n<li><span class=\"a-list-item\">Minuterie : la brosse \u00e9mettra un signal sonore apr\u00e8s 2 minutes de brossage, comme recommand\u00e9 par votre dentiste.<\/span><\/li>\n<li><span class=\"a-list-item\">Deux modes de brossage : nettoyage quotidien et protection des gencives.<\/span><\/li>\n<li><span class=\"a-list-item\">Batterie au lithium : plus de 2 semaines de brossage avec 1 recharge compl\u00e8te.<\/span><\/li>\n<li><strong><span class=\"a-list-item\">Contenu\u00a0: 1 manche BLANC pour brosse \u00e0 dents \u00e9lectrique avec chargeur, 1 t\u00eate de rechange.<\/span><\/strong><\/li>\n<\/ul>\n<p>&nbsp;<\/p>","protected":false},"excerpt":{"rendered":"<h1 class=\"-fs16 -phm -pts\">Oral-B Pro 2 2000 Sensi UltraThin &#8211; Brosse \u00e0 dents &#8211; blanc<\/h1>\n<p>&nbsp;<\/p>","protected":false},"featured_media":12395,"comment_status":"open","ping_status":"closed","template":"","meta":[],"product_brand":[],"product_cat":[2900,2894,2888],"product_tag":[],"class_list":{"0":"post-12392","1":"product","2":"type-product","3":"status-publish","4":"has-post-thumbnail","6":"product_cat-brosse-a-dents","7":"product_cat-bucco-dentaire","8":"product_cat-hygiene-bucco-dentaire","10":"first","11":"outofstock","12":"shipping-taxable","13":"purchasable","14":"product-type-simple"},"_links":{"self":[{"href":"https:\/\/parashopnarimel.com\/ar\/wp-json\/wp\/v2\/product\/12392","targetHints":{"allow":["GET"]}}],"collection":[{"href":"https:\/\/parashopnarimel.com\/ar\/wp-json\/wp\/v2\/product"}],"about":[{"href":"https:\/\/parashopnarimel.com\/ar\/wp-json\/wp\/v2\/types\/product"}],"replies":[{"embeddable":true,"href":"https:\/\/parashopnarimel.com\/ar\/wp-json\/wp\/v2\/comments?post=12392"}],"version-history":[{"count":1,"href":"https:\/\/parashopnarimel.com\/ar\/wp-json\/wp\/v2\/product\/12392\/revisions"}],"predecessor-version":[{"id":12396,"href":"https:\/\/parashopnarimel.com\/ar\/wp-json\/wp\/v2\/product\/12392\/revisions\/12396"}],"wp:featuredmedia":[{"embeddable":true,"href":"https:\/\/parashopnarimel.com\/ar\/wp-json\/wp\/v2\/media\/12395"}],"wp:attachment":[{"href":"https:\/\/parashopnarimel.com\/ar\/wp-json\/wp\/v2\/media?parent=12392"}],"wp:term":[{"taxonomy":"product_brand","embeddable":true,"href":"https:\/\/parashopnarimel.com\/ar\/wp-json\/wp\/v2\/product_brand?post=12392"},{"taxonomy":"product_cat","embeddable":true,"href":"https:\/\/parashopnarimel.com\/ar\/wp-json\/wp\/v2\/product_cat?post=12392"},{"taxonomy":"product_tag","embeddable":true,"href":"https:\/\/parashopnarimel.com\/ar\/wp-json\/wp\/v2\/product_tag?post=12392"}],"curies":[{"name":"wp","href":"https:\/\/api.w.org\/{rel}","templated":true}]}}