{"id":1240,"date":"2024-12-29T06:24:33","date_gmt":"2024-12-29T06:24:33","guid":{"rendered":"https:\/\/parashopnarimel.com\/?post_type=product&#038;p=1240"},"modified":"2025-11-09T16:14:26","modified_gmt":"2025-11-09T16:14:26","slug":"cerave-lait-hydratant-visage-237ml","status":"publish","type":"product","link":"https:\/\/parashopnarimel.com\/ar\/product\/cerave-lait-hydratant-visage-237ml\/","title":{"rendered":"Cerave lait hydratant visage 237ml"},"content":{"rendered":"","protected":false},"excerpt":{"rendered":"<p>Soin \u00e0 la texture l\u00e9g\u00e8re qui hydrate en continu 24H<\/p>\n<p>Le Lait Hydratant de CeraVe est un soin qui hydrate les peaux s\u00e8ches \u00e0 tr\u00e8s s\u00e8ches. Ce soin hydratant s\u2019applique sur le visage et le corps pour hydrater la peau toute la journ\u00e9e. Sa texture est l\u00e9g\u00e8re, non grasse et ne colle pas \u00e0 la peau pour un habillage rapide.<br \/>\nEnrichi aux\u00a0\u00a03 c\u00e9ramides essentiels\u00a0et \u00e0 l\u2019\u00a0acide hyaluronique,\u00a0il hydrate en continu pendant 24 heures gr\u00e2ce \u00e0 la technologie MVE, qui encapsule les actifs et les diffuse tout au long de la journ\u00e9e, et restaure la barri\u00e8re cutan\u00e9e.<br \/>\nD\u00e9velopp\u00e9e avec des dermatologues, sa formule haute tol\u00e9rance est test\u00e9e sous contr\u00f4le dermatologique et respecte une charte de formulation stricte pour convenir aux peaux sensibles : sans parfum, hypoallerg\u00e9nique et non-com\u00e9dog\u00e8ne.<\/p>","protected":false},"featured_media":1316,"comment_status":"open","ping_status":"closed","template":"","meta":[],"product_brand":[],"product_cat":[96],"product_tag":[],"class_list":{"0":"post-1240","1":"product","2":"type-product","3":"status-publish","4":"has-post-thumbnail","6":"product_cat-non-classe","8":"first","9":"instock","10":"shipping-taxable","11":"purchasable","12":"product-type-simple"},"_links":{"self":[{"href":"https:\/\/parashopnarimel.com\/ar\/wp-json\/wp\/v2\/product\/1240","targetHints":{"allow":["GET"]}}],"collection":[{"href":"https:\/\/parashopnarimel.com\/ar\/wp-json\/wp\/v2\/product"}],"about":[{"href":"https:\/\/parashopnarimel.com\/ar\/wp-json\/wp\/v2\/types\/product"}],"replies":[{"embeddable":true,"href":"https:\/\/parashopnarimel.com\/ar\/wp-json\/wp\/v2\/comments?post=1240"}],"version-history":[{"count":2,"href":"https:\/\/parashopnarimel.com\/ar\/wp-json\/wp\/v2\/product\/1240\/revisions"}],"predecessor-version":[{"id":8225,"href":"https:\/\/parashopnarimel.com\/ar\/wp-json\/wp\/v2\/product\/1240\/revisions\/8225"}],"wp:featuredmedia":[{"embeddable":true,"href":"https:\/\/parashopnarimel.com\/ar\/wp-json\/wp\/v2\/media\/1316"}],"wp:attachment":[{"href":"https:\/\/parashopnarimel.com\/ar\/wp-json\/wp\/v2\/media?parent=1240"}],"wp:term":[{"taxonomy":"product_brand","embeddable":true,"href":"https:\/\/parashopnarimel.com\/ar\/wp-json\/wp\/v2\/product_brand?post=1240"},{"taxonomy":"product_cat","embeddable":true,"href":"https:\/\/parashopnarimel.com\/ar\/wp-json\/wp\/v2\/product_cat?post=1240"},{"taxonomy":"product_tag","embeddable":true,"href":"https:\/\/parashopnarimel.com\/ar\/wp-json\/wp\/v2\/product_tag?post=1240"}],"curies":[{"name":"wp","href":"https:\/\/api.w.org\/{rel}","templated":true}]}}