{"id":1243,"date":"2024-12-29T06:24:33","date_gmt":"2024-12-29T06:24:33","guid":{"rendered":"https:\/\/parashopnarimel.com\/?post_type=product&#038;p=1243"},"modified":"2025-01-19T11:04:17","modified_gmt":"2025-01-19T11:04:17","slug":"cerave-gel-nettoyant-anti-rugosite-236ml","status":"publish","type":"product","link":"https:\/\/parashopnarimel.com\/ar\/product\/cerave-gel-nettoyant-anti-rugosite-236ml\/","title":{"rendered":"Cerave gel nettoyant anti rugosite 236ml"},"content":{"rendered":"","protected":false},"excerpt":{"rendered":"<p>Le Gel Nettoyant Anti-Rugosit\u00e9s de CeraVe nettoie efficacement et lisse le grain de peau des peaux s\u00e8ches, rugueuses et squameuses sujettes \u00e0 la k\u00e9ratose pilaire : jusqu\u2019\u00e0 76% de s\u00e9cheresse cutan\u00e9e apr\u00e8s 8 semaines d\u2019utilisation*. Formul\u00e9 avec de l\u2019\u00a0acide salicylique (BHA), il exfolie et favorise l\u2019\u00e9limination des cellules en surface, squames et rugosit\u00e9s pour une peau plus lisse. Ce nettoyant \u00e0 la texture gel moussante aux tensio-actifs doux est sans grains pour nettoyer le corps en douceur sans irriter la peau. Enrichi aux\u00a03 c\u00e9ramides essentiels\u00a0et \u00e0 l\u2019\u00a0acide hyaluronique, il hydrate et restaure la barri\u00e8re cutan\u00e9e.<br \/>\nD\u00e9velopp\u00e9e avec des dermatologues, sa formule est non irritante, sans parfum, hypoallerg\u00e9nique, au pH physiologique et non-com\u00e9dog\u00e8ne pour convenir aux peaux sensibles.<br \/>\n*Etude Clinique men\u00e9e sur 45 patientes, \u00e2g\u00e9es de 18 \u00e0 50 ans, atteintes de K\u00e9ratose Pilaire sur les bras et les avants bras. 1 application du Gel Nettoyant Sa Anti-rugosit\u00e9s, 2 applications de la Cr\u00e8me Sa Anti-rugosit\u00e9s par jour pendant 8 semaines. Auto-\u00e9valuation.<\/p>","protected":false},"featured_media":1322,"comment_status":"open","ping_status":"closed","template":"","meta":[],"product_brand":[],"product_cat":[96,22,2912],"product_tag":[],"class_list":{"0":"post-1243","1":"product","2":"type-product","3":"status-publish","4":"has-post-thumbnail","6":"product_cat-non-classe","7":"product_cat-nettoyant","8":"product_cat-nettoyant-corps","10":"first","11":"instock","12":"shipping-taxable","13":"purchasable","14":"product-type-simple"},"_links":{"self":[{"href":"https:\/\/parashopnarimel.com\/ar\/wp-json\/wp\/v2\/product\/1243","targetHints":{"allow":["GET"]}}],"collection":[{"href":"https:\/\/parashopnarimel.com\/ar\/wp-json\/wp\/v2\/product"}],"about":[{"href":"https:\/\/parashopnarimel.com\/ar\/wp-json\/wp\/v2\/types\/product"}],"replies":[{"embeddable":true,"href":"https:\/\/parashopnarimel.com\/ar\/wp-json\/wp\/v2\/comments?post=1243"}],"version-history":[{"count":2,"href":"https:\/\/parashopnarimel.com\/ar\/wp-json\/wp\/v2\/product\/1243\/revisions"}],"predecessor-version":[{"id":8223,"href":"https:\/\/parashopnarimel.com\/ar\/wp-json\/wp\/v2\/product\/1243\/revisions\/8223"}],"wp:featuredmedia":[{"embeddable":true,"href":"https:\/\/parashopnarimel.com\/ar\/wp-json\/wp\/v2\/media\/1322"}],"wp:attachment":[{"href":"https:\/\/parashopnarimel.com\/ar\/wp-json\/wp\/v2\/media?parent=1243"}],"wp:term":[{"taxonomy":"product_brand","embeddable":true,"href":"https:\/\/parashopnarimel.com\/ar\/wp-json\/wp\/v2\/product_brand?post=1243"},{"taxonomy":"product_cat","embeddable":true,"href":"https:\/\/parashopnarimel.com\/ar\/wp-json\/wp\/v2\/product_cat?post=1243"},{"taxonomy":"product_tag","embeddable":true,"href":"https:\/\/parashopnarimel.com\/ar\/wp-json\/wp\/v2\/product_tag?post=1243"}],"curies":[{"name":"wp","href":"https:\/\/api.w.org\/{rel}","templated":true}]}}