{"id":12443,"date":"2025-01-31T12:14:48","date_gmt":"2025-01-31T12:14:48","guid":{"rendered":"https:\/\/parashopnarimel.com\/?post_type=product&#038;p=12443"},"modified":"2025-01-31T13:39:51","modified_gmt":"2025-01-31T13:39:51","slug":"bioxcin-acnium-gel-nettoyant-500-ml","status":"publish","type":"product","link":"https:\/\/parashopnarimel.com\/ar\/product\/bioxcin-acnium-gel-nettoyant-500-ml\/","title":{"rendered":"BIOXCIN ACNIUM Gel Nettoyant 500 ml"},"content":{"rendered":"<p>Gel lavant pour peaux acn\u00e9iques<\/p>\n<p>Le<strong> complexe Acnium \u00e0 base de plantes<\/strong> , nettoie en douceur et en profondeur , purifie et aide \u00e0 \u00e9liminer les boutons et les imperfections des peaux grasses , r\u00e9duit l\u2019exc\u00e8s de s\u00e9bum , apaise et diminue les rougeurs et les inflammations<\/p>\n<p><strong>Conseils d\u2019utilisation<\/strong> : Faire mousser une noisette de gel avec de l\u2019eau puis appliquez sur un visage humide matin et soir , rincer abondamment avec de l\u2019eau<\/p>\n<p>Gel Nettoyant S\u00e9bo-R\u00e9gulateur\u00a0Nettoie et rafra\u00eechit<\/p>\n<p>Extrait de Brassica<\/p>\n<p>Efficce contre les bact\u00e9ries P.Acnes<\/p>\n<p>Huile d\u2019Arbre \u00e0 th\u00e9<\/p>\n<p>Hypoallerg\u00e9nique<\/p>\n<p>Non com\u00e9dog\u00e8ne<\/p>\n<p>Sans Paraben , sans Phtalates<\/p>\n<p>Type de peau : Peau grasse acn\u00e9ique dess\u00e9ch\u00e9e<\/p>\n<p>Contenance : 500ml<\/p>","protected":false},"excerpt":{"rendered":"<p>Gel Nettoyant S\u00e9bo-R\u00e9gulateur<\/p>\n<p>Nettoie et rafra\u00eechit<\/p>\n<p>Extrait de Brassica<\/p>\n<p>Efficce contre les bact\u00e9ries P.Acnes<\/p>\n<p>Huile d\u2019Arbre \u00e0 th\u00e9<\/p>\n<p>Hypoallerg\u00e9nique<\/p>\n<p>Non com\u00e9dog\u00e8ne<\/p>\n<p>Sans Paraben , sans Phtalates<\/p>\n<p>Type de peau : Peau grasse acn\u00e9ique dess\u00e9ch\u00e9e<\/p>\n<p>Contenance : 500ml<\/p>","protected":false},"featured_media":12444,"comment_status":"open","ping_status":"closed","template":"","meta":[],"product_brand":[],"product_cat":[96,22,2912],"product_tag":[],"class_list":{"0":"post-12443","1":"product","2":"type-product","3":"status-publish","4":"has-post-thumbnail","6":"product_cat-non-classe","7":"product_cat-nettoyant","8":"product_cat-nettoyant-corps","10":"first","11":"instock","12":"shipping-taxable","13":"purchasable","14":"product-type-simple"},"_links":{"self":[{"href":"https:\/\/parashopnarimel.com\/ar\/wp-json\/wp\/v2\/product\/12443","targetHints":{"allow":["GET"]}}],"collection":[{"href":"https:\/\/parashopnarimel.com\/ar\/wp-json\/wp\/v2\/product"}],"about":[{"href":"https:\/\/parashopnarimel.com\/ar\/wp-json\/wp\/v2\/types\/product"}],"replies":[{"embeddable":true,"href":"https:\/\/parashopnarimel.com\/ar\/wp-json\/wp\/v2\/comments?post=12443"}],"version-history":[{"count":2,"href":"https:\/\/parashopnarimel.com\/ar\/wp-json\/wp\/v2\/product\/12443\/revisions"}],"predecessor-version":[{"id":12446,"href":"https:\/\/parashopnarimel.com\/ar\/wp-json\/wp\/v2\/product\/12443\/revisions\/12446"}],"wp:featuredmedia":[{"embeddable":true,"href":"https:\/\/parashopnarimel.com\/ar\/wp-json\/wp\/v2\/media\/12444"}],"wp:attachment":[{"href":"https:\/\/parashopnarimel.com\/ar\/wp-json\/wp\/v2\/media?parent=12443"}],"wp:term":[{"taxonomy":"product_brand","embeddable":true,"href":"https:\/\/parashopnarimel.com\/ar\/wp-json\/wp\/v2\/product_brand?post=12443"},{"taxonomy":"product_cat","embeddable":true,"href":"https:\/\/parashopnarimel.com\/ar\/wp-json\/wp\/v2\/product_cat?post=12443"},{"taxonomy":"product_tag","embeddable":true,"href":"https:\/\/parashopnarimel.com\/ar\/wp-json\/wp\/v2\/product_tag?post=12443"}],"curies":[{"name":"wp","href":"https:\/\/api.w.org\/{rel}","templated":true}]}}