{"id":12487,"date":"2025-02-01T13:18:04","date_gmt":"2025-02-01T13:18:04","guid":{"rendered":"https:\/\/parashopnarimel.com\/?post_type=product&#038;p=12487"},"modified":"2025-02-01T13:18:04","modified_gmt":"2025-02-01T13:18:04","slug":"filorga-c-recover-concentre-anti-fatigue-dark-spot-3-flacons-de-10-ml","status":"publish","type":"product","link":"https:\/\/parashopnarimel.com\/ar\/product\/filorga-c-recover-concentre-anti-fatigue-dark-spot-3-flacons-de-10-ml\/","title":{"rendered":"Filorga C-Recover Concentr\u00e9 Anti-Fatigue -dark spot- 3 Flacons De 10 Ml"},"content":{"rendered":"<p>Experts en m\u00e9decine esth\u00e9tique, les Laboratoires Filorga ont mis au point un v\u00e9ritable<strong>\u00a0concentr\u00e9 booster d\u2019\u00e9clat, le C-Recover,<\/strong>\u00a0qui canalise toute la puissance de la vitamine C afin de vous procurer un teint lumineux et une peau visiblement rajeunie.<\/p>\n<p>La vitamine C, naturellement pr\u00e9sente dans notre organisme, est hautement concentr\u00e9e dans le soin C-Recover Filorga, a\u00a0<strong>une teneur de 8%.<\/strong>\u00a0Tr\u00e8s instable, celle-ci ne supporte ni la chaleur, ni la lumi\u00e8re, c\u2019est pourquoi les Laboratoires Filorga l\u2019ont conditionn\u00e9 dans un flacon teint\u00e9, afin qu\u2019elle conserve tous ses bienfaits, qui sont les suivants :<\/p>\n<ul>\n<li><strong>Action booster d\u2019\u00e9clat :<\/strong>\u00a0La vitamine C est reconnue pour am\u00e9liorer la micro-circulation cutan\u00e9e de votre peau ainsi que son oxyg\u00e9nation. Mieux oxyg\u00e9n\u00e9e, votre peau retrouve tout son \u00e9clat et para\u00eet beaucoup plus lumineuse.<\/li>\n<\/ul>\n<p>De plus, la vitamine C est capable de r\u00e9guler l\u2019exc\u00e8s de m\u00e9lanine afin de\u00a0<strong>diminuer les taches et ainsi \u00e9claircir le teint.<\/strong><\/p>\n<ul>\n<li><strong>Action jeunesse :<\/strong>\u00a0Enrichie en polysaccharides, la vitamine C coupl\u00e9e au NCTF, vous offre une puissante action anti \u00e2ge en<strong>\u00a0boostant la production de collag\u00e8ne.<\/strong>\u00a0Tel un bouclier, celle-ci va \u00e9galement\u00a0<strong>prot\u00e9ger les cellules du stress oxydatif<\/strong>\u00a0afin de r\u00e9duire les signes du vieillissement cutan\u00e9.<\/li>\n<\/ul>\n<p>Vos traits sont liss\u00e9s et votre peau revitalis\u00e9e.<\/p>\n<p><strong>Conditionnement<\/strong>\u00a0: 3 flacons de 10 ml<\/p>\n<h3><\/h3>\n<h3><strong>Conseils d\u2019utilisation<\/strong><\/h3>\n<ol>\n<li>Activer un flacon de concentr\u00e9 anti-fatigue \u00e9clat en pressant fortement sur le piston blanc pour lib\u00e9rer la poudre de vitamine C pure.<\/li>\n<li>Agiter vigoureusement puis d\u00e9visser la partie contenant le piston<\/li>\n<li>Mettre \u00e0 la place le bouchon avec la pipette. Visser. Presser l\u2019embout en caoutchouc, afin de remplir la pipette. D\u00e9visser.<\/li>\n<li>Appliquer le soin par un l\u00e9ger massage sur le visage, le cou et le d\u00e9collet\u00e9 parfaitement nettoy\u00e9s, chaque matin. Poursuivre en appliquant sa cr\u00e8me de jour.<\/li>\n<\/ol>\n<p>En p\u00e9riode d\u2019ensoleillement, nous vous recommandons de ne l\u2019appliquer que le soir avant votre cr\u00e8me.<\/p>\n<p>La dose doit \u00eatre utilis\u00e9e dans un d\u00e9lai de 7 jours apr\u00e8s ouverture.<\/p>\n<p>Conserver au frais apr\u00e8s l\u2019ouverture.<\/p>\n<h3><strong>Composotion<\/strong><\/h3>\n<p>Aqua, ascorbic acid, caprylic\/capric triglyceride, cyclopentasiloxane, propylene glycol laurate, cyclohexasiloxane, phenoxyethanol, biosaccharide gum-1, hydroxyethylacrylate\/sodium acryloyldimethylraurate copolymer, parfum (fragrance), squalane, sucrose palmitate, chlorphenesin, ethylcellulose, propylene glycol isostearate, glyceryl linoleate, polysorbate 60, tri\u00e9thanolamine, prunus amygdalus dulcis (sweet almond) oil, sodium chloride, sorbitan isostearate, glucose, sodium hyaluronate, citric acid, potassium chloride, potassium sorbate, calcium chloride, magnesium sulfate, glutamine, sodium phosphate, sodium acetate, tocopherol, lysine hcl, arginine, alanine, histidine, valine, leucine, threonine, isoleucine, tryptophan, phenylalanine, tyrosine, glycine, polysorbate 80, serine, deoxyadenosine, cystine, cyanocobalamin, deoxycytidine, deoxyguanosine, deoxythymidine, glucathione, aspargine, aspartic acid, ornithine, glutamic acid, nicotinamide adenine dinucleotide, proline, aminobutyric acid, methionine, taurine, hydroxyproline, glucosamine, coenzyme A, glucuronolactone, sodium glucuronate, thiamine diphosphate, disodium flavine adenine dinucleotide, sodium uridine triphosphate, retinyl acetate, inositol, methyl deoxycytidine, niacin, niacinamide, pyridoxal 5-phosphate, pyridoxine hcl, biotin, calcium pantothenate, folic acid, riboflavin, tocopheryl phosphate<\/p>\n<p>&nbsp;<\/p>","protected":false},"excerpt":{"rendered":"<p><img fetchpriority=\"high\" decoding=\"async\" class=\"alignnone size-medium wp-image-12490\" src=\"https:\/\/parashopnarimel.com\/wp-content\/uploads\/2025\/02\/filorga-c-recover-300x300.jpg\" alt=\"\" width=\"300\" height=\"300\" srcset=\"https:\/\/parashopnarimel.com\/wp-content\/uploads\/2025\/02\/filorga-c-recover-300x300.jpg 300w, https:\/\/parashopnarimel.com\/wp-content\/uploads\/2025\/02\/filorga-c-recover-150x150.jpg 150w, https:\/\/parashopnarimel.com\/wp-content\/uploads\/2025\/02\/filorga-c-recover.jpg 540w\" sizes=\"(max-width: 300px) 100vw, 300px\" \/><\/p>\n<p>Le s\u00e9rum visage anti-\u00e2ge et \u00e9claircissant concentr\u00e9 en vitamine C,\u00a0<em>C<\/em>\u2013<em>Recover<\/em>\u00a0des Laboratoires\u00a0<em>Filorga<\/em>\u00a0pour une peau liss\u00e9e et un teint frais.<\/p>","protected":false},"featured_media":12489,"comment_status":"open","ping_status":"closed","template":"","meta":[],"product_brand":[],"product_cat":[96,1110,2906],"product_tag":[],"class_list":{"0":"post-12487","1":"product","2":"type-product","3":"status-publish","4":"has-post-thumbnail","6":"product_cat-non-classe","7":"product_cat-anti-taches","8":"product_cat-serums","10":"first","11":"instock","12":"sale","13":"shipping-taxable","14":"purchasable","15":"product-type-simple"},"_links":{"self":[{"href":"https:\/\/parashopnarimel.com\/ar\/wp-json\/wp\/v2\/product\/12487","targetHints":{"allow":["GET"]}}],"collection":[{"href":"https:\/\/parashopnarimel.com\/ar\/wp-json\/wp\/v2\/product"}],"about":[{"href":"https:\/\/parashopnarimel.com\/ar\/wp-json\/wp\/v2\/types\/product"}],"replies":[{"embeddable":true,"href":"https:\/\/parashopnarimel.com\/ar\/wp-json\/wp\/v2\/comments?post=12487"}],"version-history":[{"count":1,"href":"https:\/\/parashopnarimel.com\/ar\/wp-json\/wp\/v2\/product\/12487\/revisions"}],"predecessor-version":[{"id":12491,"href":"https:\/\/parashopnarimel.com\/ar\/wp-json\/wp\/v2\/product\/12487\/revisions\/12491"}],"wp:featuredmedia":[{"embeddable":true,"href":"https:\/\/parashopnarimel.com\/ar\/wp-json\/wp\/v2\/media\/12489"}],"wp:attachment":[{"href":"https:\/\/parashopnarimel.com\/ar\/wp-json\/wp\/v2\/media?parent=12487"}],"wp:term":[{"taxonomy":"product_brand","embeddable":true,"href":"https:\/\/parashopnarimel.com\/ar\/wp-json\/wp\/v2\/product_brand?post=12487"},{"taxonomy":"product_cat","embeddable":true,"href":"https:\/\/parashopnarimel.com\/ar\/wp-json\/wp\/v2\/product_cat?post=12487"},{"taxonomy":"product_tag","embeddable":true,"href":"https:\/\/parashopnarimel.com\/ar\/wp-json\/wp\/v2\/product_tag?post=12487"}],"curies":[{"name":"wp","href":"https:\/\/api.w.org\/{rel}","templated":true}]}}