{"id":12504,"date":"2025-02-02T20:34:40","date_gmt":"2025-02-02T20:34:40","guid":{"rendered":"https:\/\/parashopnarimel.com\/?post_type=product&#038;p=12504"},"modified":"2025-02-02T20:34:40","modified_gmt":"2025-02-02T20:34:40","slug":"caudalie-vinopure-gelee-nettoyante-purifiante-385ml","status":"publish","type":"product","link":"https:\/\/parashopnarimel.com\/ar\/product\/caudalie-vinopure-gelee-nettoyante-purifiante-385ml\/","title":{"rendered":"CAUDALIE Vinopure Gel\u00e9e Nettoyante Purifiante 385mL"},"content":{"rendered":"<div class=\"product-panel-description__content\">\n<p>La Gel\u00e9e Nettoyante Purifiante Vinopure est la premi\u00e8re \u00e9tape essentielle de votre routine anti-imperfections.<br \/>\nElle nettoie, resserre les pores, diminue l\u2019exc\u00e8s de s\u00e9bum sans dess\u00e9cher la peau. La peau est nette, fra\u00eeche et lumineuse.<\/p>\n<p>Vegan<br \/>\nSans sulfate, sans savon, sans alcool. Sans parfum de synth\u00e8se.<br \/>\nBio certifi\u00e9, 99% d\u2019ingr\u00e9dients d\u2019origine naturelle<br \/>\nNon com\u00e9dog\u00e8ne, non photosensibilisant. Test\u00e9 dermatologiquement.<br \/>\n96% ont vu leur peau purifi\u00e9e*<br \/>\n*\u00c9tude clinique, % de satisfaction, 24 volontaires, 28 jours.<br \/>\nPour plus de confort, de l\u2019alo\u00e9 vera hydratant a \u00e9t\u00e9 ajout\u00e9 \u00e0 la toute nouvelle formule certifi\u00e9e Cosmebio ORGANIC.<br \/>\n\u00ab\u00a0Des packagings 100% recyclables et con\u00e7us \u00e0 partir de plastique recycl\u00e9 (21%), pour un objectif z\u00e9ro d\u00e9chet*.<\/p>\n<p><strong>CONSEILS D&rsquo;UTILISATION:<\/strong><\/p>\n<p>Matin et soir, massez en mouvements circulaires sur peau humide jusqu\u2019\u00e0 l\u2019obtention d\u2019une fine mousse en \u00e9vitant le contour des yeux. Rincez \u00e0 l\u2019eau claire.<\/p>\n<\/div>\n<div class=\"mt-2\">\n<div><strong>Votre type de peau : <\/strong>Peau grasse, Peau mixte, Peau normale, Peau s\u00e8che, Peau tr\u00e8s s\u00e8che, Peau ab\u00eem\u00e9e et cicatrices<\/div>\n<div><strong>Vos soucis (visage) : <\/strong>Imperfections, Rougeurs, Peau sensible<\/div>\n<div><strong>Effet visage et corps : <\/strong>Purifiant, Apaisant, Resserre les pores<\/div>\n<div><strong>Formulations : <\/strong>Certifi\u00e9 Bio, Naturel, Vegan, Made in France, Green<\/div>\n<\/div>","protected":false},"excerpt":{"rendered":"<h1 class=\"product-title font-main text-lg md:text-xl leading-[1.563rem] font-normal mb-1\"><img fetchpriority=\"high\" decoding=\"async\" class=\"alignnone size-medium wp-image-12507\" src=\"https:\/\/parashopnarimel.com\/wp-content\/uploads\/2025\/02\/lifestyle_blissim_vpu-200x300.jpg\" alt=\"\" width=\"200\" height=\"300\" srcset=\"https:\/\/parashopnarimel.com\/wp-content\/uploads\/2025\/02\/lifestyle_blissim_vpu-200x300.jpg 200w, https:\/\/parashopnarimel.com\/wp-content\/uploads\/2025\/02\/lifestyle_blissim_vpu-683x1024.jpg 683w, https:\/\/parashopnarimel.com\/wp-content\/uploads\/2025\/02\/lifestyle_blissim_vpu-768x1152.jpg 768w, https:\/\/parashopnarimel.com\/wp-content\/uploads\/2025\/02\/lifestyle_blissim_vpu-1024x1536.jpg 1024w, https:\/\/parashopnarimel.com\/wp-content\/uploads\/2025\/02\/lifestyle_blissim_vpu-1365x2048.jpg 1365w, https:\/\/parashopnarimel.com\/wp-content\/uploads\/2025\/02\/lifestyle_blissim_vpu-1200x1800.jpg 1200w, https:\/\/parashopnarimel.com\/wp-content\/uploads\/2025\/02\/lifestyle_blissim_vpu-150x225.jpg 150w, https:\/\/parashopnarimel.com\/wp-content\/uploads\/2025\/02\/lifestyle_blissim_vpu-scaled.jpg 1707w\" sizes=\"(max-width: 200px) 100vw, 200px\" \/><\/h1>\n<h1 class=\"product-title font-main text-lg md:text-xl leading-[1.563rem] font-normal mb-1\">Gel\u00e9e nettoyante Purifiante Vinopur<\/h1>\n<p class=\"product-title font-main text-lg md:text-xl leading-[1.563rem] font-normal mb-1\"><strong>Effet visage et corps : <\/strong>Purifiant, Apaisant, Resserre les pores<\/p>\n<p>&nbsp;<\/p>","protected":false},"featured_media":12505,"comment_status":"open","ping_status":"closed","template":"","meta":[],"product_brand":[],"product_cat":[96,22,2912],"product_tag":[],"class_list":{"0":"post-12504","1":"product","2":"type-product","3":"status-publish","4":"has-post-thumbnail","6":"product_cat-non-classe","7":"product_cat-nettoyant","8":"product_cat-nettoyant-corps","10":"first","11":"instock","12":"shipping-taxable","13":"purchasable","14":"product-type-simple"},"_links":{"self":[{"href":"https:\/\/parashopnarimel.com\/ar\/wp-json\/wp\/v2\/product\/12504","targetHints":{"allow":["GET"]}}],"collection":[{"href":"https:\/\/parashopnarimel.com\/ar\/wp-json\/wp\/v2\/product"}],"about":[{"href":"https:\/\/parashopnarimel.com\/ar\/wp-json\/wp\/v2\/types\/product"}],"replies":[{"embeddable":true,"href":"https:\/\/parashopnarimel.com\/ar\/wp-json\/wp\/v2\/comments?post=12504"}],"version-history":[{"count":2,"href":"https:\/\/parashopnarimel.com\/ar\/wp-json\/wp\/v2\/product\/12504\/revisions"}],"predecessor-version":[{"id":12508,"href":"https:\/\/parashopnarimel.com\/ar\/wp-json\/wp\/v2\/product\/12504\/revisions\/12508"}],"wp:featuredmedia":[{"embeddable":true,"href":"https:\/\/parashopnarimel.com\/ar\/wp-json\/wp\/v2\/media\/12505"}],"wp:attachment":[{"href":"https:\/\/parashopnarimel.com\/ar\/wp-json\/wp\/v2\/media?parent=12504"}],"wp:term":[{"taxonomy":"product_brand","embeddable":true,"href":"https:\/\/parashopnarimel.com\/ar\/wp-json\/wp\/v2\/product_brand?post=12504"},{"taxonomy":"product_cat","embeddable":true,"href":"https:\/\/parashopnarimel.com\/ar\/wp-json\/wp\/v2\/product_cat?post=12504"},{"taxonomy":"product_tag","embeddable":true,"href":"https:\/\/parashopnarimel.com\/ar\/wp-json\/wp\/v2\/product_tag?post=12504"}],"curies":[{"name":"wp","href":"https:\/\/api.w.org\/{rel}","templated":true}]}}