{"id":12509,"date":"2025-02-02T20:52:01","date_gmt":"2025-02-02T20:52:01","guid":{"rendered":"https:\/\/parashopnarimel.com\/?post_type=product&#038;p=12509"},"modified":"2025-02-02T20:53:22","modified_gmt":"2025-02-02T20:53:22","slug":"devlor-collagene-biotine-boite-de-30","status":"publish","type":"product","link":"https:\/\/parashopnarimel.com\/ar\/product\/devlor-collagene-biotine-boite-de-30\/","title":{"rendered":"D\u00c9VLOR COLLAGENE + BIOTINE BOITE DE 30"},"content":{"rendered":"<p><strong>Devlor Collag\u00e8ne + Biotine<\/strong>\u00a0est un compl\u00e9ment alimentaire formul\u00e9 pour soutenir la beaut\u00e9 et la sant\u00e9 de la peau, des cheveux et des ongles. Il associe deux ingr\u00e9dients cl\u00e9s, le collag\u00e8ne et la biotine, qui agissent en synergie pour offrir des b\u00e9n\u00e9fices anti-\u00e2ge, renforcer les cheveux et am\u00e9liorer la fermet\u00e9 de la peau.<\/p>\n<h3 id=\"bnfices\"><strong>B\u00e9n\u00e9fices :<\/strong><\/h3>\n<ul>\n<li><strong>Renforce la structure de la peau<\/strong>\u00a0: Le collag\u00e8ne aide \u00e0 am\u00e9liorer l\u2019\u00e9lasticit\u00e9 et la fermet\u00e9 de la peau, contribuant \u00e0 r\u00e9duire l\u2019apparence des rides et \u00e0 pr\u00e9venir le rel\u00e2chement cutan\u00e9.<\/li>\n<li><strong>Favorise la croissance des cheveux<\/strong>\u00a0: La biotine (vitamine B7) est essentielle pour la sant\u00e9 des cheveux, favorisant leur croissance et les rendant plus r\u00e9sistants.<\/li>\n<li><strong>Am\u00e9liore la sant\u00e9 des ongles<\/strong>\u00a0: Ce compl\u00e9ment renforce les ongles, les rendant moins susceptibles de se casser ou de se d\u00e9doubler.<\/li>\n<li><strong>Effet anti-\u00e2ge<\/strong> : Le collag\u00e8ne aide \u00e0 maintenir l\u2019hydratation et la souplesse de la peau, retardant ainsi les signes visibles du vieillissement.<\/li>\n<\/ul>\n<p>Ce compl\u00e9ment est id\u00e9al pour ceux qui souhaitent une solution compl\u00e8te pour lutter contre les signes du vieillissement tout en am\u00e9liorant l\u2019apparence et la sant\u00e9 de leurs cheveux et ongles.<\/p>","protected":false},"excerpt":{"rendered":"<h2><strong>Collag\u00e8ne 1000 + Biotine<\/strong><\/h2>\n<p>la formule parfaite pour revitaliser votre beaut\u00e9 de l&rsquo;int\u00e9rieu<\/p>\n<p>CURE DE 1 MOIS<\/p>\n<p>&nbsp;<\/p>","protected":false},"featured_media":12512,"comment_status":"open","ping_status":"closed","template":"","meta":[],"product_brand":[],"product_cat":[2922,2890],"product_tag":[],"class_list":{"0":"post-12509","1":"product","2":"type-product","3":"status-publish","4":"has-post-thumbnail","6":"product_cat-complements","7":"product_cat-complements-alimentaires","9":"first","10":"instock","11":"shipping-taxable","12":"purchasable","13":"product-type-simple"},"_links":{"self":[{"href":"https:\/\/parashopnarimel.com\/ar\/wp-json\/wp\/v2\/product\/12509","targetHints":{"allow":["GET"]}}],"collection":[{"href":"https:\/\/parashopnarimel.com\/ar\/wp-json\/wp\/v2\/product"}],"about":[{"href":"https:\/\/parashopnarimel.com\/ar\/wp-json\/wp\/v2\/types\/product"}],"replies":[{"embeddable":true,"href":"https:\/\/parashopnarimel.com\/ar\/wp-json\/wp\/v2\/comments?post=12509"}],"version-history":[{"count":1,"href":"https:\/\/parashopnarimel.com\/ar\/wp-json\/wp\/v2\/product\/12509\/revisions"}],"predecessor-version":[{"id":12511,"href":"https:\/\/parashopnarimel.com\/ar\/wp-json\/wp\/v2\/product\/12509\/revisions\/12511"}],"wp:featuredmedia":[{"embeddable":true,"href":"https:\/\/parashopnarimel.com\/ar\/wp-json\/wp\/v2\/media\/12512"}],"wp:attachment":[{"href":"https:\/\/parashopnarimel.com\/ar\/wp-json\/wp\/v2\/media?parent=12509"}],"wp:term":[{"taxonomy":"product_brand","embeddable":true,"href":"https:\/\/parashopnarimel.com\/ar\/wp-json\/wp\/v2\/product_brand?post=12509"},{"taxonomy":"product_cat","embeddable":true,"href":"https:\/\/parashopnarimel.com\/ar\/wp-json\/wp\/v2\/product_cat?post=12509"},{"taxonomy":"product_tag","embeddable":true,"href":"https:\/\/parashopnarimel.com\/ar\/wp-json\/wp\/v2\/product_tag?post=12509"}],"curies":[{"name":"wp","href":"https:\/\/api.w.org\/{rel}","templated":true}]}}