{"id":12519,"date":"2025-02-02T22:11:51","date_gmt":"2025-02-02T22:11:51","guid":{"rendered":"https:\/\/parashopnarimel.com\/?post_type=product&#038;p=12519"},"modified":"2025-02-03T09:43:45","modified_gmt":"2025-02-03T09:43:45","slug":"crest-3d-white-strips-levels-12-whiter-1-hour-express-05-unites-strips-05-treatments","status":"publish","type":"product","link":"https:\/\/parashopnarimel.com\/ar\/product\/crest-3d-white-strips-levels-12-whiter-1-hour-express-05-unites-strips-05-treatments\/","title":{"rendered":"CREST 3D WHITE STRIPS LEVELS 12 WHITER 1 HOUR EXPRESS (05 UNIT\u00c9S) STRIPS 05 TREATMENTS"},"content":{"rendered":"<p><b>Le kit de blanchiment dentaire Crest 3D Whitestrips 1 Hour Express<\/b> \u00e9limine des ann\u00e9es de taches sur les dents en seulement 1 heure pour un sourire visiblement plus blanc.<\/p>\n<p><b>Avantages<\/b><\/p>\n<p>Fabriqu\u00e9 par la marque de blanchiment des dents \u00e0 domicile recommand\u00e9e par les dentistes n\u00b0 1 Il a \u00e9t\u00e9 accept\u00e9 par l&rsquo;American Dental Association et utilise le m\u00eame ingr\u00e9dient blanchissant sans danger pour l&rsquo;\u00e9mail que les dentistes utilisent.<\/p>\n<p>Vous donne un sourire 100% visiblement plus blanc, garanti Blanchissez rapidement les dents \u00e0 la maison, m\u00eame lorsque vous n&rsquo;avez pas le temps de planifier Ce pack de blanchiment des dents \u00e0 domicile rendra votre sourire jusqu&rsquo;\u00e0 12 niveaux plus blanc \u00c9limine des ann\u00e9es de taches sur les dents en 1 heure Comprend 10 bandes de blanchiment des dents, 05 pour vos dents du haut et 05 pour vos dents du bas, \u00e0 utiliser pendant 05 jours.<\/p>\n<p><b>Conseil d&rsquo;utilisation\u00a0<\/b><\/p>\n<p>UTILISER UNE FOIS PAR JOUR PENDANT 30 MINUTES. Pour des r\u00e9sultats complets, utilisez le kit complet. Utilisez jusqu&rsquo;\u00e0 deux kits par an.<\/p>\n<ul>\n<li>D\u00e9coller : D\u00e9coller les Whitestrips de la doublure de support.<\/li>\n<li>Appliquer : \u00c0 l&rsquo;aide d&rsquo;un miroir, appliquer le c\u00f4t\u00e9 gel de la bande sur les dents de devant. Alignez le bord droit de la bande avec la gencive. Replier les dents et appuyer pour fixer.<\/li>\n<li>Souriez : D\u00e9collez d&rsquo;abord l&rsquo;arri\u00e8re des dents pour faciliter le retrait.<\/li>\n<li>Il est pr\u00e9f\u00e9rable de ne pas se brosser les dents imm\u00e9diatement avant d&rsquo;appliquer les bandes.<\/li>\n<li>Tenir hors de port\u00e9e des jeunes enfants.<\/li>\n<li>Ne pas utiliser chez les enfants de moins de 18 ans. Ne pas avaler de bande de plastique.<\/li>\n<li>Crest 3D Whitestrips ne remplace pas les soins dentaires r\u00e9guliers.<\/li>\n<li>Visitez votre dentiste r\u00e9guli\u00e8rement. \u00c9vitez le contact visuel.<\/li>\n<li>Rincer abondamment les yeux avec de l&rsquo;eau si le gel entre en contact avec eux.<\/li>\n<li>Manipulez les bandes avec les mains s\u00e8ches.<\/li>\n<li>Le gel qui entre en contact avec la peau peut provoquer une irritation et\/ou un blanchiment temporaire de la peau. Se laver les mains \u00e0 l&rsquo;eau et au savon apr\u00e8s utilisation.<\/li>\n<li>\u00c9viter tout contact du gel avec un chiffon, du cuir ou du tissu.<\/li>\n<li>Ne pas manger, fumer, dormir ou boire (\u00e0 l&rsquo;exception de l&rsquo;eau) pendant l&rsquo;utilisation. SI VOUS AVEZ BESOIN DE TRAVAUX DENTAIRES, AVEZ DES TRAVAUX DENTAIRES OU AVEZ DES TACHES DE M\u00c9DICAMENTS, DEMANDEZ \u00c0 VOTRE DENTISTE SI LE BLANCHIMENT EST APPROPRI\u00c9.<\/li>\n<\/ul>\n<p>Les Crest 3DWhitestrips sont con\u00e7us pour bien tenir sur les dents. Ne pas utiliser sur des dents branlantes, des restaurations ou des appareils orthodontiques. Crest 3DWhitestrips ne blanchit que les dents naturelles. Les bandes ne blanchiront pas les coiffes, les couronnes, les facettes, les obturations ou les proth\u00e8ses dentaires.<\/p>","protected":false},"excerpt":{"rendered":"<p>(05 UNIT\u00c9S) STRIPS 05TREATMENTS<\/p>\n<p><img fetchpriority=\"high\" decoding=\"async\" class=\"alignnone wp-image-12521 size-medium\" src=\"https:\/\/parashopnarimel.com\/wp-content\/uploads\/2025\/02\/IMG_6802-e1738575721635-168x300.png\" alt=\"\" width=\"168\" height=\"300\" srcset=\"https:\/\/parashopnarimel.com\/wp-content\/uploads\/2025\/02\/IMG_6802-e1738575721635-168x300.png 168w, https:\/\/parashopnarimel.com\/wp-content\/uploads\/2025\/02\/IMG_6802-e1738575721635-572x1024.png 572w, https:\/\/parashopnarimel.com\/wp-content\/uploads\/2025\/02\/IMG_6802-e1738575721635-768x1374.png 768w, https:\/\/parashopnarimel.com\/wp-content\/uploads\/2025\/02\/IMG_6802-e1738575721635-859x1536.png 859w, https:\/\/parashopnarimel.com\/wp-content\/uploads\/2025\/02\/IMG_6802-e1738575721635-1145x2048.png 1145w, https:\/\/parashopnarimel.com\/wp-content\/uploads\/2025\/02\/IMG_6802-e1738575721635-150x268.png 150w, https:\/\/parashopnarimel.com\/wp-content\/uploads\/2025\/02\/IMG_6802-e1738575721635.png 1176w\" sizes=\"(max-width: 168px) 100vw, 168px\" \/><img decoding=\"async\" class=\"alignnone size-medium wp-image-12522\" src=\"https:\/\/parashopnarimel.com\/wp-content\/uploads\/2025\/02\/IMG_6806-e1738537801349-177x300.png\" alt=\"\" width=\"177\" height=\"300\" srcset=\"https:\/\/parashopnarimel.com\/wp-content\/uploads\/2025\/02\/IMG_6806-e1738537801349-177x300.png 177w, https:\/\/parashopnarimel.com\/wp-content\/uploads\/2025\/02\/IMG_6806-e1738537801349-605x1024.png 605w, https:\/\/parashopnarimel.com\/wp-content\/uploads\/2025\/02\/IMG_6806-e1738537801349-768x1300.png 768w, https:\/\/parashopnarimel.com\/wp-content\/uploads\/2025\/02\/IMG_6806-e1738537801349-908x1536.png 908w, https:\/\/parashopnarimel.com\/wp-content\/uploads\/2025\/02\/IMG_6806-e1738537801349-150x254.png 150w, https:\/\/parashopnarimel.com\/wp-content\/uploads\/2025\/02\/IMG_6806-e1738537801349.png 1176w\" sizes=\"(max-width: 177px) 100vw, 177px\" \/><img decoding=\"async\" class=\"alignnone size-medium wp-image-12524\" src=\"https:\/\/parashopnarimel.com\/wp-content\/uploads\/2025\/02\/IMG_6807-e1738537992268-168x300.png\" alt=\"\" width=\"168\" height=\"300\" srcset=\"https:\/\/parashopnarimel.com\/wp-content\/uploads\/2025\/02\/IMG_6807-e1738537992268-168x300.png 168w, https:\/\/parashopnarimel.com\/wp-content\/uploads\/2025\/02\/IMG_6807-e1738537992268-575x1024.png 575w, https:\/\/parashopnarimel.com\/wp-content\/uploads\/2025\/02\/IMG_6807-e1738537992268-768x1369.png 768w, https:\/\/parashopnarimel.com\/wp-content\/uploads\/2025\/02\/IMG_6807-e1738537992268-862x1536.png 862w, https:\/\/parashopnarimel.com\/wp-content\/uploads\/2025\/02\/IMG_6807-e1738537992268-1149x2048.png 1149w, https:\/\/parashopnarimel.com\/wp-content\/uploads\/2025\/02\/IMG_6807-e1738537992268-150x267.png 150w, https:\/\/parashopnarimel.com\/wp-content\/uploads\/2025\/02\/IMG_6807-e1738537992268.png 1176w\" sizes=\"(max-width: 168px) 100vw, 168px\" \/><img loading=\"lazy\" decoding=\"async\" class=\"alignnone size-medium wp-image-12525\" src=\"https:\/\/parashopnarimel.com\/wp-content\/uploads\/2025\/02\/IMG_6805-e1738538271940-167x300.png\" alt=\"\" width=\"167\" height=\"300\" srcset=\"https:\/\/parashopnarimel.com\/wp-content\/uploads\/2025\/02\/IMG_6805-e1738538271940-167x300.png 167w, https:\/\/parashopnarimel.com\/wp-content\/uploads\/2025\/02\/IMG_6805-e1738538271940-570x1024.png 570w, https:\/\/parashopnarimel.com\/wp-content\/uploads\/2025\/02\/IMG_6805-e1738538271940-768x1380.png 768w, https:\/\/parashopnarimel.com\/wp-content\/uploads\/2025\/02\/IMG_6805-e1738538271940-855x1536.png 855w, https:\/\/parashopnarimel.com\/wp-content\/uploads\/2025\/02\/IMG_6805-e1738538271940-1140x2048.png 1140w, https:\/\/parashopnarimel.com\/wp-content\/uploads\/2025\/02\/IMG_6805-e1738538271940-150x270.png 150w, https:\/\/parashopnarimel.com\/wp-content\/uploads\/2025\/02\/IMG_6805-e1738538271940.png 1176w\" sizes=\"(max-width: 167px) 100vw, 167px\" \/><\/p>","protected":false},"featured_media":12522,"comment_status":"open","ping_status":"closed","template":"","meta":[],"product_brand":[],"product_cat":[2888,2902],"product_tag":[],"class_list":{"0":"post-12519","1":"product","2":"type-product","3":"status-publish","4":"has-post-thumbnail","6":"product_cat-hygiene-bucco-dentaire","7":"product_cat-patchs","9":"first","10":"instock","11":"sale","12":"shipping-taxable","13":"purchasable","14":"product-type-simple"},"_links":{"self":[{"href":"https:\/\/parashopnarimel.com\/ar\/wp-json\/wp\/v2\/product\/12519","targetHints":{"allow":["GET"]}}],"collection":[{"href":"https:\/\/parashopnarimel.com\/ar\/wp-json\/wp\/v2\/product"}],"about":[{"href":"https:\/\/parashopnarimel.com\/ar\/wp-json\/wp\/v2\/types\/product"}],"replies":[{"embeddable":true,"href":"https:\/\/parashopnarimel.com\/ar\/wp-json\/wp\/v2\/comments?post=12519"}],"version-history":[{"count":4,"href":"https:\/\/parashopnarimel.com\/ar\/wp-json\/wp\/v2\/product\/12519\/revisions"}],"predecessor-version":[{"id":12536,"href":"https:\/\/parashopnarimel.com\/ar\/wp-json\/wp\/v2\/product\/12519\/revisions\/12536"}],"wp:featuredmedia":[{"embeddable":true,"href":"https:\/\/parashopnarimel.com\/ar\/wp-json\/wp\/v2\/media\/12522"}],"wp:attachment":[{"href":"https:\/\/parashopnarimel.com\/ar\/wp-json\/wp\/v2\/media?parent=12519"}],"wp:term":[{"taxonomy":"product_brand","embeddable":true,"href":"https:\/\/parashopnarimel.com\/ar\/wp-json\/wp\/v2\/product_brand?post=12519"},{"taxonomy":"product_cat","embeddable":true,"href":"https:\/\/parashopnarimel.com\/ar\/wp-json\/wp\/v2\/product_cat?post=12519"},{"taxonomy":"product_tag","embeddable":true,"href":"https:\/\/parashopnarimel.com\/ar\/wp-json\/wp\/v2\/product_tag?post=12519"}],"curies":[{"name":"wp","href":"https:\/\/api.w.org\/{rel}","templated":true}]}}