{"id":12528,"date":"2025-02-03T08:26:24","date_gmt":"2025-02-03T08:26:24","guid":{"rendered":"https:\/\/parashopnarimel.com\/?post_type=product&#038;p=12528"},"modified":"2025-02-03T08:26:24","modified_gmt":"2025-02-03T08:26:24","slug":"nutraxin-vitamine-c-lp-comprimes","status":"publish","type":"product","link":"https:\/\/parashopnarimel.com\/ar\/product\/nutraxin-vitamine-c-lp-comprimes\/","title":{"rendered":"Nutraxin vitamine C LP ( comprim\u00e9s)"},"content":{"rendered":"<p id=\"tw-target-text\" class=\"tw-data-text tw-text-large tw-ta\" dir=\"ltr\" data-placeholder=\"Traduction\"><span class=\"Y2IQFc\" lang=\"fr\">Nutraxin Vitamine C. Ce sera votre plus grand soutien pour renforcer votre syst\u00e8me immunitaire avec une grande quantit\u00e9 de vitamine C dans chaque comprim\u00e9. Avec sa formule Time-Release (lib\u00e9ration prolong\u00e9e), il met en \u0153uvre des bienfaits tout au long de la journ\u00e9e.<\/span><\/p>\n<p class=\"tw-data-text tw-text-large tw-ta\" dir=\"ltr\" data-placeholder=\"Traduction\"><span class=\"Y2IQFc\" lang=\"fr\">\u201dLa vitamine C contribue au fonctionnement normal du syst\u00e8me immunitaire<\/span><\/p>\n<p dir=\"ltr\" data-placeholder=\"Traduction\"><strong>Compositions:<\/strong><\/p>\n<p dir=\"ltr\" data-placeholder=\"Traduction\">acide L ascorbique , cellulose monocristalline , st\u00e9arate de magn\u00e9sium , dioxyde de silicium<\/p>\n<p dir=\"ltr\" data-placeholder=\"Traduction\"><strong>Conseils d&rsquo;utilisation:<\/strong>\u00a0il est recommand\u00e9 de prendre un comprim\u00e9 par jour avec un verre d&rsquo;eau<\/p>\n<p dir=\"ltr\" data-placeholder=\"Traduction\">","protected":false},"excerpt":{"rendered":"<p>Nutraxin Vitamine C. Ce sera votre plus grand soutien pour renforcer votre syst\u00e8me immunitaire avec une grande quantit\u00e9 de vitamine C dans chaque comprim\u00e9. Avec sa formule Time-Release (lib\u00e9ration prolong\u00e9e), il met en \u0153uvre des bienfaits tout au long de la journ\u00e9e.<\/p>\n<p>SANS GLUTEN<\/p>\n<p>SANS AMIDON<\/p>\n<p>SANS SUCRE<\/p>\n<p>\u201dLa vitamine C contribue au fonctionnement normal du syst\u00e8me immunitaire<\/p>","protected":false},"featured_media":12529,"comment_status":"open","ping_status":"closed","template":"","meta":[],"product_brand":[],"product_cat":[2890],"product_tag":[],"class_list":{"0":"post-12528","1":"product","2":"type-product","3":"status-publish","4":"has-post-thumbnail","6":"product_cat-complements-alimentaires","8":"first","9":"instock","10":"shipping-taxable","11":"purchasable","12":"product-type-simple"},"_links":{"self":[{"href":"https:\/\/parashopnarimel.com\/ar\/wp-json\/wp\/v2\/product\/12528","targetHints":{"allow":["GET"]}}],"collection":[{"href":"https:\/\/parashopnarimel.com\/ar\/wp-json\/wp\/v2\/product"}],"about":[{"href":"https:\/\/parashopnarimel.com\/ar\/wp-json\/wp\/v2\/types\/product"}],"replies":[{"embeddable":true,"href":"https:\/\/parashopnarimel.com\/ar\/wp-json\/wp\/v2\/comments?post=12528"}],"version-history":[{"count":1,"href":"https:\/\/parashopnarimel.com\/ar\/wp-json\/wp\/v2\/product\/12528\/revisions"}],"predecessor-version":[{"id":12530,"href":"https:\/\/parashopnarimel.com\/ar\/wp-json\/wp\/v2\/product\/12528\/revisions\/12530"}],"wp:featuredmedia":[{"embeddable":true,"href":"https:\/\/parashopnarimel.com\/ar\/wp-json\/wp\/v2\/media\/12529"}],"wp:attachment":[{"href":"https:\/\/parashopnarimel.com\/ar\/wp-json\/wp\/v2\/media?parent=12528"}],"wp:term":[{"taxonomy":"product_brand","embeddable":true,"href":"https:\/\/parashopnarimel.com\/ar\/wp-json\/wp\/v2\/product_brand?post=12528"},{"taxonomy":"product_cat","embeddable":true,"href":"https:\/\/parashopnarimel.com\/ar\/wp-json\/wp\/v2\/product_cat?post=12528"},{"taxonomy":"product_tag","embeddable":true,"href":"https:\/\/parashopnarimel.com\/ar\/wp-json\/wp\/v2\/product_tag?post=12528"}],"curies":[{"name":"wp","href":"https:\/\/api.w.org\/{rel}","templated":true}]}}