{"id":12531,"date":"2025-02-03T08:29:10","date_gmt":"2025-02-03T08:29:10","guid":{"rendered":"https:\/\/parashopnarimel.com\/?post_type=product&#038;p=12531"},"modified":"2025-02-03T09:39:19","modified_gmt":"2025-02-03T09:39:19","slug":"devlor-collagene-biotine-vitamine-c-nutraxin-boite-de-30","status":"publish","type":"product","link":"https:\/\/parashopnarimel.com\/ar\/product\/devlor-collagene-biotine-vitamine-c-nutraxin-boite-de-30\/","title":{"rendered":"D\u00c9VLOR COLLAGENE + BIOTINE + VITAMINE C NUTRAXIN BOITE DE 30"},"content":{"rendered":"<p><strong>Devlor Collag\u00e8ne + Biotine<\/strong>\u00a0est un compl\u00e9ment alimentaire formul\u00e9 pour soutenir la beaut\u00e9 et la sant\u00e9 de la peau, des cheveux et des ongles. Il associe deux ingr\u00e9dients cl\u00e9s, le collag\u00e8ne et la biotine, qui agissent en synergie pour offrir des b\u00e9n\u00e9fices anti-\u00e2ge, renforcer les cheveux et am\u00e9liorer la fermet\u00e9 de la peau.<\/p>\n<p id=\"tw-target-text\" class=\"tw-data-text tw-text-large tw-ta\" dir=\"ltr\" data-placeholder=\"Traduction\"><span class=\"Y2IQFc\" lang=\"fr\">Nutraxin Vitamine C. Ce sera votre plus grand soutien pour renforcer votre syst\u00e8me immunitaire avec une grande quantit\u00e9 de vitamine C dans chaque comprim\u00e9. Avec sa formule Time-Release (lib\u00e9ration prolong\u00e9e), il met en \u0153uvre des bienfaits tout au long de la journ\u00e9e.<\/span><\/p>\n<p class=\"tw-data-text tw-text-large tw-ta\" dir=\"ltr\" data-placeholder=\"Traduction\"><span class=\"Y2IQFc\" lang=\"fr\">\u201dLa vitamine C contribue au fonctionnement normal du syst\u00e8me immunitaire<\/span><\/p>\n<h3 id=\"bnfices\"><strong>B\u00e9n\u00e9fices :<\/strong><\/h3>\n<ul>\n<li><strong>Renforce la structure de la peau<\/strong>\u00a0: Le collag\u00e8ne aide \u00e0 am\u00e9liorer l\u2019\u00e9lasticit\u00e9 et la fermet\u00e9 de la peau, contribuant \u00e0 r\u00e9duire l\u2019apparence des rides et \u00e0 pr\u00e9venir le rel\u00e2chement cutan\u00e9.<\/li>\n<li><strong>Favorise la croissance des cheveux<\/strong>\u00a0: La biotine (vitamine B7) est essentielle pour la sant\u00e9 des cheveux, favorisant leur croissance et les rendant plus r\u00e9sistants.<\/li>\n<li><strong>Am\u00e9liore la sant\u00e9 des ongles<\/strong>\u00a0: Ce compl\u00e9ment renforce les ongles, les rendant moins susceptibles de se casser ou de se d\u00e9doubler.<\/li>\n<li><strong>Effet anti-\u00e2ge<\/strong> : Le collag\u00e8ne aide \u00e0 maintenir l\u2019hydratation et la souplesse de la peau, retardant ainsi les signes visibles du vieillissement.<\/li>\n<\/ul>\n<p>Ce compl\u00e9ment est id\u00e9al pour ceux qui souhaitent une solution compl\u00e8te pour lutter contre les signes du vieillissement tout en am\u00e9liorant l\u2019apparence et la sant\u00e9 de leurs cheveux et ongles<\/p>\n<p><strong>CONSEILS d&rsquo;utilisation:<\/strong><\/p>\n<p>il est recommand\u00e9 de prendre un comprim\u00e9 par jour DE CHAQUE avec un verre d&rsquo;eau<\/p>\n<p>&nbsp;<\/p>","protected":false},"excerpt":{"rendered":"<h2><strong>Collag\u00e8ne 1000 + Biotine + VITAMINE C 1 GRAMME<\/strong><\/h2>\n<p>CURE DE 1 MOIS<\/p>\n<p><img fetchpriority=\"high\" decoding=\"async\" class=\"size-medium wp-image-12529\" src=\"https:\/\/parashopnarimel.com\/wp-content\/uploads\/2025\/02\/protege-contre-les-rougeurs-et-les-irritations.-45-e1738570930739-300x270.jpg\" alt=\"\" width=\"300\" height=\"270\" srcset=\"https:\/\/parashopnarimel.com\/wp-content\/uploads\/2025\/02\/protege-contre-les-rougeurs-et-les-irritations.-45-e1738570930739-300x270.jpg 300w, https:\/\/parashopnarimel.com\/wp-content\/uploads\/2025\/02\/protege-contre-les-rougeurs-et-les-irritations.-45-e1738570930739-1024x922.jpg 1024w, https:\/\/parashopnarimel.com\/wp-content\/uploads\/2025\/02\/protege-contre-les-rougeurs-et-les-irritations.-45-e1738570930739-768x691.jpg 768w, https:\/\/parashopnarimel.com\/wp-content\/uploads\/2025\/02\/protege-contre-les-rougeurs-et-les-irritations.-45-e1738570930739-1200x1080.jpg 1200w, https:\/\/parashopnarimel.com\/wp-content\/uploads\/2025\/02\/protege-contre-les-rougeurs-et-les-irritations.-45-e1738570930739-150x135.jpg 150w, https:\/\/parashopnarimel.com\/wp-content\/uploads\/2025\/02\/protege-contre-les-rougeurs-et-les-irritations.-45-e1738570930739.jpg 1280w\" sizes=\"(max-width: 300px) 100vw, 300px\" \/><img decoding=\"async\" class=\"alignnone size-full wp-image-12510\" src=\"https:\/\/parashopnarimel.com\/wp-content\/uploads\/2025\/02\/images-6.jpeg\" alt=\"\" width=\"225\" height=\"225\" srcset=\"https:\/\/parashopnarimel.com\/wp-content\/uploads\/2025\/02\/images-6.jpeg 225w, https:\/\/parashopnarimel.com\/wp-content\/uploads\/2025\/02\/images-6-150x150.jpeg 150w\" sizes=\"(max-width: 225px) 100vw, 225px\" \/><img decoding=\"async\" class=\"alignnone size-full wp-image-12512\" src=\"https:\/\/parashopnarimel.com\/wp-content\/uploads\/2025\/02\/images-5.jpeg\" alt=\"\" width=\"225\" height=\"225\" srcset=\"https:\/\/parashopnarimel.com\/wp-content\/uploads\/2025\/02\/images-5.jpeg 225w, https:\/\/parashopnarimel.com\/wp-content\/uploads\/2025\/02\/images-5-150x150.jpeg 150w\" sizes=\"(max-width: 225px) 100vw, 225px\" \/><\/p>\n<p>&nbsp;<\/p>","protected":false},"featured_media":12532,"comment_status":"open","ping_status":"closed","template":"","meta":[],"product_brand":[],"product_cat":[2890],"product_tag":[],"class_list":{"0":"post-12531","1":"product","2":"type-product","3":"status-publish","4":"has-post-thumbnail","6":"product_cat-complements-alimentaires","8":"first","9":"instock","10":"sale","11":"shipping-taxable","12":"purchasable","13":"product-type-simple"},"_links":{"self":[{"href":"https:\/\/parashopnarimel.com\/ar\/wp-json\/wp\/v2\/product\/12531","targetHints":{"allow":["GET"]}}],"collection":[{"href":"https:\/\/parashopnarimel.com\/ar\/wp-json\/wp\/v2\/product"}],"about":[{"href":"https:\/\/parashopnarimel.com\/ar\/wp-json\/wp\/v2\/types\/product"}],"replies":[{"embeddable":true,"href":"https:\/\/parashopnarimel.com\/ar\/wp-json\/wp\/v2\/comments?post=12531"}],"version-history":[{"count":3,"href":"https:\/\/parashopnarimel.com\/ar\/wp-json\/wp\/v2\/product\/12531\/revisions"}],"predecessor-version":[{"id":12535,"href":"https:\/\/parashopnarimel.com\/ar\/wp-json\/wp\/v2\/product\/12531\/revisions\/12535"}],"wp:featuredmedia":[{"embeddable":true,"href":"https:\/\/parashopnarimel.com\/ar\/wp-json\/wp\/v2\/media\/12532"}],"wp:attachment":[{"href":"https:\/\/parashopnarimel.com\/ar\/wp-json\/wp\/v2\/media?parent=12531"}],"wp:term":[{"taxonomy":"product_brand","embeddable":true,"href":"https:\/\/parashopnarimel.com\/ar\/wp-json\/wp\/v2\/product_brand?post=12531"},{"taxonomy":"product_cat","embeddable":true,"href":"https:\/\/parashopnarimel.com\/ar\/wp-json\/wp\/v2\/product_cat?post=12531"},{"taxonomy":"product_tag","embeddable":true,"href":"https:\/\/parashopnarimel.com\/ar\/wp-json\/wp\/v2\/product_tag?post=12531"}],"curies":[{"name":"wp","href":"https:\/\/api.w.org\/{rel}","templated":true}]}}