{"id":12538,"date":"2025-02-03T11:01:49","date_gmt":"2025-02-03T11:01:49","guid":{"rendered":"https:\/\/parashopnarimel.com\/?post_type=product&#038;p=12538"},"modified":"2025-02-03T11:19:43","modified_gmt":"2025-02-03T11:19:43","slug":"bpn-biophytonutrial-magnesium-bisglycinate-500mg40-gelules","status":"publish","type":"product","link":"https:\/\/parashopnarimel.com\/ar\/product\/bpn-biophytonutrial-magnesium-bisglycinate-500mg40-gelules\/","title":{"rendered":"Bpn Biophytonutrial Magnesium Bisglycinate 500MG(40 Gelules)"},"content":{"rendered":"<ul>\n<li>\n<h5><b>\u00a0Le\u00a0<\/b><strong>magn\u00e9sium\u00a0<\/strong>est un sel min\u00e9ral qui a un r\u00f4le tr\u00e8s important dans de nombreuses r\u00e9actions enzymatiques intracellulaires. Il participe aussi \u00e0 la transmission neuromusculaire de l\u2019influx nerveux. Il est souvent consid\u00e9r\u00e9 comme \u00ab\u00a0l\u2019anti-stress\u00a0\u00bb naturel.<\/h5>\n<\/li>\n<li>\n<h5>Le<b>\u00a0bisglycinate de magn\u00e9sium\u00a0<\/b>est une forme dans laquelle le magn\u00e9sium est li\u00e9 \u00e0 la glycine (un acide amin\u00e9) qui facilite son absorption et permet de diminuer fortement la fatigue, lutter contre le stress, l\u2019insomnie, la nervosit\u00e9, les troubles de l\u2019attention, les troubles de l\u2019humeur, du sommeil et de l\u2019anxi\u00e9t\u00e9.<\/h5>\n<h4>1 \u00e0 2 g\u00e9lules par jour<\/h4>\n<\/li>\n<\/ul>\n<p>&nbsp;<\/p>","protected":false},"excerpt":{"rendered":"<p>Magnesium Bisglycinate 500MG<\/p>\n<h4>(40 Gelules)<\/h4>","protected":false},"featured_media":12539,"comment_status":"open","ping_status":"closed","template":"","meta":[],"product_brand":[],"product_cat":[2890],"product_tag":[],"class_list":{"0":"post-12538","1":"product","2":"type-product","3":"status-publish","4":"has-post-thumbnail","6":"product_cat-complements-alimentaires","8":"first","9":"instock","10":"shipping-taxable","11":"purchasable","12":"product-type-simple"},"_links":{"self":[{"href":"https:\/\/parashopnarimel.com\/ar\/wp-json\/wp\/v2\/product\/12538","targetHints":{"allow":["GET"]}}],"collection":[{"href":"https:\/\/parashopnarimel.com\/ar\/wp-json\/wp\/v2\/product"}],"about":[{"href":"https:\/\/parashopnarimel.com\/ar\/wp-json\/wp\/v2\/types\/product"}],"replies":[{"embeddable":true,"href":"https:\/\/parashopnarimel.com\/ar\/wp-json\/wp\/v2\/comments?post=12538"}],"version-history":[{"count":1,"href":"https:\/\/parashopnarimel.com\/ar\/wp-json\/wp\/v2\/product\/12538\/revisions"}],"predecessor-version":[{"id":12540,"href":"https:\/\/parashopnarimel.com\/ar\/wp-json\/wp\/v2\/product\/12538\/revisions\/12540"}],"wp:featuredmedia":[{"embeddable":true,"href":"https:\/\/parashopnarimel.com\/ar\/wp-json\/wp\/v2\/media\/12539"}],"wp:attachment":[{"href":"https:\/\/parashopnarimel.com\/ar\/wp-json\/wp\/v2\/media?parent=12538"}],"wp:term":[{"taxonomy":"product_brand","embeddable":true,"href":"https:\/\/parashopnarimel.com\/ar\/wp-json\/wp\/v2\/product_brand?post=12538"},{"taxonomy":"product_cat","embeddable":true,"href":"https:\/\/parashopnarimel.com\/ar\/wp-json\/wp\/v2\/product_cat?post=12538"},{"taxonomy":"product_tag","embeddable":true,"href":"https:\/\/parashopnarimel.com\/ar\/wp-json\/wp\/v2\/product_tag?post=12538"}],"curies":[{"name":"wp","href":"https:\/\/api.w.org\/{rel}","templated":true}]}}