{"id":12542,"date":"2025-02-03T13:57:18","date_gmt":"2025-02-03T13:57:18","guid":{"rendered":"https:\/\/parashopnarimel.com\/?post_type=product&#038;p=12542"},"modified":"2025-02-03T13:57:18","modified_gmt":"2025-02-03T13:57:18","slug":"filorga-oxygen-glow-mask-75-ml","status":"publish","type":"product","link":"https:\/\/parashopnarimel.com\/ar\/product\/filorga-oxygen-glow-mask-75-ml\/","title":{"rendered":"Filorga Oxygen Glow Mask 75 ml"},"content":{"rendered":"<h2>FILORGA | FILORGA OXYGEN GLOW MASK 75 ML<\/h2>\n<p><strong>Filorga Oxygen Glow Mask<\/strong>\u00a0est un\u00a0<strong>masque<\/strong>\u00a0con\u00e7u pour\u00a0<strong>unifier, lisser, hydrater et illuminer<\/strong>\u00a0la peau.<\/p>\n<p><strong>Propri\u00e9t\u00e9s :<\/strong><\/p>\n<ul>\n<li>Hydrate en profondeur.<\/li>\n<li>Lisse et repulpe la peau.<\/li>\n<li>\u00c9limine les impuret\u00e9s.<\/li>\n<li>Illumine et unifie le teint.<\/li>\n<li>Affine le grain de peau.<\/li>\n<li>Att\u00e9nue les ridules.<\/li>\n<\/ul>\n<p>*Convient \u00e0 tous les types de peaux. Non com\u00e9dog\u00e8ne.<\/p>\n<h3>MODE D\u2019EMPLOI<\/h3>\n<p><b><strong>Comment appliquer\u00a0Filorga Oxygen Glow Mask ?<\/strong><\/b><\/p>\n<p>Appliquer 1 \u00e0 3 fois par semaine en couche g\u00e9n\u00e9reuse sur la peau propre et s\u00e8che du visage, cou et d\u00e9collet\u00e9. Laisser agir 10 min. Retirer avec un coton humide.<\/p>\n<p>Peut \u00e9galement s\u2019utiliser quotidiennement en cure de 7 jours pour un effet superperfecteur intense.<\/p>\n<h3>COMPOSITION<\/h3>\n<p>AQUA (WATER, EAU), GLYCERIN, PROPANEDIOL, SYNTHETIC FLUORPHLOGOPITE, PRUNUS AMYGDALUS DULCIS (SWEET ALMOND) OIL, GLUCONOLACTONE, GLYCERYL STEARATE, PEG-100 STEARATE, CI 77891 (TITANIUM DIOXIDE), ARACHIDYL ALCOHOL, AMMONIUM ACRYLOYLDIMETHYLTAURATE\/VP COPOLYMER, OCTYLDODECANOL, CETYL ALCOHOL, BEHENYL ALCOHOL, CERA ALBA (BEESWAX, CIRE D\u2019ABEILLE), PHENOXYETHANOL, SODIUM HYDROXIDE, HYDROLYZED LUPINE PROTEIN, ARACHIDYL GLUCOSIDE, PARFUM (FRAGRANCE), ETHYLHEXYL SALICYLATE, CHLORPHENESIN, TIN OXIDE, SODIUM HYALURONATE, XANTHAN GUM, CITRUS PARADISI (GRAPEFRUIT) FRUIT EXTRACT, PROPAEOLUM MAJUS FLOWER\/LEAF\/STEM EXTRACT, HYDROGENATED POLYDECENE, BUTYL METHOXYDIBENZOYLMETHANE, TOCOPHEROL, HELIANTHUS ANNUUS (SUNFLOWER) SEED OIL, SUCROSE PALMITATE, DIETHYLHEXYL SYRINGYLIDENEMALONATE, HYDROXYSTEARIC ACID, PAPAIN, CITRIC ACID, ALUMINA, GLYCERYL LINOLEATE, SODIUM CHLORIDE, 1,2-HEXANEDIOL, CAPRYLYL GLYCOL, CARBOMER, ETHYLHEXYGLYCERIN, FOLIC ACID, ALGIN, CI 17200 (RED 33), GLUCOSE, POTASSIUM CHLORIDE, SUPEROXIDE DISMUTASE, POTASSIUM SORBATE, CALCIUM CHLORIDE, MAGNESIUM SULFATE, GLUTAMINE, SODIUM PHOSPHATE, ASCORBIC ACID, SODIUM ACETATE, LYSINE HCL, ARGININE HCL, ALANINE, HISTIDINE HCL, VALINE, LEUCINE, THREONINE, ISOLEUCINE, TRYPTOPHAN, PHENYLALANINE, TYROSINE, GLYCINE, POLYSORBATE 80, SERINE, CYSTINE, CYANOCOBALAMIN, GLUTATHIONE, ASPARAGINE, ASPARTIC ACID, ORNITHINE HCL, GLUTAMIC ACID, NICOTINAMIDE ADENINE DINUCLEOTIDE, PROLINE, METHIONINE, TAURINE, HYDROXYPROLINE, GLUCOSAMINE HCL, COENZYME A, SODIUM GLUCURONATE, THIAMINE DIPHOSPHATE, RETINYL ACETATE, INOSITOL, NIACIN, NIACINAMIDE, PYRIDOXINE HCL, BIOTIN, CALCIUM PANTOTHENATE, RIBOFLAVIN, SODIUM TOCOPHERYL PHOSPHATE, THIAMINE HCL.<\/p>\n<p>&nbsp;<\/p>\n<div id=\"jp-relatedposts\" class=\"jp-relatedposts\"><\/div>\n<p>&nbsp;<\/p>","protected":false},"excerpt":{"rendered":"<h3><img fetchpriority=\"high\" decoding=\"async\" class=\"alignnone wp-image-12546 size-medium\" src=\"https:\/\/parashopnarimel.com\/wp-content\/uploads\/2025\/02\/filorga-oxygen-glow-mask-75ml-300x300.jpg\" alt=\"\" width=\"300\" height=\"300\" srcset=\"https:\/\/parashopnarimel.com\/wp-content\/uploads\/2025\/02\/filorga-oxygen-glow-mask-75ml-300x300.jpg 300w, https:\/\/parashopnarimel.com\/wp-content\/uploads\/2025\/02\/filorga-oxygen-glow-mask-75ml-150x150.jpg 150w, https:\/\/parashopnarimel.com\/wp-content\/uploads\/2025\/02\/filorga-oxygen-glow-mask-75ml-768x768.jpg 768w, https:\/\/parashopnarimel.com\/wp-content\/uploads\/2025\/02\/filorga-oxygen-glow-mask-75ml-600x600.jpg 600w, https:\/\/parashopnarimel.com\/wp-content\/uploads\/2025\/02\/filorga-oxygen-glow-mask-75ml.jpg 800w\" sizes=\"(max-width: 300px) 100vw, 300px\" \/><img decoding=\"async\" class=\"alignnone size-medium wp-image-12545\" src=\"https:\/\/parashopnarimel.com\/wp-content\/uploads\/2025\/02\/OXYGEN-GLOW-MASK-Masque-Super-Perfecteur-Express-2-600x600-1-300x300.png\" alt=\"\" width=\"300\" height=\"300\" srcset=\"https:\/\/parashopnarimel.com\/wp-content\/uploads\/2025\/02\/OXYGEN-GLOW-MASK-Masque-Super-Perfecteur-Express-2-600x600-1-300x300.png 300w, https:\/\/parashopnarimel.com\/wp-content\/uploads\/2025\/02\/OXYGEN-GLOW-MASK-Masque-Super-Perfecteur-Express-2-600x600-1-150x150.png 150w, https:\/\/parashopnarimel.com\/wp-content\/uploads\/2025\/02\/OXYGEN-GLOW-MASK-Masque-Super-Perfecteur-Express-2-600x600-1.png 600w\" sizes=\"(max-width: 300px) 100vw, 300px\" \/><img decoding=\"async\" class=\"alignnone size-medium wp-image-12543\" src=\"https:\/\/parashopnarimel.com\/wp-content\/uploads\/2025\/02\/OXYGEN-GLOW-MASK-Masque-Super-Perfecteur-Express-1-300x300.png\" alt=\"\" width=\"300\" height=\"300\" srcset=\"https:\/\/parashopnarimel.com\/wp-content\/uploads\/2025\/02\/OXYGEN-GLOW-MASK-Masque-Super-Perfecteur-Express-1-300x300.png 300w, https:\/\/parashopnarimel.com\/wp-content\/uploads\/2025\/02\/OXYGEN-GLOW-MASK-Masque-Super-Perfecteur-Express-1-150x150.png 150w, https:\/\/parashopnarimel.com\/wp-content\/uploads\/2025\/02\/OXYGEN-GLOW-MASK-Masque-Super-Perfecteur-Express-1-768x768.png 768w, https:\/\/parashopnarimel.com\/wp-content\/uploads\/2025\/02\/OXYGEN-GLOW-MASK-Masque-Super-Perfecteur-Express-1-600x600.png 600w, https:\/\/parashopnarimel.com\/wp-content\/uploads\/2025\/02\/OXYGEN-GLOW-MASK-Masque-Super-Perfecteur-Express-1.png 1000w\" sizes=\"(max-width: 300px) 100vw, 300px\" \/><\/h3>\n<h3>Masque facial pour lisser, d\u00e9toxifier et adoucir la peau<\/h3>\n<h3>75ml<\/h3>\n<p>&nbsp;<\/p>","protected":false},"featured_media":12543,"comment_status":"open","ping_status":"closed","template":"","meta":[],"product_brand":[],"product_cat":[96,2910],"product_tag":[],"class_list":{"0":"post-12542","1":"product","2":"type-product","3":"status-publish","4":"has-post-thumbnail","6":"product_cat-non-classe","7":"product_cat-masques","9":"first","10":"instock","11":"sale","12":"shipping-taxable","13":"purchasable","14":"product-type-simple"},"_links":{"self":[{"href":"https:\/\/parashopnarimel.com\/ar\/wp-json\/wp\/v2\/product\/12542","targetHints":{"allow":["GET"]}}],"collection":[{"href":"https:\/\/parashopnarimel.com\/ar\/wp-json\/wp\/v2\/product"}],"about":[{"href":"https:\/\/parashopnarimel.com\/ar\/wp-json\/wp\/v2\/types\/product"}],"replies":[{"embeddable":true,"href":"https:\/\/parashopnarimel.com\/ar\/wp-json\/wp\/v2\/comments?post=12542"}],"version-history":[{"count":1,"href":"https:\/\/parashopnarimel.com\/ar\/wp-json\/wp\/v2\/product\/12542\/revisions"}],"predecessor-version":[{"id":12547,"href":"https:\/\/parashopnarimel.com\/ar\/wp-json\/wp\/v2\/product\/12542\/revisions\/12547"}],"wp:featuredmedia":[{"embeddable":true,"href":"https:\/\/parashopnarimel.com\/ar\/wp-json\/wp\/v2\/media\/12543"}],"wp:attachment":[{"href":"https:\/\/parashopnarimel.com\/ar\/wp-json\/wp\/v2\/media?parent=12542"}],"wp:term":[{"taxonomy":"product_brand","embeddable":true,"href":"https:\/\/parashopnarimel.com\/ar\/wp-json\/wp\/v2\/product_brand?post=12542"},{"taxonomy":"product_cat","embeddable":true,"href":"https:\/\/parashopnarimel.com\/ar\/wp-json\/wp\/v2\/product_cat?post=12542"},{"taxonomy":"product_tag","embeddable":true,"href":"https:\/\/parashopnarimel.com\/ar\/wp-json\/wp\/v2\/product_tag?post=12542"}],"curies":[{"name":"wp","href":"https:\/\/api.w.org\/{rel}","templated":true}]}}