{"id":12570,"date":"2025-02-05T11:58:45","date_gmt":"2025-02-05T11:58:45","guid":{"rendered":"https:\/\/parashopnarimel.com\/?post_type=product&#038;p=12570"},"modified":"2025-04-25T08:32:39","modified_gmt":"2025-04-25T08:32:39","slug":"nutraxin-omega-3-2000mg","status":"publish","type":"product","link":"https:\/\/parashopnarimel.com\/ar\/product\/nutraxin-omega-3-2000mg\/","title":{"rendered":"Nutraxin Omega-3 2000mg"},"content":{"rendered":"<div class=\"elementor-element elementor-element-7db91e6b elementor-widget elementor-widget-jet-listing-dynamic-field\" data-id=\"7db91e6b\" data-element_type=\"widget\" data-widget_type=\"jet-listing-dynamic-field.default\">\n<div class=\"elementor-widget-container\">\n<div class=\"jet-listing jet-listing-dynamic-field display-inline\">\n<div class=\"jet-listing-dynamic-field__inline-wrap\">\n<div class=\"jet-listing-dynamic-field__content\">\n<p>Nutraxine Om\u00e9ga-3 2000 mg; L\u2019EPA et le DHA sont des huiles de poisson contenant des acides gras om\u00e9ga-3. Om\u00e9ga-3 2000 mg ne contient pas de m\u00e9taux lourds. Il est certifi\u00e9 IFOS.<\/p>\n<p>L\u2019EPA et le DHA contribuent au fonctionnement normal du c\u0153ur.<\/p>\n<\/div>\n<\/div>\n<\/div>\n<\/div>\n<\/div>\n<div class=\"elementor-element elementor-element-251034fa elementor-widget elementor-widget-heading\" data-id=\"251034fa\" data-element_type=\"widget\" data-widget_type=\"heading.default\"><\/div>\n<p>&nbsp;<\/p>","protected":false},"excerpt":{"rendered":"<div class=\"elementor-element elementor-element-7db91e6b elementor-widget elementor-widget-jet-listing-dynamic-field\" data-id=\"7db91e6b\" data-element_type=\"widget\" data-widget_type=\"jet-listing-dynamic-field.default\">\n<div class=\"elementor-widget-container\">\n<div class=\"jet-listing jet-listing-dynamic-field display-inline\">\n<div class=\"jet-listing-dynamic-field__inline-wrap\">\n<div class=\"jet-listing-dynamic-field__content\">\n<div class=\"elementor-element elementor-element-7db91e6b elementor-widget elementor-widget-jet-listing-dynamic-field\" data-id=\"7db91e6b\" data-element_type=\"widget\" data-widget_type=\"jet-listing-dynamic-field.default\">\n<div class=\"elementor-widget-container\">\n<div class=\"jet-listing jet-listing-dynamic-field display-inline\">\n<div class=\"jet-listing-dynamic-field__inline-wrap\">\n<div class=\"jet-listing-dynamic-field__content\">\n<h3><strong>Nutraxin Omega-3 2000mg<\/strong><\/h3>\n<p>Nutraxine Om\u00e9ga-3 2000 mg; L\u2019EPA et le DHA sont des huiles de poisson contenant des acides gras om\u00e9ga-3. Om\u00e9ga-3 2000 mg ne contient pas de m\u00e9taux lourds. Il est certifi\u00e9 IFOS.<\/p>\n<p>L\u2019EPA et le DHA contribuent au fonctionnement normal du c\u0153ur.<\/p>\n<\/div>\n<\/div>\n<\/div>\n<\/div>\n<\/div>\n<div class=\"elementor-element elementor-element-251034fa elementor-widget elementor-widget-heading\" data-id=\"251034fa\" data-element_type=\"widget\" data-widget_type=\"heading.default\"><\/div>\n<\/div>\n<\/div>\n<\/div>\n<\/div>\n<\/div>\n<div class=\"elementor-element elementor-element-251034fa elementor-widget elementor-widget-heading\" data-id=\"251034fa\" data-element_type=\"widget\" data-widget_type=\"heading.default\"><\/div>\n<p>&nbsp;<\/p>","protected":false},"featured_media":12572,"comment_status":"open","ping_status":"closed","template":"","meta":[],"product_brand":[],"product_cat":[2890],"product_tag":[],"class_list":{"0":"post-12570","1":"product","2":"type-product","3":"status-publish","4":"has-post-thumbnail","6":"product_cat-complements-alimentaires","8":"first","9":"instock","10":"shipping-taxable","11":"purchasable","12":"product-type-simple"},"_links":{"self":[{"href":"https:\/\/parashopnarimel.com\/ar\/wp-json\/wp\/v2\/product\/12570","targetHints":{"allow":["GET"]}}],"collection":[{"href":"https:\/\/parashopnarimel.com\/ar\/wp-json\/wp\/v2\/product"}],"about":[{"href":"https:\/\/parashopnarimel.com\/ar\/wp-json\/wp\/v2\/types\/product"}],"replies":[{"embeddable":true,"href":"https:\/\/parashopnarimel.com\/ar\/wp-json\/wp\/v2\/comments?post=12570"}],"version-history":[{"count":2,"href":"https:\/\/parashopnarimel.com\/ar\/wp-json\/wp\/v2\/product\/12570\/revisions"}],"predecessor-version":[{"id":12573,"href":"https:\/\/parashopnarimel.com\/ar\/wp-json\/wp\/v2\/product\/12570\/revisions\/12573"}],"wp:featuredmedia":[{"embeddable":true,"href":"https:\/\/parashopnarimel.com\/ar\/wp-json\/wp\/v2\/media\/12572"}],"wp:attachment":[{"href":"https:\/\/parashopnarimel.com\/ar\/wp-json\/wp\/v2\/media?parent=12570"}],"wp:term":[{"taxonomy":"product_brand","embeddable":true,"href":"https:\/\/parashopnarimel.com\/ar\/wp-json\/wp\/v2\/product_brand?post=12570"},{"taxonomy":"product_cat","embeddable":true,"href":"https:\/\/parashopnarimel.com\/ar\/wp-json\/wp\/v2\/product_cat?post=12570"},{"taxonomy":"product_tag","embeddable":true,"href":"https:\/\/parashopnarimel.com\/ar\/wp-json\/wp\/v2\/product_tag?post=12570"}],"curies":[{"name":"wp","href":"https:\/\/api.w.org\/{rel}","templated":true}]}}